{"id":5744,"date":"2019-02-14T17:51:48","date_gmt":"2019-02-14T15:51:48","guid":{"rendered":"https:\/\/www.barefoot-baltics.ee\/product\/adas-apausi-2-1\/"},"modified":"2019-06-15T16:49:30","modified_gmt":"2019-06-15T13:49:30","slug":"adas-apausi-2-1","status":"publish","type":"product","link":"https:\/\/www.barefoot-baltics.ee\/lv\/produkts\/adas-apausi-2-1\/","title":{"rendered":"\u0100das apau\u0161i (2-1)"},"content":{"rendered":"<p>\u0160iem Barefoot apau\u0161iem ir divas nomain\u0101mas pakau\u0161a da\u013cas &#8211; abas ar zirgam draudz\u012bgu funkciju.<\/p>\n<p>Ja zirgs ir dro\u0161i j\u0101piesien, varat izmantot fiks\u0113to pakau\u0161a da\u013cu, kas izgatavota no m\u012bkstas nubuka \u0101das ar termiski elast\u012bgu polster\u0113jumu. T\u0101 forma veidota anatomiski, lai atbilstu zirga pakau\u0161a formai un netiktu rad\u012bts spiediens aiz aus\u012bm.<\/p>\n<p>Ja jums ir nepiecie\u0161ams zirgu piesiet apm\u0101c\u012bbu period\u0101 vai lai\u017eot gan\u012bb\u0101s, varat izmantot pakau\u0161a da\u013cu ar panikas atbr\u012bvo\u0161anas funkciju. Tas sast\u0101v no div\u0101m da\u013c\u0101m, kas savienotas ar velcro. Gad\u012bjum\u0101, ja zirgs kr\u012bt panik\u0101 vai apau\u0161i aiz kaut k\u0101 aiz\u0137eras, velcro stiprin\u0101jumi spiediena rezult\u0101t\u0101 atv\u0113rsies atbr\u012bvojot dz\u012bvnieku, t\u0101d\u0113j\u0101di izvairoties no visslikt\u0101k\u0101&#8230; Pakau\u0161a da\u013ca ir m\u012bksti polster\u0113ts ar \u012bstu j\u0113ra vilnu.<\/p>\n<p>Apau\u0161us viegli piel\u0101got jebkuram zirgam. Apak\u0161\u0113jais gredzens ir kust\u012bgs. Vaigu un purna sisknas ir m\u012bksti polster\u0113tas. Zem vaigu siksna ir dubulti sa\u0161\u016bta, un aizveras ar iztur\u012bgu karab\u012bni.<\/p>\n","protected":false},"excerpt":{"rendered":"<ul>\n<li>Smalki \u0101das apau\u0161i ar div\u0101m da\u017e\u0101d\u0101m pakau\u0161a da\u013c\u0101m<\/li>\n<li>Iztur\u012bgais variants ir anatomiski veidots un maigi polster\u0113ts<\/li>\n<li>Smalkais variants apr\u012bkots ar panikas atbr\u012bvo\u0161anas funkciju un m\u012bksti polster\u0113ts ar \u012bstu j\u0113ra vilnu<\/li>\n<\/ul>\n","protected":false},"featured_media":1729,"template":"","meta":[],"product_brand":[],"product_cat":[877],"product_tag":[851,838,837],"class_list":{"0":"post-5744","1":"product","2":"type-product","3":"status-publish","4":"has-post-thumbnail","6":"product_cat-iemaukti-iemauktu-dalas-apausi","7":"product_tag-ada","8":"product_tag-ipasi-drosi","9":"product_tag-ipasi-erti","10":"product_shipping_class-paku-stacija","11":"pa_size-1-cob-lv","12":"pa_size-2-full-lv","14":"first","15":"instock","16":"shipping-taxable","17":"purchasable","18":"product-type-variable"},"_links":{"self":[{"href":"https:\/\/www.barefoot-baltics.ee\/lv\/wp-json\/wp\/v2\/product\/5744","targetHints":{"allow":["GET"]}}],"collection":[{"href":"https:\/\/www.barefoot-baltics.ee\/lv\/wp-json\/wp\/v2\/product"}],"about":[{"href":"https:\/\/www.barefoot-baltics.ee\/lv\/wp-json\/wp\/v2\/types\/product"}],"wp:featuredmedia":[{"embeddable":true,"href":"https:\/\/www.barefoot-baltics.ee\/lv\/wp-json\/wp\/v2\/media\/1729"}],"wp:attachment":[{"href":"https:\/\/www.barefoot-baltics.ee\/lv\/wp-json\/wp\/v2\/media?parent=5744"}],"wp:term":[{"taxonomy":"product_brand","embeddable":true,"href":"https:\/\/www.barefoot-baltics.ee\/lv\/wp-json\/wp\/v2\/product_brand?post=5744"},{"taxonomy":"product_cat","embeddable":true,"href":"https:\/\/www.barefoot-baltics.ee\/lv\/wp-json\/wp\/v2\/product_cat?post=5744"},{"taxonomy":"product_tag","embeddable":true,"href":"https:\/\/www.barefoot-baltics.ee\/lv\/wp-json\/wp\/v2\/product_tag?post=5744"}],"curies":[{"name":"wp","href":"https:\/\/api.w.org\/{rel}","templated":true}]}}