{"id":5739,"date":"2018-11-02T21:26:40","date_gmt":"2018-11-02T19:26:40","guid":{"rendered":"https:\/\/www.barefoot-baltics.ee\/product\/beztrenzu-iemaukti-rieksts\/"},"modified":"2020-11-23T19:20:26","modified_gmt":"2020-11-23T17:20:26","slug":"beztrenzu-iemaukti-rieksts","status":"publish","type":"product","link":"https:\/\/www.barefoot-baltics.ee\/lv\/produkts\/beztrenzu-iemaukti-rieksts\/","title":{"rendered":"Beztren\u017eu iemaukti \u201cRieksts\u201d"},"content":{"rendered":"<p>M\u016bsu \u0101das beztren\u017eu iemaukti \u201cRieksts\u201d ir maiga alternat\u012bva da\u017e\u0101diem j\u0101\u0161anas veidiem. Tie vienm\u0113r\u012bgi sadala spiedienu uz deguna kaulu, vaigiem un pakausi. Nerada konkr\u0113tu spiedienu tikai vien\u0101 punkt\u0101, t\u0101d\u0113j\u0101di nodro\u0161inot komfortablu un saudz\u012bgu pavadu iedarb\u012bbu, kas palielina uztic\u012bbu starp zirgu un j\u0101tnieku.<\/p>\n<p>Gan\u0101\u0161u siksna kalpo k\u0101 pavadu pagarin\u0101jums &#8211; pateicoties krusteniskajam pavadu novietojumam, zirgs nevien viegli saprot j\u016bsu pal\u012bgl\u012bdzek\u013cus, bet tas ar\u012b atvieglo iemauktu lik\u0161anu izvairoties no invent\u0101ra nepareizas uzlik\u0161anas.<\/p>\n<p>Beztren\u017eu iemaukti \u013coti labi str\u0101d\u0101 ar vismaz\u0101ko spiedienu; piem. ieturot kreis\u0101s puses pavadu tiek rad\u012bts nesap\u012bgs bet stabils spiediena punkts labaj\u0101 pus\u0113.  Zirgs izvair\u0101s no spiediena pa labi un pagrie\u017eas pa kreisi. Ja j\u016bs lietojat vieglu spiedienu uz ab\u0101m pavad\u0101m vai pa labi un pa kreisi uz atsevi\u0161\u0137\u0101m pavad\u0101m &#8211; j\u016bsu zirgs apst\u0101sies.<\/p>\n<p>Piem\u0113roti jebkuram j\u0101\u0161anas stilam, vesterna, ang\u013cu, iztur\u012bbas vai p\u0101rg\u0101jienu &#8211; pat kordo\u0161anai. T\u0101pat k\u0101 ar jebkuru jaunu invent\u0101ru, m\u0113s iesak\u0101m to vispirms izm\u0113\u0123in\u0101t ie\u017eogot\u0101 viet\u0101. Purna siksnai j\u0101b\u016bt novietotai 2 cm zem vaigu kaula, un savilktai t\u0101, lai var\u0113tu viegli palikt divus pirkstus zem t\u0101s.<\/p>\n<p>\u0160iem \u0101das iemauktiem ir \u012bpa\u0161i p\u0101rdom\u0101ts dizains. Purna siksna, pakau\u0161a da\u013ca un pieres siksna ir m\u012bksti polster\u0113tas. Pakau\u0161a da\u013c\u0101 ir \u012bpa\u0161i plats un biezs polster\u0113jumu, lai samazin\u0101tu spiedienu aiz aus\u012bm.<\/p>\n","protected":false},"excerpt":{"rendered":"<ul>\n<li>Alternat\u012bvi iemaukti da\u017e\u0101diem j\u0101\u0161anas stiliem<\/li>\n<li>Crosspull un sidepull<\/li>\n<li>M\u012bksts deguna, piera siksnas un pakau\u0161a da\u013cas polster\u0113jums<\/li>\n<\/ul>\n","protected":false},"featured_media":1304,"template":"","meta":[],"product_brand":[],"product_cat":[877],"product_tag":[851,824,829,862],"class_list":{"0":"post-5739","1":"product","2":"type-product","3":"status-publish","4":"has-post-thumbnail","6":"product_cat-iemaukti-iemauktu-dalas-apausi","7":"product_tag-ada","8":"product_tag-beztrenzu","9":"product_tag-crosspull-lv","10":"product_tag-sidepull-lv","11":"product_shipping_class-paku-stacija","12":"pa_colour-bruns","13":"pa_colour-melns","14":"pa_size-1-cob-lv","15":"pa_size-2-full-lv","17":"first","18":"instock","19":"shipping-taxable","20":"purchasable","21":"product-type-variable"},"_links":{"self":[{"href":"https:\/\/www.barefoot-baltics.ee\/lv\/wp-json\/wp\/v2\/product\/5739","targetHints":{"allow":["GET"]}}],"collection":[{"href":"https:\/\/www.barefoot-baltics.ee\/lv\/wp-json\/wp\/v2\/product"}],"about":[{"href":"https:\/\/www.barefoot-baltics.ee\/lv\/wp-json\/wp\/v2\/types\/product"}],"wp:featuredmedia":[{"embeddable":true,"href":"https:\/\/www.barefoot-baltics.ee\/lv\/wp-json\/wp\/v2\/media\/1304"}],"wp:attachment":[{"href":"https:\/\/www.barefoot-baltics.ee\/lv\/wp-json\/wp\/v2\/media?parent=5739"}],"wp:term":[{"taxonomy":"product_brand","embeddable":true,"href":"https:\/\/www.barefoot-baltics.ee\/lv\/wp-json\/wp\/v2\/product_brand?post=5739"},{"taxonomy":"product_cat","embeddable":true,"href":"https:\/\/www.barefoot-baltics.ee\/lv\/wp-json\/wp\/v2\/product_cat?post=5739"},{"taxonomy":"product_tag","embeddable":true,"href":"https:\/\/www.barefoot-baltics.ee\/lv\/wp-json\/wp\/v2\/product_tag?post=5739"}],"curies":[{"name":"wp","href":"https:\/\/api.w.org\/{rel}","templated":true}]}}