{"id":5640,"date":"2018-11-06T16:02:17","date_gmt":"2018-11-06T14:02:17","guid":{"rendered":"https:\/\/www.barefoot-baltics.ee\/product\/pakausa-dala-iemauktiem-fizio\/"},"modified":"2020-12-29T10:59:10","modified_gmt":"2020-12-29T08:59:10","slug":"pakausa-dala-iemauktiem-fizio","status":"publish","type":"product","link":"https:\/\/www.barefoot-baltics.ee\/lv\/produkts\/pakausa-dala-iemauktiem-fizio\/","title":{"rendered":"Pakau\u0161a da\u013ca iemauktiem \u201cFizio\u201d"},"content":{"rendered":"<p>\u0160\u012b pakau\u0161a da\u013ca n\u0101k no m\u016bsu \u201cFizio\u201d s\u0113rijas, kas apz\u012bm\u0113 zirga maksim\u0101lo komfortu. Paredz\u0113ts visiem j\u0101\u0161anas un kordo\u0161anas stiliem.<\/p>\n<p>\u201cFizio\u201d iesp\u0113jams prec\u012bzi nostiprin\u0101t uz zirga galvas, jo tas ir piln\u012bgi at\u0161\u0137ir\u012bgs no tradicion\u0101lajiem iemauktiem.<\/p>\n<p>Pakau\u0161a da\u013ca ar \u012bpa\u0161u formu tiek veidota t\u0101, lai nov\u0113rstu spiediens uz jut\u012bgo zonu aiz aus\u012bm, kur nervu stumbrs piestiprin\u0101s pie kakla kaula. Pamatne ir m\u012bksti polster\u0113ta un izliekta ap zirga aus\u012bm \u2013 dodot t\u0101m vietu.<\/p>\n<p>Ar\u012b vaigu siksnas un gan\u0101\u0161u siksnas ir izvietotas sav\u0101d\u0101k. Vaigu siksnas veido Y formu: \u0161\u012b forma nov\u0113r\u0161 sl\u012bd\u0113\u0161anu un zirga acs paliek neskarta. <\/p>\n<p>Barefoot pakau\u0161u da\u013cu var izmantot daudzos da\u017e\u0101dos veidos. Piem\u0113ram:<\/p>\n<ol>\n<li>Ar Barefoot \u201cVeido\u201d purna siksnu, vai kavesonu,<\/li>\n<li>Ar Barefoot \u201eVeido\u201d purna siksnu vai kavesonu ar trenzi j\u0101\u0161anai un kordo\u0161anai,<\/li>\n<li>Ar hakamoru vai bos\u0101lu,<\/li>\n<li>Ar trenzi, vienk\u0101r\u0161i piestiprinot purna siksnai,<\/li>\n<li>Utt.<\/li>\n<\/ol>\n","protected":false},"excerpt":{"rendered":"<ul>\n<li>Anatomiski veidota forma (patent\u0113ta)<\/li>\n<li>Prec\u012bzi atbilst zirga galvai<\/li>\n<li>Prec\u012bzu sign\u0101lu nodo\u0161ana pateicoties anatomiskajai formai<\/li>\n<li>Nesl\u012bd uz zirga ac\u012bm<\/li>\n<li>Daudz da\u017e\u0101di veidi, k\u0101 to izmantot<\/li>\n<\/ul>\n","protected":false},"featured_media":1432,"template":"","meta":[],"product_brand":[],"product_cat":[877],"product_tag":[851,855,837],"class_list":{"0":"post-5640","1":"product","2":"type-product","3":"status-publish","4":"has-post-thumbnail","6":"product_cat-iemaukti-iemauktu-dalas-apausi","7":"product_tag-ada","8":"product_tag-fizio","9":"product_tag-ipasi-erti","10":"product_shipping_class-paku-stacija","11":"pa_colour-bruns-lazdu-rieksts","12":"pa_colour-melns-peleks","13":"pa_size-0-pony-lv","14":"pa_size-1-cob-lv","15":"pa_size-2-full-lv","16":"pa_size-3-draft-lv","18":"first","19":"instock","20":"shipping-taxable","21":"purchasable","22":"product-type-variable"},"_links":{"self":[{"href":"https:\/\/www.barefoot-baltics.ee\/lv\/wp-json\/wp\/v2\/product\/5640","targetHints":{"allow":["GET"]}}],"collection":[{"href":"https:\/\/www.barefoot-baltics.ee\/lv\/wp-json\/wp\/v2\/product"}],"about":[{"href":"https:\/\/www.barefoot-baltics.ee\/lv\/wp-json\/wp\/v2\/types\/product"}],"wp:featuredmedia":[{"embeddable":true,"href":"https:\/\/www.barefoot-baltics.ee\/lv\/wp-json\/wp\/v2\/media\/1432"}],"wp:attachment":[{"href":"https:\/\/www.barefoot-baltics.ee\/lv\/wp-json\/wp\/v2\/media?parent=5640"}],"wp:term":[{"taxonomy":"product_brand","embeddable":true,"href":"https:\/\/www.barefoot-baltics.ee\/lv\/wp-json\/wp\/v2\/product_brand?post=5640"},{"taxonomy":"product_cat","embeddable":true,"href":"https:\/\/www.barefoot-baltics.ee\/lv\/wp-json\/wp\/v2\/product_cat?post=5640"},{"taxonomy":"product_tag","embeddable":true,"href":"https:\/\/www.barefoot-baltics.ee\/lv\/wp-json\/wp\/v2\/product_tag?post=5640"}],"curies":[{"name":"wp","href":"https:\/\/api.w.org\/{rel}","templated":true}]}}