{"id":5633,"date":"2018-11-05T19:11:55","date_gmt":"2018-11-05T17:11:55","guid":{"rendered":"https:\/\/www.barefoot-baltics.ee\/product\/beztrenzu-iemaukti-ar-pavadam-siringa\/"},"modified":"2019-06-06T11:14:21","modified_gmt":"2019-06-06T08:14:21","slug":"beztrenzu-iemaukti-ar-pavadam-siringa","status":"publish","type":"product","link":"https:\/\/www.barefoot-baltics.ee\/lv\/produkts\/beztrenzu-iemaukti-ar-pavadam-siringa\/","title":{"rendered":"Beztren\u017eu iemaukti ar pavad\u0101m \u201eSiringa\u201d"},"content":{"rendered":"<p>Barefoot \u201cSiringa\u201d ir lieliska beztren\u017eu iemauktu izv\u0113le. To var izmantot gan k\u0101 sidepull, gan crossunder, atkar\u012bb\u0101 no v\u0113lm\u0113m.<\/p>\n<p>Polster\u0113ta pakau\u0161a da\u013ca un pieres siksna. Pakau\u0161a da\u013c\u0101 ir \u012bpa\u0161i plats un biezs polster\u0113jums, t\u0101dej\u0101di samazinot punktu\u0101lo spiedienu aiz aus\u012bm. Spiedienu uz degunu veido divas divk\u0101r\u0161otas virves, kas ir sasaist\u012btas gar s\u0101niem.<\/p>\n<p>Lai to izmantotu k\u0101 crossunder, jums ir j\u0101pagarina pavadas  pievienojot t\u0101s gan\u0101\u0161u siksnai. Pateicoties krusteniskaj\u0101m pavad\u0101m, pal\u012bgl\u012bdzek\u013ci zirgam ir viegli saprotami. \u012ass impulss kreisaj\u0101 pus\u0113 piem\u0113ros m\u012bkstu, bet at\u0161\u0137ir\u012bgu spiedienu uz zirga vaiga labo pusi &#8211; zirgs p\u0101rvietojas prom no \u0161\u012b spiediena uz kreiso pusi. \u012ass impulss uz ab\u0101m pavad\u0101m vai p\u0101rmai\u0146us uz ab\u0101m pus\u0113m apst\u0101din\u0101s j\u016bsu zirgu.<\/p>\n<p>Ja v\u0113laties izmantot iemauktus ar sidepull sist\u0113mu, vienk\u0101r\u0161i piestipriniet pavadas pie gredzeniem gar deguna siksni\u0146u un no\u0146emiet gan\u0101\u0161u siksnas.<\/p>\n<p>\u0160os iemauktus var regul\u0113t ab\u0101s pus\u0113s, ieskaitot zoda siksnu, kas ir izgatavota no \u0101das. Komplekt\u0101 iek\u013cautas \u0101das un virves kombin\u0101cijas pavadas ar karab\u012bn\u0113m.<\/p>\n","protected":false},"excerpt":{"rendered":"<ul>\n<li>Skaisti un eleganti beztren\u017eu iemaukti<\/li>\n<li>Var izmantot gan k\u0101 sidepull, gan crossunder<\/li>\n<li>Pakau\u0161a da\u013ca ir \u012bpa\u0161i plata un biezi polster\u0113ta<\/li>\n<\/ul>\n","protected":false},"featured_media":1333,"template":"","meta":[],"product_brand":[],"product_cat":[877],"product_tag":[851,824,829,862,860],"class_list":{"0":"post-5633","1":"product","2":"type-product","3":"status-publish","4":"has-post-thumbnail","6":"product_cat-iemaukti-iemauktu-dalas-apausi","7":"product_tag-ada","8":"product_tag-beztrenzu","9":"product_tag-crosspull-lv","10":"product_tag-sidepull-lv","11":"product_tag-virve","12":"product_shipping_class-paku-stacija","13":"pa_colour-bruns-bordo","14":"pa_colour-bruns-oranzs","15":"pa_colour-melns","16":"pa_size-1-cob-lv","17":"pa_size-2-full-lv","19":"first","20":"instock","21":"shipping-taxable","22":"purchasable","23":"product-type-variable"},"_links":{"self":[{"href":"https:\/\/www.barefoot-baltics.ee\/lv\/wp-json\/wp\/v2\/product\/5633","targetHints":{"allow":["GET"]}}],"collection":[{"href":"https:\/\/www.barefoot-baltics.ee\/lv\/wp-json\/wp\/v2\/product"}],"about":[{"href":"https:\/\/www.barefoot-baltics.ee\/lv\/wp-json\/wp\/v2\/types\/product"}],"wp:featuredmedia":[{"embeddable":true,"href":"https:\/\/www.barefoot-baltics.ee\/lv\/wp-json\/wp\/v2\/media\/1333"}],"wp:attachment":[{"href":"https:\/\/www.barefoot-baltics.ee\/lv\/wp-json\/wp\/v2\/media?parent=5633"}],"wp:term":[{"taxonomy":"product_brand","embeddable":true,"href":"https:\/\/www.barefoot-baltics.ee\/lv\/wp-json\/wp\/v2\/product_brand?post=5633"},{"taxonomy":"product_cat","embeddable":true,"href":"https:\/\/www.barefoot-baltics.ee\/lv\/wp-json\/wp\/v2\/product_cat?post=5633"},{"taxonomy":"product_tag","embeddable":true,"href":"https:\/\/www.barefoot-baltics.ee\/lv\/wp-json\/wp\/v2\/product_tag?post=5633"}],"curies":[{"name":"wp","href":"https:\/\/api.w.org\/{rel}","templated":true}]}}