{"id":5626,"date":"2018-10-31T11:00:10","date_gmt":"2018-10-31T09:00:10","guid":{"rendered":"https:\/\/www.barefoot-baltics.ee\/product\/iemaukti-dzintars-2-1\/"},"modified":"2021-08-30T19:24:53","modified_gmt":"2021-08-30T16:24:53","slug":"iemaukti-dzintars-2-1","status":"publish","type":"product","link":"https:\/\/www.barefoot-baltics.ee\/lv\/produkts\/iemaukti-dzintars-2-1\/","title":{"rendered":"Iemaukti \u201cDzintars\u201d (2-1)"},"content":{"rendered":"<p>\u0160ie ir 2-1 iemaukti, ko var izmantot vai nu ar vai bez trenzes. Tas ir atkar\u012bgs no jums un to ir viegli main\u012bt.<\/p>\n<p>Iemaukti ir regul\u0113jami ab\u0101s pus\u0113s, dubultno\u0161\u016bti un iegrav\u0113tas \u010cik\u0101gas skr\u016bves. Ir iek\u013cauta ar\u012b lau\u017e\u0146u siksnas un divi zirgu astru pu\u0161\u0137\u012b\u0161i.<\/p>\n<p>S\u0101nskr\u016bves siksnas lente ir nostiepta un nostiprin\u0101ta ar stingr\u0101ku serdi. Kakla aizdare ir ar\u012b p\u012bta apa\u013ca, un to var piesaist\u012bt mezglam. Uzacu josl\u0101 ir plakana pinuma pinums.<\/p>\n<p>Lai izmantotu iema\u0146as ar mazliet, vienk\u0101r\u0161i atveriet \u010cik\u0101gas skr\u016bves, iz\u0146emiet s\u0101nu vilk\u0161anu (deguna gredzenu) un ievietojiet to sav\u0101 viet\u0101.<\/p>\n","protected":false},"excerpt":{"rendered":"<ul>\n<li>J\u016bs varat to izmantot ar beztrenzi un sidepull<\/li>\n<li>Viegli lietojams ar\u012b ar trenzi<\/li>\n<li>Elast\u012bga Braz\u012blijas \u0101da<\/li>\n<li>Roku pinuma virve<\/li>\n<\/ul>\n","protected":false},"featured_media":1238,"template":"","meta":[],"product_brand":[],"product_cat":[877],"product_tag":[851,824,823,860],"class_list":{"0":"post-5626","1":"product","2":"type-product","3":"status-publish","4":"has-post-thumbnail","6":"product_cat-iemaukti-iemauktu-dalas-apausi","7":"product_tag-ada","8":"product_tag-beztrenzu","9":"product_tag-trenze","10":"product_tag-virve","11":"product_shipping_class-paku-stacija","12":"pa_colour-bruna-tirkiza","13":"pa_colour-bruns-melns","14":"pa_colour-konjaks-oranzs","15":"pa_colour-melna-avenu","16":"pa_colour-melns-zils","17":"pa_size-1-cob-lv","18":"pa_size-2-full-lv","20":"first","21":"instock","22":"shipping-taxable","23":"purchasable","24":"product-type-variable"},"_links":{"self":[{"href":"https:\/\/www.barefoot-baltics.ee\/lv\/wp-json\/wp\/v2\/product\/5626","targetHints":{"allow":["GET"]}}],"collection":[{"href":"https:\/\/www.barefoot-baltics.ee\/lv\/wp-json\/wp\/v2\/product"}],"about":[{"href":"https:\/\/www.barefoot-baltics.ee\/lv\/wp-json\/wp\/v2\/types\/product"}],"wp:featuredmedia":[{"embeddable":true,"href":"https:\/\/www.barefoot-baltics.ee\/lv\/wp-json\/wp\/v2\/media\/1238"}],"wp:attachment":[{"href":"https:\/\/www.barefoot-baltics.ee\/lv\/wp-json\/wp\/v2\/media?parent=5626"}],"wp:term":[{"taxonomy":"product_brand","embeddable":true,"href":"https:\/\/www.barefoot-baltics.ee\/lv\/wp-json\/wp\/v2\/product_brand?post=5626"},{"taxonomy":"product_cat","embeddable":true,"href":"https:\/\/www.barefoot-baltics.ee\/lv\/wp-json\/wp\/v2\/product_cat?post=5626"},{"taxonomy":"product_tag","embeddable":true,"href":"https:\/\/www.barefoot-baltics.ee\/lv\/wp-json\/wp\/v2\/product_tag?post=5626"}],"curies":[{"name":"wp","href":"https:\/\/api.w.org\/{rel}","templated":true}]}}