{"id":5623,"date":"2018-11-06T15:05:53","date_gmt":"2018-11-06T13:05:53","guid":{"rendered":"https:\/\/www.barefoot-baltics.ee\/product\/iemaukti-devons\/"},"modified":"2019-06-06T11:09:08","modified_gmt":"2019-06-06T08:09:08","slug":"iemaukti-devons","status":"publish","type":"product","link":"https:\/\/www.barefoot-baltics.ee\/lv\/produkts\/iemaukti-devons\/","title":{"rendered":"Iemaukti \u201eDevons\u201d"},"content":{"rendered":"<p>M\u016bsu iemaukti \u201eDevons\u201d ir izgatavoti no \u012bpa\u0161i m\u012bkstas \u0101das, un tie ir \u013coti \u0113rti zirgam. Tie tika izstr\u0101d\u0101ti, pamatojoties uz Barefoot saukli: \u201cj\u0101tniekiem, kas r\u016bp\u0113jas\u201d.<\/p>\n<p>Pakau\u0161a da\u013ca, pieres un purna siksnas ir m\u012bksti polster\u0113tas &#8211; taj\u0101 skait\u0101 ar\u012b aiz spr\u0101dz\u0113m. Polster\u0113jums ir izgatavots no te\u013c\u0101das un tam ir neopr\u0113na pild\u012bjums, kas nov\u0113r\u0161 p\u0101r\u0101k lielu spiedienu uz zirga pakausi un deguna kaulu. Polster\u0113jums ir plat\u0101ks un plakanu virsmu, kas padara \u0161os iemauktus \u013coti elast\u012bgus un nov\u0113r\u0161 \u0101das kairin\u0101jumu un berzi jut\u012bgaj\u0101s zon\u0101s uz zirga galvas. Pakau\u0161a da\u013c\u0101 ir plats un m\u012bksts polster\u0113jums, lai aizsarg\u0101tu jut\u012bgo zonu aiz aus\u012bm un no\u0146emtu spiedienu no pirm\u0101 kakla skrieme\u013ca.<\/p>\n<p>Lai \u0161ie iemaukti b\u016btu patiesi zirgam draudz\u012bgi, m\u0113s neiek\u013c\u0101va astotnieka siksni\u0146u. M\u0113s uzskat\u0101m, ka t\u0101 nav nepiecie\u0161amas. Jebkur\u0161 zirgs, kas pa\u013caujas uz j\u0101tnieka roku, neatver muti, ja vien tam nav zobu probl\u0113mas vai diskomforta. Ja j\u016bsu zirgam ir probl\u0113mas ar trenzi, m\u0113s iesak\u0101m iev\u0113rot regul\u0101ras zobu p\u0101rbaudes, vai p\u0101riet uz beztrenzi. M\u0113s esam pret invent\u0101ru, kas aizsien zirga muti.<\/p>\n","protected":false},"excerpt":{"rendered":"<ul>\n<li>M\u012bksti polster\u0113ts pakau\u0161a, purna un pieres siksna<\/li>\n<li>\u013boti \u0113rti zirgam<\/li>\n<li>Eleganti iemaukti, kas izgatavoti no m\u012bkstas te\u013c\u0101das<\/li>\n<\/ul>\n","protected":false},"featured_media":1391,"template":"","meta":[],"product_brand":[],"product_cat":[877],"product_tag":[851,836,825,837],"class_list":{"0":"post-5623","1":"product","2":"type-product","3":"status-publish","4":"has-post-thumbnail","6":"product_cat-iemaukti-iemauktu-dalas-apausi","7":"product_tag-ada","8":"product_tag-anglu","9":"product_tag-elegants","10":"product_tag-ipasi-erti","11":"product_shipping_class-paku-stacija","12":"pa_size-1-cob-lv","13":"pa_size-2-full-lv","15":"first","16":"instock","17":"shipping-taxable","18":"purchasable","19":"product-type-variable"},"_links":{"self":[{"href":"https:\/\/www.barefoot-baltics.ee\/lv\/wp-json\/wp\/v2\/product\/5623","targetHints":{"allow":["GET"]}}],"collection":[{"href":"https:\/\/www.barefoot-baltics.ee\/lv\/wp-json\/wp\/v2\/product"}],"about":[{"href":"https:\/\/www.barefoot-baltics.ee\/lv\/wp-json\/wp\/v2\/types\/product"}],"wp:featuredmedia":[{"embeddable":true,"href":"https:\/\/www.barefoot-baltics.ee\/lv\/wp-json\/wp\/v2\/media\/1391"}],"wp:attachment":[{"href":"https:\/\/www.barefoot-baltics.ee\/lv\/wp-json\/wp\/v2\/media?parent=5623"}],"wp:term":[{"taxonomy":"product_brand","embeddable":true,"href":"https:\/\/www.barefoot-baltics.ee\/lv\/wp-json\/wp\/v2\/product_brand?post=5623"},{"taxonomy":"product_cat","embeddable":true,"href":"https:\/\/www.barefoot-baltics.ee\/lv\/wp-json\/wp\/v2\/product_cat?post=5623"},{"taxonomy":"product_tag","embeddable":true,"href":"https:\/\/www.barefoot-baltics.ee\/lv\/wp-json\/wp\/v2\/product_tag?post=5623"}],"curies":[{"name":"wp","href":"https:\/\/api.w.org\/{rel}","templated":true}]}}