{"id":5620,"date":"2018-10-31T13:14:32","date_gmt":"2018-10-31T11:14:32","guid":{"rendered":"https:\/\/www.barefoot-baltics.ee\/product\/iemaukti-akorna-2-1\/"},"modified":"2023-07-25T16:42:41","modified_gmt":"2023-07-25T13:42:41","slug":"iemaukti-akorna-2-1","status":"publish","type":"product","link":"https:\/\/www.barefoot-baltics.ee\/lv\/produkts\/iemaukti-akorna-2-1\/","title":{"rendered":"Iemaukti \u201cAkorna\u201d (2-1)"},"content":{"rendered":"<p>Tie ir skaisti, kvalitat\u012bvi, zirgam draudz\u012bgi iemaukti, kas izgatavoti no m\u012bkstas, elast\u012bgas nubuka \u0101das ar \u012bstu j\u0113l\u0101das apdari purna un piera siksnas da\u013c\u0101. Sidepull purna siksnu var viegli nomain\u012bt uz trenzi ar \u0101tr\u0101s mai\u0146as spr\u0101dz\u0113m.<\/p>\n<p>Viegli nomain\u012bt, ar trenzi, bez trenzes &#8211; tas aiz\u0146em tikai sekundes!<\/p>\n<p>Pieres siksna ir \u012bpa\u0161i m\u012bksta. P\u0101rkl\u0101ta ar \u012bstu m\u012bkstu \u0101du. Iemaukti ir regul\u0113jami ab\u0101s pus\u0113s, un dekor\u0113ti ar pievilc\u012bgu iz\u0161uvumu.<\/p>\n<p>Gan\u0101\u0161u siksna un atbilsto\u0161as pavadas (pieejamas atsevi\u0161\u0137i) ir izgatavotas no p\u012btas \u0161okol\u0101des br\u016bnas virves.<\/p>\n","protected":false},"excerpt":{"rendered":"<ul>\n<li>Zirgam draudz\u012bgs sidepull<\/li>\n<li>Viegli nomain\u0101ms uz trenzi ar \u0101tr\u0101s apmai\u0146as spr\u0101dz\u0113m<\/li>\n<li>M\u012bksta nubuka \u0101da ar j\u0113l\u0101das apdari<\/li>\n<li>Pieejamas atbilsto\u0161as pavadas<\/li>\n<\/ul>\n","protected":false},"featured_media":1264,"template":"","meta":[],"product_brand":[],"product_cat":[877],"product_tag":[851,824,859,862,823],"class_list":{"0":"post-5620","1":"product","2":"type-product","3":"status-publish","4":"has-post-thumbnail","6":"product_cat-iemaukti-iemauktu-dalas-apausi","7":"product_tag-ada","8":"product_tag-beztrenzu","9":"product_tag-neapstradats","10":"product_tag-sidepull-lv","11":"product_tag-trenze","12":"product_shipping_class-paku-stacija","13":"pa_size-1-cob-lv","14":"pa_size-2-full-lv","16":"first","17":"instock","18":"shipping-taxable","19":"purchasable","20":"product-type-variable"},"_links":{"self":[{"href":"https:\/\/www.barefoot-baltics.ee\/lv\/wp-json\/wp\/v2\/product\/5620","targetHints":{"allow":["GET"]}}],"collection":[{"href":"https:\/\/www.barefoot-baltics.ee\/lv\/wp-json\/wp\/v2\/product"}],"about":[{"href":"https:\/\/www.barefoot-baltics.ee\/lv\/wp-json\/wp\/v2\/types\/product"}],"wp:featuredmedia":[{"embeddable":true,"href":"https:\/\/www.barefoot-baltics.ee\/lv\/wp-json\/wp\/v2\/media\/1264"}],"wp:attachment":[{"href":"https:\/\/www.barefoot-baltics.ee\/lv\/wp-json\/wp\/v2\/media?parent=5620"}],"wp:term":[{"taxonomy":"product_brand","embeddable":true,"href":"https:\/\/www.barefoot-baltics.ee\/lv\/wp-json\/wp\/v2\/product_brand?post=5620"},{"taxonomy":"product_cat","embeddable":true,"href":"https:\/\/www.barefoot-baltics.ee\/lv\/wp-json\/wp\/v2\/product_cat?post=5620"},{"taxonomy":"product_tag","embeddable":true,"href":"https:\/\/www.barefoot-baltics.ee\/lv\/wp-json\/wp\/v2\/product_tag?post=5620"}],"curies":[{"name":"wp","href":"https:\/\/api.w.org\/{rel}","templated":true}]}}