{"id":5619,"date":"2018-11-05T19:04:43","date_gmt":"2018-11-05T17:04:43","guid":{"rendered":"https:\/\/www.barefoot-baltics.ee\/product\/iemaukti-virdzinijas-roze\/"},"modified":"2019-06-13T08:39:09","modified_gmt":"2019-06-13T05:39:09","slug":"iemaukti-virdzinijas-roze","status":"publish","type":"product","link":"https:\/\/www.barefoot-baltics.ee\/lv\/produkts\/iemaukti-virdzinijas-roze\/","title":{"rendered":"Iemaukti \u201cVird\u017e\u012bnijas roze\u201d"},"content":{"rendered":"<p>\u0160os m\u0113s saucam par m\u016bsu skaist\u0101kajiem iemauktiem &#8220;Vird\u017e\u012bnijas roze&#8221;. Izgatavoti no lab\u0101k\u0101s kvalit\u0101tes Braz\u012blijas \u0101das, dubult\u0161\u016bti ar sieti\u0146veida z\u012bm\u0113jumu. Paredz\u0113ti visiem j\u0101tniekiem, kuriem pat\u012bk ne tikai autentisks vesterna izskats, bet ar\u012b nov\u0113rt\u0113 zirga komfortu. Pakau\u0161a da\u013ca un pieres siksna ir viegli polster\u0113ta. Regul\u0113jamas vaigu siksnas ar \u0101tr\u0101s mai\u0146as \u0101das cilp\u0101m \u013cauj viegli nomain\u012bt trenzes.<\/p>\n<p>\u0160ie iemukti lieliski sader ar \u201eVird\u017e\u012bnijas roze\u201d vesterna segliem.<\/p>\n","protected":false},"excerpt":{"rendered":"<ul>\n<li>Izmalcin\u0101ti vesterna iemaukti<\/li>\n<li>Izgatavots no augstas kvalit\u0101tes Braz\u012blijas \u0101das<\/li>\n<li>Sietveida z\u012bm\u0113jums<\/li>\n<li>Viegli main\u0101mas deta\u013cas<\/li>\n<\/ul>\n","protected":false},"featured_media":1326,"template":"","meta":[],"product_brand":[],"product_cat":[877],"product_tag":[851,825,869],"class_list":{"0":"post-5619","1":"product","2":"type-product","3":"status-publish","4":"has-post-thumbnail","6":"product_cat-iemaukti-iemauktu-dalas-apausi","7":"product_tag-ada","8":"product_tag-elegants","9":"product_tag-vesterna","10":"product_shipping_class-paku-stacija","12":"first","13":"onbackorder","14":"shipping-taxable","15":"purchasable","16":"product-type-simple"},"_links":{"self":[{"href":"https:\/\/www.barefoot-baltics.ee\/lv\/wp-json\/wp\/v2\/product\/5619","targetHints":{"allow":["GET"]}}],"collection":[{"href":"https:\/\/www.barefoot-baltics.ee\/lv\/wp-json\/wp\/v2\/product"}],"about":[{"href":"https:\/\/www.barefoot-baltics.ee\/lv\/wp-json\/wp\/v2\/types\/product"}],"wp:featuredmedia":[{"embeddable":true,"href":"https:\/\/www.barefoot-baltics.ee\/lv\/wp-json\/wp\/v2\/media\/1326"}],"wp:attachment":[{"href":"https:\/\/www.barefoot-baltics.ee\/lv\/wp-json\/wp\/v2\/media?parent=5619"}],"wp:term":[{"taxonomy":"product_brand","embeddable":true,"href":"https:\/\/www.barefoot-baltics.ee\/lv\/wp-json\/wp\/v2\/product_brand?post=5619"},{"taxonomy":"product_cat","embeddable":true,"href":"https:\/\/www.barefoot-baltics.ee\/lv\/wp-json\/wp\/v2\/product_cat?post=5619"},{"taxonomy":"product_tag","embeddable":true,"href":"https:\/\/www.barefoot-baltics.ee\/lv\/wp-json\/wp\/v2\/product_tag?post=5619"}],"curies":[{"name":"wp","href":"https:\/\/api.w.org\/{rel}","templated":true}]}}