{"id":5618,"date":"2018-11-06T14:33:39","date_gmt":"2018-11-06T12:33:39","guid":{"rendered":"https:\/\/www.barefoot-baltics.ee\/product\/iemaukti-misoulas-rieksts\/"},"modified":"2019-06-13T08:38:35","modified_gmt":"2019-06-13T05:38:35","slug":"iemaukti-misoulas-rieksts","status":"publish","type":"product","link":"https:\/\/www.barefoot-baltics.ee\/lv\/produkts\/iemaukti-misoulas-rieksts\/","title":{"rendered":"Iemaukti \u201cMisoulas rieksts\u201d"},"content":{"rendered":"<p>\u0160ie vesterna iemaukti ir izgatavoti no lab\u0101k\u0101s Braz\u012blijas \u0101das, dubult\u0161\u016bti ar sietveida z\u012bm\u0113jumu. Paredz\u0113ti visiem j\u0101tniekiem, kuriem pat\u012bk ne tikai autentisks vesterna izskats, bet ar\u012b nov\u0113rt\u0113 zirga komfortu. Pakau\u0161a da\u013ca un pieres siksna ir viegli polster\u0113ta. Regul\u0113jamas vaigu siksnas ar \u0101tr\u0101s mai\u0146as \u0101das cilp\u0101m \u013cauj viegli nomain\u012bt trenzes.<\/p>\n<p>\u0160ie iemukti lieliski sader ar \u201eMisoulas rieksts\u201d vesterna segliem.<\/p>\n","protected":false},"excerpt":{"rendered":"<ul>\n<li>Izmalcin\u0101ti vesterna iemaukti<\/li>\n<li>Izgatavots no augstas kvalit\u0101tes Braz\u012blijas \u0101das<\/li>\n<li>Sietveida z\u012bm\u0113jums<\/li>\n<li>Viegli main\u0101mas deta\u013cas<\/li>\n<\/ul>\n","protected":false},"featured_media":1377,"template":"","meta":[],"product_brand":[],"product_cat":[877],"product_tag":[851,825,869],"class_list":{"0":"post-5618","1":"product","2":"type-product","3":"status-publish","4":"has-post-thumbnail","6":"product_cat-iemaukti-iemauktu-dalas-apausi","7":"product_tag-ada","8":"product_tag-elegants","9":"product_tag-vesterna","10":"product_shipping_class-paku-stacija","12":"first","13":"onbackorder","14":"shipping-taxable","15":"purchasable","16":"product-type-simple"},"_links":{"self":[{"href":"https:\/\/www.barefoot-baltics.ee\/lv\/wp-json\/wp\/v2\/product\/5618","targetHints":{"allow":["GET"]}}],"collection":[{"href":"https:\/\/www.barefoot-baltics.ee\/lv\/wp-json\/wp\/v2\/product"}],"about":[{"href":"https:\/\/www.barefoot-baltics.ee\/lv\/wp-json\/wp\/v2\/types\/product"}],"wp:featuredmedia":[{"embeddable":true,"href":"https:\/\/www.barefoot-baltics.ee\/lv\/wp-json\/wp\/v2\/media\/1377"}],"wp:attachment":[{"href":"https:\/\/www.barefoot-baltics.ee\/lv\/wp-json\/wp\/v2\/media?parent=5618"}],"wp:term":[{"taxonomy":"product_brand","embeddable":true,"href":"https:\/\/www.barefoot-baltics.ee\/lv\/wp-json\/wp\/v2\/product_brand?post=5618"},{"taxonomy":"product_cat","embeddable":true,"href":"https:\/\/www.barefoot-baltics.ee\/lv\/wp-json\/wp\/v2\/product_cat?post=5618"},{"taxonomy":"product_tag","embeddable":true,"href":"https:\/\/www.barefoot-baltics.ee\/lv\/wp-json\/wp\/v2\/product_tag?post=5618"}],"curies":[{"name":"wp","href":"https:\/\/api.w.org\/{rel}","templated":true}]}}