{"id":5617,"date":"2018-11-16T12:51:35","date_gmt":"2018-11-16T10:51:35","guid":{"rendered":"https:\/\/www.barefoot-baltics.ee\/product\/bosala-purnene\/"},"modified":"2019-06-06T10:50:26","modified_gmt":"2019-06-06T07:50:26","slug":"bosala-purnene","status":"publish","type":"product","link":"https:\/\/www.barefoot-baltics.ee\/lv\/produkts\/bosala-purnene\/","title":{"rendered":"Bos\u0101la purnene"},"content":{"rendered":"<p>Barefoot bos\u0101ls ir lielisks gan kvalit\u0101tes, gan cenas zi\u0146\u0101. Kodols izgatavots no neapstr\u0101d\u0101tas \u0101das un apvilkta ar \u012bstu j\u0113l\u0101du. Bos\u0101ls ir veidots p\u0113c klasisk\u0101s sp\u0101\u0146u kovboju trad\u012bcij\u0101m, un to lieto kop\u0101 ar mekate pavadu (kas b\u016bs j\u016bsu pavadas).<\/p>\n<p>Tas ir viegli regul\u0113jams un pieliekams iemauktiem. Pieredz\u0113ju\u0161iem j\u0101tniekiem un zirgiem uzlabo sadarb\u012bbu un vienot\u012bbu.<\/p>\n<p>Tas iedarbojas uz zirga degunu un kaklu ( t.s neck-reining). Mudina zirgu tur\u0113t degunu bos\u0101la gredzena centr\u0101.<\/p>\n<p>M\u016bsu bos\u0101ls ir 12 cm gar\u0161 un 2 cm plats.<\/p>\n","protected":false},"excerpt":{"rendered":"<ul>\n<li>Purna siksna p\u0113c tradicion\u0101laj\u0101m sp\u0101\u0146u kovboju trad\u012bcij\u0101m<\/li>\n<li>J\u0113l\u0101das vidus un apdare<\/li>\n<li>Atbilsto\u0161i mekates pavadas pieejamas atsevi\u0161\u0137i<\/li>\n<li>Viens izm\u0113rs der visiem<\/li>\n<\/ul>\n","protected":false},"featured_media":1529,"template":"","meta":[],"product_brand":[],"product_cat":[877],"product_tag":[824,859,863],"class_list":{"0":"post-5617","1":"product","2":"type-product","3":"status-publish","4":"has-post-thumbnail","6":"product_cat-iemaukti-iemauktu-dalas-apausi","7":"product_tag-beztrenzu","8":"product_tag-neapstradats","9":"product_tag-spanu","10":"product_shipping_class-paku-stacija","12":"first","13":"onbackorder","14":"shipping-taxable","15":"purchasable","16":"product-type-simple"},"_links":{"self":[{"href":"https:\/\/www.barefoot-baltics.ee\/lv\/wp-json\/wp\/v2\/product\/5617","targetHints":{"allow":["GET"]}}],"collection":[{"href":"https:\/\/www.barefoot-baltics.ee\/lv\/wp-json\/wp\/v2\/product"}],"about":[{"href":"https:\/\/www.barefoot-baltics.ee\/lv\/wp-json\/wp\/v2\/types\/product"}],"wp:featuredmedia":[{"embeddable":true,"href":"https:\/\/www.barefoot-baltics.ee\/lv\/wp-json\/wp\/v2\/media\/1529"}],"wp:attachment":[{"href":"https:\/\/www.barefoot-baltics.ee\/lv\/wp-json\/wp\/v2\/media?parent=5617"}],"wp:term":[{"taxonomy":"product_brand","embeddable":true,"href":"https:\/\/www.barefoot-baltics.ee\/lv\/wp-json\/wp\/v2\/product_brand?post=5617"},{"taxonomy":"product_cat","embeddable":true,"href":"https:\/\/www.barefoot-baltics.ee\/lv\/wp-json\/wp\/v2\/product_cat?post=5617"},{"taxonomy":"product_tag","embeddable":true,"href":"https:\/\/www.barefoot-baltics.ee\/lv\/wp-json\/wp\/v2\/product_tag?post=5617"}],"curies":[{"name":"wp","href":"https:\/\/api.w.org\/{rel}","templated":true}]}}