{"id":5614,"date":"2018-11-13T14:31:28","date_gmt":"2018-11-13T12:31:28","guid":{"rendered":"https:\/\/www.barefoot-baltics.ee\/product\/jasanas-apausi-seneka-3-1\/"},"modified":"2019-11-30T20:23:36","modified_gmt":"2019-11-30T18:23:36","slug":"jasanas-apausi-seneka-3-1","status":"publish","type":"product","link":"https:\/\/www.barefoot-baltics.ee\/lv\/produkts\/jasanas-apausi-seneka-3-1\/","title":{"rendered":"J\u0101\u0161anas apau\u0161i \u201cSeneka\u201d (3-1)"},"content":{"rendered":"<p>M\u016bsu j\u0101\u0161anas apau\u0161i \u201eSeneka\u201d ir gan daudzpus\u012bgi izmantojami, gan pievilc\u012bgi. Vai tie ir stri\u0137apau\u0161i vai iemaukti? Atbilde ir: ABI.<\/p>\n<p>\u0160os apau\u0161us var izmantot gan darbam no zemes, gan k\u0101 beztren\u017eu iemauktus vai ar\u012b k\u0101 parastos iemauktus ar trenzi, izmantojot \u0101das siksni\u0146as trenzes pielik\u0161anai.<\/p>\n<p>\u201cSeneka\u201d ir \u010detri ner\u016bs\u0113jo\u0161\u0101 t\u0113rauda gredzeni un regul\u0113jami mezgli, lai prec\u012bzi piel\u0101gotu zirga galvai. \u0160os apau\u0161us var izmantot ar\u012b ar mekates pavad\u0101m.<\/p>\n<p>Izgatavoti no polipropil\u0113na ar kokvilnas vidu. Vaigu un pieres siksnas no j\u0113l\u0101das.<\/p>\n<p>Izm\u0113rs 1 ir piem\u0113rots ponijiem, t\u012brasi\u0146iem un Haflingeriem. 2. izm\u0113rs ir der siltasi\u0146iem. Ir pieejamas atbilsto\u0161as \u200b\u200bpavadas.<\/p>\n","protected":false},"excerpt":{"rendered":"<ul>\n<li>Univers\u0101li, ar trim da\u017e\u0101d\u0101m funkcij\u0101m<\/li>\n<li>Dekorat\u012bvas j\u0113l\u0101das vaigu un pieres siksnas<\/li>\n<li>Pieejamas pieska\u0146otas pavadas<\/li>\n<\/ul>\n","protected":false},"featured_media":1491,"template":"","meta":[],"product_brand":[],"product_cat":[877],"product_tag":[859,868,860],"class_list":{"0":"post-5614","1":"product","2":"type-product","3":"status-publish","4":"has-post-thumbnail","6":"product_cat-iemaukti-iemauktu-dalas-apausi","7":"product_tag-neapstradats","8":"product_tag-universals","9":"product_tag-virve","10":"product_shipping_class-paku-stacija","11":"pa_size-1-cob-lv","12":"pa_size-2-full-lv","14":"first","15":"instock","16":"shipping-taxable","17":"purchasable","18":"product-type-variable"},"_links":{"self":[{"href":"https:\/\/www.barefoot-baltics.ee\/lv\/wp-json\/wp\/v2\/product\/5614","targetHints":{"allow":["GET"]}}],"collection":[{"href":"https:\/\/www.barefoot-baltics.ee\/lv\/wp-json\/wp\/v2\/product"}],"about":[{"href":"https:\/\/www.barefoot-baltics.ee\/lv\/wp-json\/wp\/v2\/types\/product"}],"wp:featuredmedia":[{"embeddable":true,"href":"https:\/\/www.barefoot-baltics.ee\/lv\/wp-json\/wp\/v2\/media\/1491"}],"wp:attachment":[{"href":"https:\/\/www.barefoot-baltics.ee\/lv\/wp-json\/wp\/v2\/media?parent=5614"}],"wp:term":[{"taxonomy":"product_brand","embeddable":true,"href":"https:\/\/www.barefoot-baltics.ee\/lv\/wp-json\/wp\/v2\/product_brand?post=5614"},{"taxonomy":"product_cat","embeddable":true,"href":"https:\/\/www.barefoot-baltics.ee\/lv\/wp-json\/wp\/v2\/product_cat?post=5614"},{"taxonomy":"product_tag","embeddable":true,"href":"https:\/\/www.barefoot-baltics.ee\/lv\/wp-json\/wp\/v2\/product_tag?post=5614"}],"curies":[{"name":"wp","href":"https:\/\/api.w.org\/{rel}","templated":true}]}}