{"id":5609,"date":"2018-11-05T18:38:55","date_gmt":"2018-11-05T16:38:55","guid":{"rendered":"https:\/\/www.barefoot-baltics.ee\/product\/iemaukti-rieksts-berniem-maksliga-ada\/"},"modified":"2021-08-30T19:23:06","modified_gmt":"2021-08-30T16:23:06","slug":"iemaukti-rieksts-berniem-maksliga-ada","status":"publish","type":"product","link":"https:\/\/www.barefoot-baltics.ee\/lv\/produkts\/iemaukti-rieksts-berniem-maksliga-ada\/","title":{"rendered":"Beztren\u017eu iemaukti \u201eRieksts\u201d b\u0113rniem (m\u0101ksl\u012bg\u0101 \u0101da)"},"content":{"rendered":"<p>Burv\u012bgi, m\u012bksti polster\u0113ti beztren\u017eu iemaukti ponijam. Iesp\u0113jams izv\u0113l\u0113ties vair\u0101kas kr\u0101su kombin\u0101cijas.<\/p>\n<p>Barefoot beztren\u017eu iemaukti vienm\u0113r\u012bgi sadala spiedienu uz ponija degunu, \u017eokli un pakausi, nov\u0113r\u0161ot diskomfortu. Gan\u0101\u0161u siksna izgatavota no m\u012bkstas un iztur\u012bgas virves.<\/p>\n<p> Gan\u0101\u0161u siksna turpin\u0101s krusteniski zem zoda un cauri gredzeniem, t\u0101dej\u0101di pagarinot pavadu garumu un nodro\u0161inot prec\u012bzu sign\u0101lu nodo\u0161anu.<\/p>\n<ul>\n<li>Maigs spiediena sadal\u012bjums<\/li>\n<li>Polster\u0113ta purna un pieres siksna<\/li>\n<\/ul>\n<p>\u012apa\u0161i plata, polster\u0113ta pakau\u0161a da\u013ca, lai izvair\u012btos no spiediena aiz ponija aus\u012bm<\/p>\n","protected":false},"excerpt":{"rendered":"<ul>\n<li>Maiga, beztren\u017eu alternat\u012bva j\u016bsu b\u0113rnam un ponijam<\/li>\n<li>Crosspull un sidepull<\/li>\n<li>Purna siksna, pakau\u0161a siksna un pierene polster\u0113ta divos to\u0146os<\/li>\n<\/ul>\n","protected":false},"featured_media":1324,"template":"","meta":[],"product_brand":[],"product_cat":[877],"product_tag":[842,824,829,821,862],"class_list":{"0":"post-5609","1":"product","2":"type-product","3":"status-publish","4":"has-post-thumbnail","6":"product_cat-iemaukti-iemauktu-dalas-apausi","7":"product_tag-berniem","8":"product_tag-beztrenzu","9":"product_tag-crosspull-lv","10":"product_tag-maksliga-ada","11":"product_tag-sidepull-lv","12":"product_shipping_class-paku-stacija","13":"pa_colour-bruns","14":"pa_colour-bruns-roza","15":"pa_colour-melns","16":"pa_colour-melns-gaisi-zils","18":"first","19":"instock","20":"shipping-taxable","21":"purchasable","22":"product-type-variable"},"_links":{"self":[{"href":"https:\/\/www.barefoot-baltics.ee\/lv\/wp-json\/wp\/v2\/product\/5609","targetHints":{"allow":["GET"]}}],"collection":[{"href":"https:\/\/www.barefoot-baltics.ee\/lv\/wp-json\/wp\/v2\/product"}],"about":[{"href":"https:\/\/www.barefoot-baltics.ee\/lv\/wp-json\/wp\/v2\/types\/product"}],"wp:featuredmedia":[{"embeddable":true,"href":"https:\/\/www.barefoot-baltics.ee\/lv\/wp-json\/wp\/v2\/media\/1324"}],"wp:attachment":[{"href":"https:\/\/www.barefoot-baltics.ee\/lv\/wp-json\/wp\/v2\/media?parent=5609"}],"wp:term":[{"taxonomy":"product_brand","embeddable":true,"href":"https:\/\/www.barefoot-baltics.ee\/lv\/wp-json\/wp\/v2\/product_brand?post=5609"},{"taxonomy":"product_cat","embeddable":true,"href":"https:\/\/www.barefoot-baltics.ee\/lv\/wp-json\/wp\/v2\/product_cat?post=5609"},{"taxonomy":"product_tag","embeddable":true,"href":"https:\/\/www.barefoot-baltics.ee\/lv\/wp-json\/wp\/v2\/product_tag?post=5609"}],"curies":[{"name":"wp","href":"https:\/\/api.w.org\/{rel}","templated":true}]}}