{"id":5608,"date":"2018-11-06T14:52:56","date_gmt":"2018-11-06T12:52:56","guid":{"rendered":"https:\/\/www.barefoot-baltics.ee\/product\/iemaukti-oukleta\/"},"modified":"2019-06-06T10:35:27","modified_gmt":"2019-06-06T07:35:27","slug":"iemaukti-oukleta","status":"publish","type":"product","link":"https:\/\/www.barefoot-baltics.ee\/lv\/produkts\/iemaukti-oukleta\/","title":{"rendered":"Iemaukti \u201cOukleta\u201d"},"content":{"rendered":"<p>\u0160ie skaistie vesterna iemaukti ir izgatavoti no \u012bstas, augstas kvalit\u0101tes nubukas \u0101das ar kontrast\u0113jo\u0161\u0101m kr\u0101s\u0101m un dekorat\u012bviem pinumiem uz pieres un vaigu siksn\u0101m, kas izgatavoti no \u012bstas j\u0113l\u0101das.<\/p>\n<p>\u0160o iemauktu galven\u0101s iez\u012bmes:<\/p>\n<ul>\n<li>\u012apa\u0161i stiprin\u0101jumi<\/li>\n<li>Moderni mezglota pieres siksna<\/li>\n<li>Pusapa\u013cas ner\u016bs\u0113jo\u0161\u0101 t\u0113rauda spr\u0101dzes<\/li>\n<li>Pievilc\u012bgi apdares elementi<\/li>\n<li>Pla\u0161a izm\u0113ru pieejam\u012bba &#8211; no siltasi\u0146iem l\u012bdz pat vezumniekiem<\/li>\n<\/ul>\n","protected":false},"excerpt":{"rendered":"<ul>\n<li>Skaisti iemaukti izgatavoti no nubuka \u0101das<\/li>\n<li>Dekorat\u012bvas p\u012bnes no j\u0113l\u0101das<\/li>\n<li>Paredz\u0113ts lieto\u0161anai ar Barefoot bos\u0101lu vai ar hakamoru<\/li>\n<\/ul>\n","protected":false},"featured_media":1383,"template":"","meta":[],"product_brand":[],"product_cat":[877],"product_tag":[851,859,869],"class_list":{"0":"post-5608","1":"product","2":"type-product","3":"status-publish","4":"has-post-thumbnail","6":"product_cat-iemaukti-iemauktu-dalas-apausi","7":"product_tag-ada","8":"product_tag-neapstradats","9":"product_tag-vesterna","10":"product_shipping_class-paku-stacija","12":"first","13":"onbackorder","14":"shipping-taxable","15":"purchasable","16":"product-type-simple"},"_links":{"self":[{"href":"https:\/\/www.barefoot-baltics.ee\/lv\/wp-json\/wp\/v2\/product\/5608","targetHints":{"allow":["GET"]}}],"collection":[{"href":"https:\/\/www.barefoot-baltics.ee\/lv\/wp-json\/wp\/v2\/product"}],"about":[{"href":"https:\/\/www.barefoot-baltics.ee\/lv\/wp-json\/wp\/v2\/types\/product"}],"wp:featuredmedia":[{"embeddable":true,"href":"https:\/\/www.barefoot-baltics.ee\/lv\/wp-json\/wp\/v2\/media\/1383"}],"wp:attachment":[{"href":"https:\/\/www.barefoot-baltics.ee\/lv\/wp-json\/wp\/v2\/media?parent=5608"}],"wp:term":[{"taxonomy":"product_brand","embeddable":true,"href":"https:\/\/www.barefoot-baltics.ee\/lv\/wp-json\/wp\/v2\/product_brand?post=5608"},{"taxonomy":"product_cat","embeddable":true,"href":"https:\/\/www.barefoot-baltics.ee\/lv\/wp-json\/wp\/v2\/product_cat?post=5608"},{"taxonomy":"product_tag","embeddable":true,"href":"https:\/\/www.barefoot-baltics.ee\/lv\/wp-json\/wp\/v2\/product_tag?post=5608"}],"curies":[{"name":"wp","href":"https:\/\/api.w.org\/{rel}","templated":true}]}}