{"id":5598,"date":"2018-12-29T13:05:39","date_gmt":"2018-12-29T11:05:39","guid":{"rendered":"https:\/\/www.barefoot-baltics.ee\/product\/kavesons-veido\/"},"modified":"2020-12-14T11:36:15","modified_gmt":"2020-12-14T09:36:15","slug":"kavesons-veido","status":"publish","type":"product","link":"https:\/\/www.barefoot-baltics.ee\/lv\/produkts\/kavesons-veido\/","title":{"rendered":"Kavesons &#8220;Veido!&#8221;"},"content":{"rendered":"<p>\u0160is kavesons n\u0101k no s\u0113rijas \u201cVeido!\u201d, kas noz\u012bm\u0113, ka j\u016bs varat to piel\u0101got t\u0101, lai tas perfekti atbilstu zirga degunam.<\/p>\n<p>\u0160\u012b m\u012bkst\u0101 purna siksna ir \u012bpa\u0161a daudzu iemeslu d\u0113\u013c. Pamatapm\u0101c\u012bbu un pamatdarb\u012bbu laik\u0101 ir svar\u012bgi, lai j\u016bsu s\u016bt\u012btie sign\u0101li sasniegtu zirgu p\u0113c iesp\u0113jas prec\u012bz\u0101k &#8211; pret\u0113j\u0101 gad\u012bjum\u0101, ko j\u016bs varat sagaid\u012bt? Tas \u012bpa\u0161i attiecas uz zirgiem ar neparasti jut\u012bg\u0101m galv\u0101m. Liel\u0101k\u0101 da\u013ca purna siksnu, kas ir pieejamas, diem\u017e\u0113l sl\u012bd uz priek\u0161u un atpaka\u013c uz deguna, kas padara prec\u012bzu \u201euz vietas\u201d atbalstu praktiski neiesp\u0113jamu. Ar \u201eVeido!\u201d purna siksnu j\u016bs to var\u0113siet izdar\u012bt bez p\u016bl\u0113m pateicoties piel\u0101gojamai formai. T\u0101 saglab\u0101s kontaktu daudz lab\u0101k un \u013caus skaidri un prec\u012bzi sazin\u0101ties ar zirgu.<\/p>\n<p>Inov\u0101cija n\u0101k no biezas, saliektas stieples. Apvalks ir veidots ap \u0161o stiepli, un t\u0101d\u0113\u013c to var piem\u0113rot katram zirgam. Purna siksna paliek sav\u0101 viet\u0101 un nesl\u012bd.<br \/>\nTas ir plats un \u0113rti polster\u0113ts. Tam ir 5 integr\u0113ti gredzeni, kas \u013cauj to izmantot daudzos da\u017e\u0101dos veidos. Tas pat ir piem\u0113rots beztren\u017eu iemauktiem \u2013 pavadas  var  piestiprin\u0101t pie \u0101r\u0113jiem gredzeniem. Kordo\u0161anai izmantojiet vid\u0113jo vai vienu no s\u0101nu gredzeniem.<\/p>\n<p>M\u0113s iesak\u0101m izmantot \u0161o kavesonu kop\u0101 ar Barefoot \u201cFizio\u201d iemauktiem, kas lieliski atbilst zirga galvai, atst\u0101jot jut\u012bgo acu zonu br\u012bvu. Protams, to var izmantot ar\u012b ar jebkuriem standarta iemauktiem.<\/p>\n<p>Garums:<\/p>\n<ul>\n<li>0. izm\u0113rs PONIJS: 57-66 cm<\/li>\n<li>1. izm\u0113rs COB: 63-73 cm<\/li>\n<li>2. izm\u0113rs FULL: 67-77 cm<\/li>\n<li>3. izm\u0113rs DRAFT: 76-85 cm<\/li>\n<\/ul>\n","protected":false},"excerpt":{"rendered":"<ul>\n<li>Elast\u012bgs un piel\u0101gojams<\/li>\n<li>M\u012bksti polster\u0113ts<\/li>\n<li>Prec\u012bza pal\u012bgier\u012bce, pateicoties perfektai uzlik\u0161anai<\/li>\n<li>Nesl\u012bdo\u0161s, ar iztur\u012bgiem gredzeniem<\/li>\n<li>Piem\u0113rots ar\u012b izj\u0101d\u0113m<\/li>\n<\/ul>\n","protected":false},"featured_media":1585,"template":"","meta":[],"product_brand":[],"product_cat":[877],"product_tag":[851,824,837,847],"class_list":{"0":"post-5598","1":"product","2":"type-product","3":"status-publish","4":"has-post-thumbnail","6":"product_cat-iemaukti-iemauktu-dalas-apausi","7":"product_tag-ada","8":"product_tag-beztrenzu","9":"product_tag-ipasi-erti","10":"product_tag-zirgu-apmaciba","11":"product_shipping_class-paku-stacija","12":"pa_colour-bruns-lazdu-rieksts","13":"pa_colour-melns-peleks","14":"pa_size-0-pony-lv","15":"pa_size-1-cob-lv","16":"pa_size-2-full-lv","17":"pa_size-3-draft-lv","19":"first","20":"instock","21":"shipping-taxable","22":"purchasable","23":"product-type-variable"},"_links":{"self":[{"href":"https:\/\/www.barefoot-baltics.ee\/lv\/wp-json\/wp\/v2\/product\/5598","targetHints":{"allow":["GET"]}}],"collection":[{"href":"https:\/\/www.barefoot-baltics.ee\/lv\/wp-json\/wp\/v2\/product"}],"about":[{"href":"https:\/\/www.barefoot-baltics.ee\/lv\/wp-json\/wp\/v2\/types\/product"}],"wp:featuredmedia":[{"embeddable":true,"href":"https:\/\/www.barefoot-baltics.ee\/lv\/wp-json\/wp\/v2\/media\/1585"}],"wp:attachment":[{"href":"https:\/\/www.barefoot-baltics.ee\/lv\/wp-json\/wp\/v2\/media?parent=5598"}],"wp:term":[{"taxonomy":"product_brand","embeddable":true,"href":"https:\/\/www.barefoot-baltics.ee\/lv\/wp-json\/wp\/v2\/product_brand?post=5598"},{"taxonomy":"product_cat","embeddable":true,"href":"https:\/\/www.barefoot-baltics.ee\/lv\/wp-json\/wp\/v2\/product_cat?post=5598"},{"taxonomy":"product_tag","embeddable":true,"href":"https:\/\/www.barefoot-baltics.ee\/lv\/wp-json\/wp\/v2\/product_tag?post=5598"}],"curies":[{"name":"wp","href":"https:\/\/api.w.org\/{rel}","templated":true}]}}