{"id":5595,"date":"2018-11-06T15:13:41","date_gmt":"2018-11-06T13:13:41","guid":{"rendered":"https:\/\/www.barefoot-baltics.ee\/product\/iemaukti-devona-berniem-maksliga-ada\/"},"modified":"2019-06-05T07:54:35","modified_gmt":"2019-06-05T04:54:35","slug":"iemaukti-devona-berniem-maksliga-ada","status":"publish","type":"product","link":"https:\/\/www.barefoot-baltics.ee\/lv\/produkts\/iemaukti-devona-berniem-maksliga-ada\/","title":{"rendered":"Iemaukti \u201eDevona\u201d b\u0113rniem (m\u0101ksl\u012bg\u0101 \u0101da)"},"content":{"rendered":"<p>\u0160ie skaistie poniju iemaukti ir pieejami div\u0101s kr\u0101su kombin\u0101cij\u0101s. Tie ir m\u012bksti polster\u0113ti un izdekor\u0113ti ar akmenti\u0146iem uz pieres siksnas.<\/p>\n<p>Purna siksna, pakau\u0161a da\u013ca un pieres siksna ir m\u012bksti polster\u0113ta, ieskaitot vietas zem spr\u0101dz\u0113m. Polster\u0113jums ir veidots no te\u013c\u0101das ar neopr\u0113na pild\u012bjumu, lai izvair\u012btos no p\u0101r\u0101k liela spiediena uz zirga pakausi un deguna kaulu. Polster\u0113jums ir plats un plakanu virsmu, kas padara iemauktus \u013coti elast\u012bgus un pasarg\u0101 no \u0101das kairin\u0101juma un berzes jut\u012bgaj\u0101s zon\u0101s.<\/p>\n<p>Pakau\u0161a da\u013c\u0101 ir plats un m\u012bksts polster\u0113jums, lai aizsarg\u0101tu jut\u012bgo zonu aiz aus\u012bm un no\u0146emtu spiedienu no kakla pirm\u0101 skrieme\u013ca.<\/p>\n<p>Lai \u0161ie iemaukti b\u016btu patiesi zirgam draudz\u012bgi, nav paredz\u0113ta astotnieka siksni\u0146a.<\/p>\n","protected":false},"excerpt":{"rendered":"<ul>\n<li>\u013boti m\u012bksti polster\u0113ti un poniju iemaukti<\/li>\n<li>M\u012bksts polster\u0113jums, divu to\u0146u pierene un purnene<\/li>\n<li>Dekorat\u012bvo akmenti\u0146u apdare uz piera siksnas<\/li>\n<\/ul>\n","protected":false},"featured_media":1397,"template":"","meta":[],"product_brand":[],"product_cat":[877],"product_tag":[836,842,821,856],"class_list":{"0":"post-5595","1":"product","2":"type-product","3":"status-publish","4":"has-post-thumbnail","6":"product_cat-iemaukti-iemauktu-dalas-apausi","7":"product_tag-anglu","8":"product_tag-berniem","9":"product_tag-maksliga-ada","10":"product_tag-ponijs","11":"product_shipping_class-paku-stacija","12":"pa_colour-bruns-roza","13":"pa_colour-melns-gaisi-zils","15":"first","16":"instock","17":"shipping-taxable","18":"purchasable","19":"product-type-variable"},"_links":{"self":[{"href":"https:\/\/www.barefoot-baltics.ee\/lv\/wp-json\/wp\/v2\/product\/5595","targetHints":{"allow":["GET"]}}],"collection":[{"href":"https:\/\/www.barefoot-baltics.ee\/lv\/wp-json\/wp\/v2\/product"}],"about":[{"href":"https:\/\/www.barefoot-baltics.ee\/lv\/wp-json\/wp\/v2\/types\/product"}],"wp:featuredmedia":[{"embeddable":true,"href":"https:\/\/www.barefoot-baltics.ee\/lv\/wp-json\/wp\/v2\/media\/1397"}],"wp:attachment":[{"href":"https:\/\/www.barefoot-baltics.ee\/lv\/wp-json\/wp\/v2\/media?parent=5595"}],"wp:term":[{"taxonomy":"product_brand","embeddable":true,"href":"https:\/\/www.barefoot-baltics.ee\/lv\/wp-json\/wp\/v2\/product_brand?post=5595"},{"taxonomy":"product_cat","embeddable":true,"href":"https:\/\/www.barefoot-baltics.ee\/lv\/wp-json\/wp\/v2\/product_cat?post=5595"},{"taxonomy":"product_tag","embeddable":true,"href":"https:\/\/www.barefoot-baltics.ee\/lv\/wp-json\/wp\/v2\/product_tag?post=5595"}],"curies":[{"name":"wp","href":"https:\/\/api.w.org\/{rel}","templated":true}]}}