{"id":5594,"date":"2018-11-05T19:16:38","date_gmt":"2018-11-05T17:16:38","guid":{"rendered":"https:\/\/www.barefoot-baltics.ee\/product\/kokvilnas-iemaukti-ar-pavadam-peonija\/"},"modified":"2021-02-17T11:56:26","modified_gmt":"2021-02-17T09:56:26","slug":"kokvilnas-iemaukti-ar-pavadam-peonija","status":"publish","type":"product","link":"https:\/\/www.barefoot-baltics.ee\/lv\/produkts\/kokvilnas-iemaukti-ar-pavadam-peonija\/","title":{"rendered":"Kokvilnas iemaukti ar pavad\u0101m \u201ePeonija\u201d"},"content":{"rendered":"<p>\u0160ie  ir m\u016bsu  beztren\u017eu iemaukti, kas izgatavoti no biezas, p\u012btas kokvilnas virves. Tie ir \u013coti gludi un viegli, tan\u012b pat laik\u0101 stabili. Komplekt\u0101 iek\u013cautas divas pavadas un \u0101das uz\u0161uves ar m\u016bsu logotipu.<\/p>\n<p>Pavadas iet zem zoda cauri gredzeniem, kas ir piestiprin\u0101ti ab\u0101s pus\u0113s: spiediens uz deguna da\u013cu dod zirgam sign\u0101lu main\u012bt virzienu vai \u0101trumu.<\/p>\n<ul>\n<li>Vienk\u0101r\u0161a alternat\u012bva visiem j\u0101\u0161anas veidiem<\/li>\n<li>M\u012bksts spiediens<\/li>\n<li>\u012apa\u0161i garas pavadas<\/li>\n<li>M\u012bksts un stabils materi\u0101ls<\/li>\n<\/ul>\n","protected":false},"excerpt":{"rendered":"<ul>\n<li>Viegli iemaukti, kas izgatavoti no p\u012btas kokvilnas virves<\/li>\n<li>Komplekt\u0101 m\u012bkstas, garas pavadas<\/li>\n<li>Maigs spiediens<\/li>\n<\/ul>\n","protected":false},"featured_media":1334,"template":"","meta":[],"product_brand":[],"product_cat":[877],"product_tag":[824,860],"class_list":{"0":"post-5594","1":"product","2":"type-product","3":"status-publish","4":"has-post-thumbnail","6":"product_cat-iemaukti-iemauktu-dalas-apausi","7":"product_tag-beztrenzu","8":"product_tag-virve","9":"product_shipping_class-paku-stacija","11":"first","12":"onbackorder","13":"shipping-taxable","14":"purchasable","15":"product-type-simple"},"_links":{"self":[{"href":"https:\/\/www.barefoot-baltics.ee\/lv\/wp-json\/wp\/v2\/product\/5594","targetHints":{"allow":["GET"]}}],"collection":[{"href":"https:\/\/www.barefoot-baltics.ee\/lv\/wp-json\/wp\/v2\/product"}],"about":[{"href":"https:\/\/www.barefoot-baltics.ee\/lv\/wp-json\/wp\/v2\/types\/product"}],"wp:featuredmedia":[{"embeddable":true,"href":"https:\/\/www.barefoot-baltics.ee\/lv\/wp-json\/wp\/v2\/media\/1334"}],"wp:attachment":[{"href":"https:\/\/www.barefoot-baltics.ee\/lv\/wp-json\/wp\/v2\/media?parent=5594"}],"wp:term":[{"taxonomy":"product_brand","embeddable":true,"href":"https:\/\/www.barefoot-baltics.ee\/lv\/wp-json\/wp\/v2\/product_brand?post=5594"},{"taxonomy":"product_cat","embeddable":true,"href":"https:\/\/www.barefoot-baltics.ee\/lv\/wp-json\/wp\/v2\/product_cat?post=5594"},{"taxonomy":"product_tag","embeddable":true,"href":"https:\/\/www.barefoot-baltics.ee\/lv\/wp-json\/wp\/v2\/product_tag?post=5594"}],"curies":[{"name":"wp","href":"https:\/\/api.w.org\/{rel}","templated":true}]}}