{"id":5578,"date":"2019-01-22T07:00:05","date_gmt":"2019-01-22T05:00:05","guid":{"rendered":"https:\/\/www.barefoot-baltics.ee\/product\/purnene-veido\/"},"modified":"2020-11-04T15:10:11","modified_gmt":"2020-11-04T13:10:11","slug":"purnene-veido","status":"publish","type":"product","link":"https:\/\/www.barefoot-baltics.ee\/lv\/produkts\/purnene-veido\/","title":{"rendered":"Purnene \u201cVeido!\u201d"},"content":{"rendered":"<p>T\u0101 ir \u012bpa\u0161a purna siksna, jo j\u016bs varat to prec\u012bzi piel\u0101got zirga purna formai. \u201eVeido!\u201d  purna siksna ir izgatavota no \u012bstas nubukas \u0101das, un tai ir gredzeni, kas ir uzst\u0101d\u012bti ab\u0101s pus\u0113s, lai to var\u0113tu piestiprin\u0101t.<\/p>\n<p>Inov\u0101ciju nodro\u0161ina elast\u012bga, bieza stieple, kas atrodas purna da\u013c\u0101. T\u0101p\u0113c \u201cVeido!\u201d k\u013c\u016bst stabil\u0101ks un nesl\u012bd tik viegli. <\/p>\n<p>Uzst\u0101d\u012b\u0161ana: abi aug\u0161\u0113jie gredzeni ir vienk\u0101r\u0161i j\u0101piestiprinina pie vaigu siksn\u0101m. Purna siksnai j\u0101atrodas 2-3 cm zem vaigu kaula. T\u0101 ir ide\u0101li piem\u0113rots izj\u0101d\u0113m, kordo\u0161anai un darbam no zemes. \u0160o purna siksnu iesp\u0113jams izmantot ar tren\u017eu iemauktiem.<\/p>\n<p>Izm\u0113\u0157i:<\/p>\n<ul>\n<li>0 PONIJS, 57-66 cm<\/li>\n<li>1 COB, 63-73 cm<\/li>\n<li>2 FULL, 67-77 cm<\/li>\n<\/ul>\n<p>Atbilsto\u0161as \u200b\u200biemauktu da\u013cas, pavadas un tren\u017eu siksni\u0146as tiek p\u0101rdotas atsevi\u0161\u0137i.<\/p>\n","protected":false},"excerpt":{"rendered":"<ul>\n<li>Izmantojama beztren\u017eu iemauktiem un darbam no zemes<\/li>\n<li>Elast\u012bga, jo lieliski piel\u0101gojas zirga degunam<\/li>\n<li>Piem\u0113rots visiem parastajiem iemauktiem<\/li>\n<li>\u012asta \u0101da<\/li>\n<\/ul>\n","protected":false},"featured_media":1622,"template":"","meta":[],"product_brand":[],"product_cat":[877],"product_tag":[851,837,818],"class_list":{"0":"post-5578","1":"product","2":"type-product","3":"status-publish","4":"has-post-thumbnail","6":"product_cat-iemaukti-iemauktu-dalas-apausi","7":"product_tag-ada","8":"product_tag-ipasi-erti","9":"product_tag-regulejams","10":"product_shipping_class-paku-stacija","11":"pa_colour-bruns","12":"pa_colour-melns","13":"pa_size-0-pony-lv","14":"pa_size-1-cob-lv","15":"pa_size-2-full-lv","17":"first","18":"instock","19":"shipping-taxable","20":"purchasable","21":"product-type-variable"},"_links":{"self":[{"href":"https:\/\/www.barefoot-baltics.ee\/lv\/wp-json\/wp\/v2\/product\/5578","targetHints":{"allow":["GET"]}}],"collection":[{"href":"https:\/\/www.barefoot-baltics.ee\/lv\/wp-json\/wp\/v2\/product"}],"about":[{"href":"https:\/\/www.barefoot-baltics.ee\/lv\/wp-json\/wp\/v2\/types\/product"}],"wp:featuredmedia":[{"embeddable":true,"href":"https:\/\/www.barefoot-baltics.ee\/lv\/wp-json\/wp\/v2\/media\/1622"}],"wp:attachment":[{"href":"https:\/\/www.barefoot-baltics.ee\/lv\/wp-json\/wp\/v2\/media?parent=5578"}],"wp:term":[{"taxonomy":"product_brand","embeddable":true,"href":"https:\/\/www.barefoot-baltics.ee\/lv\/wp-json\/wp\/v2\/product_brand?post=5578"},{"taxonomy":"product_cat","embeddable":true,"href":"https:\/\/www.barefoot-baltics.ee\/lv\/wp-json\/wp\/v2\/product_cat?post=5578"},{"taxonomy":"product_tag","embeddable":true,"href":"https:\/\/www.barefoot-baltics.ee\/lv\/wp-json\/wp\/v2\/product_tag?post=5578"}],"curies":[{"name":"wp","href":"https:\/\/api.w.org\/{rel}","templated":true}]}}