{"id":5575,"date":"2018-11-09T14:47:24","date_gmt":"2018-11-09T12:47:24","guid":{"rendered":"https:\/\/www.barefoot-baltics.ee\/product\/apausi-jasanai-junipera-3-1\/"},"modified":"2021-08-30T19:22:44","modified_gmt":"2021-08-30T16:22:44","slug":"apausi-jasanai-junipera-3-1","status":"publish","type":"product","link":"https:\/\/www.barefoot-baltics.ee\/lv\/produkts\/apausi-jasanai-junipera-3-1\/","title":{"rendered":"Apau\u0161i j\u0101\u0161anai \u201cJunipera\u201d (3 &#8211; 1)"},"content":{"rendered":"<p>\u0160ie ir \u012bpa\u0161i veidoti apau\u0161i.<\/p>\n<p>J\u016bs varat tos izmantot darbam no zemes darbiem vai izj\u0101d\u0113s. Varat tos izmantot gan kop\u0101 ar trenzi gan bez t\u0101s. Ja v\u0113laties, varat izmantot ar\u012b hakamorai. Pieejamas ar\u012b atbilsto\u0161as \u200b\u200bj\u0101\u0161anas pavadas un vedam\u0101 pavada.<\/p>\n<p>\u0160iem apau\u0161iem ir pieci gredzeni, kas izgatavoti no ner\u016bs\u0113jo\u0161\u0101 t\u0113rauda. Pateicoties mezgliem, apau\u0161us ir viegli uzlikt zirgam.<\/p>\n<p>Izgatavoti no polipropil\u0113na ar kokvilnas vidusda\u013cu.<\/p>\n<p>M\u0113s iesak\u0101m neizmantot \u0161os apau\u0161us, lai piesietu zirgu vai izlai\u017eot gan\u012bb\u0101s. \u0160im nol\u016bkam, l\u016bdzu, izmantojiet apau\u0161us ar dro\u0161\u012bbas sist\u0113mu.<\/p>\n","protected":false},"excerpt":{"rendered":"<ul>\n<li>Apau\u0161i ar trim \u012bpa\u0161\u0101m paz\u012bm\u0113m<\/li>\n<li>Darbam no zemes vai j\u0101\u0161us<\/li>\n<li>Izmantojot trenzi vai bez<\/li>\n<li>Pieejamas pieska\u0146otas j\u0101\u0161anas pavadas un vedam\u0101 pavada<\/li>\n<\/ul>\n","protected":false},"featured_media":1455,"template":"","meta":[],"product_brand":[],"product_cat":[877],"product_tag":[824,845,823,860],"class_list":{"0":"post-5575","1":"product","2":"type-product","3":"status-publish","4":"has-post-thumbnail","6":"product_cat-iemaukti-iemauktu-dalas-apausi","7":"product_tag-beztrenzu","8":"product_tag-darbs-no-zemes","9":"product_tag-trenze","10":"product_tag-virve","11":"product_shipping_class-paku-stacija","12":"pa_size-1-cob-lv","13":"pa_size-2-full-lv","15":"first","16":"instock","17":"shipping-taxable","18":"purchasable","19":"product-type-variable"},"_links":{"self":[{"href":"https:\/\/www.barefoot-baltics.ee\/lv\/wp-json\/wp\/v2\/product\/5575","targetHints":{"allow":["GET"]}}],"collection":[{"href":"https:\/\/www.barefoot-baltics.ee\/lv\/wp-json\/wp\/v2\/product"}],"about":[{"href":"https:\/\/www.barefoot-baltics.ee\/lv\/wp-json\/wp\/v2\/types\/product"}],"wp:featuredmedia":[{"embeddable":true,"href":"https:\/\/www.barefoot-baltics.ee\/lv\/wp-json\/wp\/v2\/media\/1455"}],"wp:attachment":[{"href":"https:\/\/www.barefoot-baltics.ee\/lv\/wp-json\/wp\/v2\/media?parent=5575"}],"wp:term":[{"taxonomy":"product_brand","embeddable":true,"href":"https:\/\/www.barefoot-baltics.ee\/lv\/wp-json\/wp\/v2\/product_brand?post=5575"},{"taxonomy":"product_cat","embeddable":true,"href":"https:\/\/www.barefoot-baltics.ee\/lv\/wp-json\/wp\/v2\/product_cat?post=5575"},{"taxonomy":"product_tag","embeddable":true,"href":"https:\/\/www.barefoot-baltics.ee\/lv\/wp-json\/wp\/v2\/product_tag?post=5575"}],"curies":[{"name":"wp","href":"https:\/\/api.w.org\/{rel}","templated":true}]}}