{"id":5566,"date":"2019-02-16T09:57:02","date_gmt":"2019-02-16T07:57:02","guid":{"rendered":"https:\/\/www.barefoot-baltics.ee\/product\/apausi-stiepies-elpo\/"},"modified":"2021-05-22T11:45:36","modified_gmt":"2021-05-22T08:45:36","slug":"apausi-stiepies-elpo","status":"publish","type":"product","link":"https:\/\/www.barefoot-baltics.ee\/lv\/produkts\/apausi-stiepies-elpo\/","title":{"rendered":"Apau\u0161i \u201cStiepies &#038; Elpo\u201d"},"content":{"rendered":"<p>\u0160ie apau\u0161i ir \u013coti funkcion\u0101li. \u012apa\u0161i dro\u0161I un \u0113rtI zirgam. Izgatavots no m\u0101ksl\u012bg\u0101 Barefoot materi\u0101la, ko sauc par \u201cStiepies &#038; Elpo\u201d.<\/p>\n<p>\u0160ajos apau\u0161os tiek izmantots elast\u012bgs materi\u0101ls, kas dod papildus br\u012bv\u012bbu un atbr\u012bvo zirgu stresa br\u012bd\u012b. Zirgs panikas br\u012bd\u012b pavisam vienk\u0101r\u0161i var novilkt apau\u0161us tos nesapl\u0113\u0161ot, un t\u0101d\u0113\u013c to var izmantot v\u0113lreiz.<\/p>\n<p>Tie ir ide\u0101li piem\u0113rots izmanto\u0161anai gan\u012bb\u0101s, laukum\u0101 vai jauniem zirgiem, kas v\u0113l nav pieradu\u0161i pie piesie\u0161anas. Komplekt\u0101 n\u0101k polster\u0113jums no \u012bstas aitas vilnas, gan degunam, gan pakausim. \u0160os polsterus var vienk\u0101r\u0161i no\u0146emt, atverot velcro.<\/p>\n<p>Papildu dro\u0161\u012bbai apau\u0161iem ir neliela panikas karab\u012bne, ko var atv\u0113rt ar vienu roku.<\/p>\n<p>Apau\u0161us var mazg\u0101t 30 gr\u0101dos, iz\u0146emot aitas vilnas polsterus, kas j\u0101mazg\u0101 atsevi\u0161\u0137i, ar rok\u0101m. Pirms \u017e\u0101v\u0113\u0161anas polsteri ir j\u0101ievelk atpaka\u013c form\u0101.<\/p>\n","protected":false},"excerpt":{"rendered":"<ul>\n<li>Elast\u012bgs \u201eStiepies &#038; Elpo\u201d materi\u0101ls<\/li>\n<li>Dro\u0161\u012bbas sist\u0113ma, kas atbr\u012bvo zirga galvu panikas br\u012bd\u012b<\/li>\n<li>Velcro stiprin\u0101jums un aitas vilnas polster\u0113jums purna un pakau\u0161a da\u013c\u0101<\/li>\n<\/ul>\n","protected":false},"featured_media":1745,"template":"","meta":[],"product_brand":[],"product_cat":[877],"product_tag":[834,838,837],"class_list":{"0":"post-5566","1":"product","2":"type-product","3":"status-publish","4":"has-post-thumbnail","6":"product_cat-iemaukti-iemauktu-dalas-apausi","7":"product_tag-elastigs","8":"product_tag-ipasi-drosi","9":"product_tag-ipasi-erti","10":"product_shipping_class-paku-stacija","11":"pa_colour-bruns","12":"pa_colour-gaisi-zils","13":"pa_size-0-pony-lv","14":"pa_size-1-cob-lv","15":"pa_size-2-full-lv","16":"pa_size-3-draft-lv","18":"first","19":"instock","20":"shipping-taxable","21":"purchasable","22":"product-type-variable"},"_links":{"self":[{"href":"https:\/\/www.barefoot-baltics.ee\/lv\/wp-json\/wp\/v2\/product\/5566","targetHints":{"allow":["GET"]}}],"collection":[{"href":"https:\/\/www.barefoot-baltics.ee\/lv\/wp-json\/wp\/v2\/product"}],"about":[{"href":"https:\/\/www.barefoot-baltics.ee\/lv\/wp-json\/wp\/v2\/types\/product"}],"wp:featuredmedia":[{"embeddable":true,"href":"https:\/\/www.barefoot-baltics.ee\/lv\/wp-json\/wp\/v2\/media\/1745"}],"wp:attachment":[{"href":"https:\/\/www.barefoot-baltics.ee\/lv\/wp-json\/wp\/v2\/media?parent=5566"}],"wp:term":[{"taxonomy":"product_brand","embeddable":true,"href":"https:\/\/www.barefoot-baltics.ee\/lv\/wp-json\/wp\/v2\/product_brand?post=5566"},{"taxonomy":"product_cat","embeddable":true,"href":"https:\/\/www.barefoot-baltics.ee\/lv\/wp-json\/wp\/v2\/product_cat?post=5566"},{"taxonomy":"product_tag","embeddable":true,"href":"https:\/\/www.barefoot-baltics.ee\/lv\/wp-json\/wp\/v2\/product_tag?post=5566"}],"curies":[{"name":"wp","href":"https:\/\/api.w.org\/{rel}","templated":true}]}}