{"id":5562,"date":"2018-12-21T06:46:46","date_gmt":"2018-12-21T04:46:46","guid":{"rendered":"https:\/\/www.barefoot-baltics.ee\/product\/purna-siksna-hakamorai\/"},"modified":"2024-06-16T21:48:01","modified_gmt":"2024-06-16T18:48:01","slug":"purna-siksna-hakamorai","status":"publish","type":"product","link":"https:\/\/www.barefoot-baltics.ee\/lv\/produkts\/purna-siksna-hakamorai\/","title":{"rendered":"Purna siksna hakamorai"},"content":{"rendered":"<p>M\u016bsu Barefoot purna siksna piem\u0113rota gan m\u016bsu \u201eBeztren\u017eu\u201d gan citiem hakamoras veidiem, t\u0101 ir anatomiski veidota, t\u0101d\u0101 veid\u0101 sadalot spiedienu uz zirga purnu. Pateicoties t\u0101s formai, t\u0101 ir ar\u012b iev\u0113rojami stabil\u0101ka.<\/p>\n<p>\u0160\u012b siksna ir izgatavota no nubuka \u0101das vai ang\u013cu \u0101das, kas ir zin\u0101ma k\u0101 iztur\u012bga un \u013coti elast\u012bga. Siksnas iek\u0161pus\u0113 ir m\u012bksts \u0101das p\u0101rkl\u0101jums.<\/p>\n<p>Pieejama tr\u012bs variantos:<\/p>\n<ul>\n<li>Melna: ang\u013cu \u0101da ar uzdruk\u0101tu logo un kvadr\u0101tveida spr\u0101dz\u0113m<\/li>\n<li>Br\u016bna: Instrument\u0113ta nubuka \u0101da ar Barefoot logo apdruku un apa\u013c\u0101m spr\u0101dz\u0113m<\/li>\n<li>Gai\u0161a: Instrument\u0113ta nubuka \u0101da ar Barefoot logo apdruku un apa\u013c\u0101m spr\u0101dz\u0113m<\/li>\n<\/ul>\n<p>Garums ir regul\u0113jams no 27 l\u012bdz 30 cm.<\/p>\n","protected":false},"excerpt":{"rendered":"<ul>\n<li>Purna siksna hakamorai, t.sk. m\u016bsu \u201ebeztrenzei\u201d.<\/li>\n<li>Elast\u012bga, polster\u0113ta \u0101da<\/li>\n<li>Anatomisk\u0101 forma, kas vienm\u0113r\u012bgi sadala spiedienu<\/li>\n<li>Da\u017e\u0101das kr\u0101sas un dizaini<\/li>\n<\/ul>\n","protected":false},"featured_media":1570,"template":"","meta":[],"product_brand":[],"product_cat":[878],"product_tag":[851],"class_list":{"0":"post-5562","1":"product","2":"type-product","3":"status-publish","4":"has-post-thumbnail","6":"product_cat-pavadas-vedamas-pavadas-aksesuari","7":"product_tag-ada","8":"product_shipping_class-paku-stacija","9":"pa_colour-bruns","10":"pa_colour-gaiss","11":"pa_colour-melns","13":"first","14":"instock","15":"shipping-taxable","16":"purchasable","17":"product-type-variable"},"_links":{"self":[{"href":"https:\/\/www.barefoot-baltics.ee\/lv\/wp-json\/wp\/v2\/product\/5562","targetHints":{"allow":["GET"]}}],"collection":[{"href":"https:\/\/www.barefoot-baltics.ee\/lv\/wp-json\/wp\/v2\/product"}],"about":[{"href":"https:\/\/www.barefoot-baltics.ee\/lv\/wp-json\/wp\/v2\/types\/product"}],"wp:featuredmedia":[{"embeddable":true,"href":"https:\/\/www.barefoot-baltics.ee\/lv\/wp-json\/wp\/v2\/media\/1570"}],"wp:attachment":[{"href":"https:\/\/www.barefoot-baltics.ee\/lv\/wp-json\/wp\/v2\/media?parent=5562"}],"wp:term":[{"taxonomy":"product_brand","embeddable":true,"href":"https:\/\/www.barefoot-baltics.ee\/lv\/wp-json\/wp\/v2\/product_brand?post=5562"},{"taxonomy":"product_cat","embeddable":true,"href":"https:\/\/www.barefoot-baltics.ee\/lv\/wp-json\/wp\/v2\/product_cat?post=5562"},{"taxonomy":"product_tag","embeddable":true,"href":"https:\/\/www.barefoot-baltics.ee\/lv\/wp-json\/wp\/v2\/product_tag?post=5562"}],"curies":[{"name":"wp","href":"https:\/\/api.w.org\/{rel}","templated":true}]}}