{"id":5549,"date":"2019-02-02T16:04:49","date_gmt":"2019-02-02T14:04:49","guid":{"rendered":"https:\/\/www.barefoot-baltics.ee\/product\/strikapausi-esi-maigs\/"},"modified":"2022-09-23T10:48:19","modified_gmt":"2022-09-23T07:48:19","slug":"strikapausi-esi-maigs","status":"publish","type":"product","link":"https:\/\/www.barefoot-baltics.ee\/lv\/produkts\/strikapausi-esi-maigs\/","title":{"rendered":"Stri\u0137apau\u0161i \u201eEsi maigs\u201d"},"content":{"rendered":"<p>\u0160ie stri\u0137apau\u0161i ir izgatavoti no m\u012bksta, gluda divto\u0146u materi\u0101la. To var izmantot gan str\u0101d\u0101jot ar zirgu no zemes (ar garo pavadu), gan dodoties izj\u0101d\u0113. Pieejamas atbilsto\u0161as pavadas, kuras var piestiprin\u0101t pie s\u0101nu gredzeniem. <\/p>\n<p>Polster\u0113jums uz purna da\u013cas pieska\u0146ot\u0101 kr\u0101s\u0101. Tas ir pieejams daz\u0101d\u0101s kr\u0101su kombin\u0101cij\u0101s.<\/p>\n<p>Esiet uzman\u012bgi piesienot zirgu \u0161ajos stri\u0137apau\u0161os. Papildu dro\u0161\u012bbai m\u0113s iesak\u0101m izmantot panikas karab\u012bni.<\/p>\n","protected":false},"excerpt":{"rendered":"<ul>\n<li>Paredz\u0113ti darbam no zemes un izj\u0101d\u0113m<\/li>\n<li>S\u0101nu gredzeni pavadu piestiprin\u0101\u0161anai<\/li>\n<li>M\u012bksts materi\u0101ls, polster\u0113ta purna da\u013ca<\/li>\n<li>Pieejamas atbilsto\u0161as pavadas<\/li>\n<\/ul>\n","protected":false},"featured_media":1701,"template":"","meta":[],"product_brand":[],"product_cat":[877],"product_tag":[868,860],"class_list":{"0":"post-5549","1":"product","2":"type-product","3":"status-publish","4":"has-post-thumbnail","6":"product_cat-iemaukti-iemauktu-dalas-apausi","7":"product_tag-universals","8":"product_tag-virve","9":"product_shipping_class-paku-stacija","10":"pa_colour-gaisi-zils-zils","11":"pa_colour-karameles-bruna","12":"pa_colour-oranzs-melns","13":"pa_size-0-pony-lv","14":"pa_size-1-cob-lv","15":"pa_size-2-full-lv","16":"pa_size-3-draft-lv","18":"first","19":"instock","20":"shipping-taxable","21":"purchasable","22":"product-type-variable"},"_links":{"self":[{"href":"https:\/\/www.barefoot-baltics.ee\/lv\/wp-json\/wp\/v2\/product\/5549","targetHints":{"allow":["GET"]}}],"collection":[{"href":"https:\/\/www.barefoot-baltics.ee\/lv\/wp-json\/wp\/v2\/product"}],"about":[{"href":"https:\/\/www.barefoot-baltics.ee\/lv\/wp-json\/wp\/v2\/types\/product"}],"wp:featuredmedia":[{"embeddable":true,"href":"https:\/\/www.barefoot-baltics.ee\/lv\/wp-json\/wp\/v2\/media\/1701"}],"wp:attachment":[{"href":"https:\/\/www.barefoot-baltics.ee\/lv\/wp-json\/wp\/v2\/media?parent=5549"}],"wp:term":[{"taxonomy":"product_brand","embeddable":true,"href":"https:\/\/www.barefoot-baltics.ee\/lv\/wp-json\/wp\/v2\/product_brand?post=5549"},{"taxonomy":"product_cat","embeddable":true,"href":"https:\/\/www.barefoot-baltics.ee\/lv\/wp-json\/wp\/v2\/product_cat?post=5549"},{"taxonomy":"product_tag","embeddable":true,"href":"https:\/\/www.barefoot-baltics.ee\/lv\/wp-json\/wp\/v2\/product_tag?post=5549"}],"curies":[{"name":"wp","href":"https:\/\/api.w.org\/{rel}","templated":true}]}}