{"id":5546,"date":"2018-09-13T14:57:14","date_gmt":"2018-09-13T11:57:14","guid":{"rendered":"https:\/\/www.barefoot-baltics.ee\/product\/sparni-vesterna-segliem-arizonas-rieksts\/"},"modified":"2019-06-13T08:34:42","modified_gmt":"2019-06-13T05:34:42","slug":"sparni-vesterna-segliem-arizonas-rieksts","status":"publish","type":"product","link":"https:\/\/www.barefoot-baltics.ee\/lv\/produkts\/sparni-vesterna-segliem-arizonas-rieksts\/","title":{"rendered":"Sp\u0101rni vesterna segliem &#8220;Arizonas rieksts&#8221;"},"content":{"rendered":"<p>Tie ir vesterna seglu sp\u0101rni, kas ir paredz\u0113ti m\u016bsu seglu modelim \u201eArizonas rieksts\u201d. Iesp\u0113ja pas\u016bt\u012bt jaunu komplektu, ja vecais savu jau ir nokalpojis. <\/p>\n","protected":false},"excerpt":{"rendered":"<ul>\n<li>Ar rok\u0101m veidoti sp\u0101rni<\/li>\n<li>Pieejami ar k\u0101p\u0161\u013cu siksn\u0101m vai bez<\/li>\n<\/ul>\n","protected":false},"featured_media":564,"template":"","meta":[],"product_brand":[],"product_cat":[876],"product_tag":[851,869],"class_list":{"0":"post-5546","1":"product","2":"type-product","3":"status-publish","4":"has-post-thumbnail","6":"product_cat-kapsli-un-kapslu-siksnas","7":"product_tag-ada","8":"product_tag-vesterna","9":"product_shipping_class-paku-stacija","10":"pa_stirrups-ieklauts","11":"pa_stirrups-nav-ieklauts","13":"first","14":"onbackorder","15":"shipping-taxable","16":"purchasable","17":"product-type-variable"},"_links":{"self":[{"href":"https:\/\/www.barefoot-baltics.ee\/lv\/wp-json\/wp\/v2\/product\/5546","targetHints":{"allow":["GET"]}}],"collection":[{"href":"https:\/\/www.barefoot-baltics.ee\/lv\/wp-json\/wp\/v2\/product"}],"about":[{"href":"https:\/\/www.barefoot-baltics.ee\/lv\/wp-json\/wp\/v2\/types\/product"}],"wp:featuredmedia":[{"embeddable":true,"href":"https:\/\/www.barefoot-baltics.ee\/lv\/wp-json\/wp\/v2\/media\/564"}],"wp:attachment":[{"href":"https:\/\/www.barefoot-baltics.ee\/lv\/wp-json\/wp\/v2\/media?parent=5546"}],"wp:term":[{"taxonomy":"product_brand","embeddable":true,"href":"https:\/\/www.barefoot-baltics.ee\/lv\/wp-json\/wp\/v2\/product_brand?post=5546"},{"taxonomy":"product_cat","embeddable":true,"href":"https:\/\/www.barefoot-baltics.ee\/lv\/wp-json\/wp\/v2\/product_cat?post=5546"},{"taxonomy":"product_tag","embeddable":true,"href":"https:\/\/www.barefoot-baltics.ee\/lv\/wp-json\/wp\/v2\/product_tag?post=5546"}],"curies":[{"name":"wp","href":"https:\/\/api.w.org\/{rel}","templated":true}]}}