{"id":5542,"date":"2018-10-18T16:43:35","date_gmt":"2018-10-18T13:43:35","guid":{"rendered":"https:\/\/www.barefoot-baltics.ee\/product\/vesterna-kapsli-vizalija\/"},"modified":"2019-06-04T14:44:21","modified_gmt":"2019-06-04T11:44:21","slug":"vesterna-kapsli-vizalija","status":"publish","type":"product","link":"https:\/\/www.barefoot-baltics.ee\/lv\/produkts\/vesterna-kapsli-vizalija\/","title":{"rendered":"Vesterna k\u0101p\u0161\u013ci \u201cViz\u0101lija\u201d"},"content":{"rendered":"<p>\u201cViz\u0101lija\u201d ir burv\u012bgi zvanveida formas vesterna k\u0101p\u0161\u013ci. Tie ir izgatavoti no stikla \u0161\u0137iedras un p\u0101rkl\u0101ti ar augstas kvalit\u0101tes \u0101du. Ar \u0101das pinumiem s\u0101nos.<\/p>\n<p>Protektora platums ir 13 cm. To svars ir vid\u0113js un tos p\u0101rdod pa p\u0101riem.<\/p>\n","protected":false},"excerpt":{"rendered":"<ul>\n<li>Pild\u012bjums: stikl\u0161\u0137iedra<\/li>\n<li>P\u0101rkl\u0101tas ar \u012bstu nubuka \u0101du<\/li>\n<li>\u0100das siksnu apdare<\/li>\n<li>Svars: vid\u0113js<\/li>\n<\/ul>\n","protected":false},"featured_media":871,"template":"","meta":[],"product_brand":[],"product_cat":[876],"product_tag":[817,851,869],"class_list":{"0":"post-5542","1":"product","2":"type-product","3":"status-publish","4":"has-post-thumbnail","6":"product_cat-kapsli-un-kapslu-siksnas","7":"product_tag-2-collas","8":"product_tag-ada","9":"product_tag-vesterna","10":"product_shipping_class-paku-stacija","11":"pa_colour-bruns","12":"pa_colour-gaiss","13":"pa_colour-melns","15":"first","16":"onbackorder","17":"shipping-taxable","18":"purchasable","19":"product-type-variable"},"_links":{"self":[{"href":"https:\/\/www.barefoot-baltics.ee\/lv\/wp-json\/wp\/v2\/product\/5542","targetHints":{"allow":["GET"]}}],"collection":[{"href":"https:\/\/www.barefoot-baltics.ee\/lv\/wp-json\/wp\/v2\/product"}],"about":[{"href":"https:\/\/www.barefoot-baltics.ee\/lv\/wp-json\/wp\/v2\/types\/product"}],"wp:featuredmedia":[{"embeddable":true,"href":"https:\/\/www.barefoot-baltics.ee\/lv\/wp-json\/wp\/v2\/media\/871"}],"wp:attachment":[{"href":"https:\/\/www.barefoot-baltics.ee\/lv\/wp-json\/wp\/v2\/media?parent=5542"}],"wp:term":[{"taxonomy":"product_brand","embeddable":true,"href":"https:\/\/www.barefoot-baltics.ee\/lv\/wp-json\/wp\/v2\/product_brand?post=5542"},{"taxonomy":"product_cat","embeddable":true,"href":"https:\/\/www.barefoot-baltics.ee\/lv\/wp-json\/wp\/v2\/product_cat?post=5542"},{"taxonomy":"product_tag","embeddable":true,"href":"https:\/\/www.barefoot-baltics.ee\/lv\/wp-json\/wp\/v2\/product_tag?post=5542"}],"curies":[{"name":"wp","href":"https:\/\/api.w.org\/{rel}","templated":true}]}}