{"id":5538,"date":"2018-09-19T09:21:40","date_gmt":"2018-09-19T06:21:40","guid":{"rendered":"https:\/\/www.barefoot-baltics.ee\/product\/sparni-plati\/"},"modified":"2019-06-04T14:41:35","modified_gmt":"2019-06-04T11:41:35","slug":"sparni-plati","status":"publish","type":"product","link":"https:\/\/www.barefoot-baltics.ee\/lv\/produkts\/sparni-plati\/","title":{"rendered":"Sp\u0101rni, plati"},"content":{"rendered":"<p>Plati vesterna sp\u0101rni, kas izgatavoti no gludas, iztur\u012bgas \u0101das. \u0160\u0101du sp\u0101rnu spr\u0101dzes atrodas apak\u0161\u0101, lai izvair\u012btos no iesp\u0113jam\u0101s berzes zem aug\u0161stilbiem. \u0160ie sp\u0101rni vislab\u0101k atbilst m\u016bsu seglu mode\u013ciem &#8220;Arizona&#8221;, &#8220;Atlanta&#8221;, &#8220;\u010ciroki&#8221; un &#8220;Nevada&#8221;.<\/p>\n<p>Visas m\u016bsu vesterna k\u0101p\u0161\u013cu siksnas der \u0161iem sp\u0101rniem.<\/p>\n<ul>\n<li>Nav spr\u0101d\u017eu rad\u012bt\u0101 spiediena uz zirga muguru<\/li>\n<li>Viegli regul\u0113jami ar\u012b atrodoties seglos<\/li>\n<li>Neilona pamatne<\/li>\n<\/ul>\n<p>Tie tiek p\u0101rdoti pa p\u0101riem. Pieejamas divas sp\u0101rnu versijas: \u012bs\u0101s un gar\u0101s. P\u0113d\u0113j\u0101 fotogr\u0101fij\u0101 redzama \u012bs\u0101 versija.  M\u0113s iesak\u0101m \u012bso variantu j\u0101tniekiem l\u012bdz 160 cm, un garo versiju tiem kas ir gar\u0101ki par 160 cm.<\/p>\n","protected":false},"excerpt":{"rendered":"<ul>\n<li>Platie vesterna sp\u0101rni<\/li>\n<li>Savilc\u0113jsiksni\u0146as ar dekoru<\/li>\n<li>Paredz\u0113ti vesterna k\u0101p\u0161\u013ciem<\/li>\n<li>Spr\u0101dze, lai izvair\u012btos no spiediena punktiem<\/li>\n<\/ul>\n","protected":false},"featured_media":597,"template":"","meta":[],"product_brand":[],"product_cat":[876],"product_tag":[851,869],"class_list":{"0":"post-5538","1":"product","2":"type-product","3":"status-publish","4":"has-post-thumbnail","6":"product_cat-kapsli-un-kapslu-siksnas","7":"product_tag-ada","8":"product_tag-vesterna","9":"product_shipping_class-paku-stacija","10":"pa_colour-bruns","11":"pa_colour-melns","12":"pa_version-gars","13":"pa_version-iss","15":"first","16":"onbackorder","17":"shipping-taxable","18":"purchasable","19":"product-type-variable"},"_links":{"self":[{"href":"https:\/\/www.barefoot-baltics.ee\/lv\/wp-json\/wp\/v2\/product\/5538","targetHints":{"allow":["GET"]}}],"collection":[{"href":"https:\/\/www.barefoot-baltics.ee\/lv\/wp-json\/wp\/v2\/product"}],"about":[{"href":"https:\/\/www.barefoot-baltics.ee\/lv\/wp-json\/wp\/v2\/types\/product"}],"wp:featuredmedia":[{"embeddable":true,"href":"https:\/\/www.barefoot-baltics.ee\/lv\/wp-json\/wp\/v2\/media\/597"}],"wp:attachment":[{"href":"https:\/\/www.barefoot-baltics.ee\/lv\/wp-json\/wp\/v2\/media?parent=5538"}],"wp:term":[{"taxonomy":"product_brand","embeddable":true,"href":"https:\/\/www.barefoot-baltics.ee\/lv\/wp-json\/wp\/v2\/product_brand?post=5538"},{"taxonomy":"product_cat","embeddable":true,"href":"https:\/\/www.barefoot-baltics.ee\/lv\/wp-json\/wp\/v2\/product_cat?post=5538"},{"taxonomy":"product_tag","embeddable":true,"href":"https:\/\/www.barefoot-baltics.ee\/lv\/wp-json\/wp\/v2\/product_tag?post=5538"}],"curies":[{"name":"wp","href":"https:\/\/api.w.org\/{rel}","templated":true}]}}