{"id":5535,"date":"2018-09-14T22:37:24","date_gmt":"2018-09-14T19:37:24","guid":{"rendered":"https:\/\/www.barefoot-baltics.ee\/product\/sparni-sauri\/"},"modified":"2019-06-04T14:37:47","modified_gmt":"2019-06-04T11:37:47","slug":"sparni-sauri","status":"publish","type":"product","link":"https:\/\/www.barefoot-baltics.ee\/lv\/produkts\/sparni-sauri\/","title":{"rendered":"Sp\u0101rni, \u0161auri"},"content":{"rendered":"<p>Tie ir \u0161auri sp\u0101rni, kas paredz\u0113ti m\u016bsu vesterna segliem. \u0160o sp\u0101rnu spr\u0101dzes atrodas lej\u0101, lai izvair\u012btos no iesp\u0113jam\u0101s berzes zem j\u0101tnieka aug\u0161stilbiem. \u0160ie \u0161aurie sp\u0101rni ir laba alternat\u012bva ang\u013cu versijai. Tie ir labi piem\u0113roti j\u0101\u0161anai bez speci\u0101lajiem z\u0101bakiem vai kr\u0101g\u0101m, jo \u200b\u200bnetiek nospiesta k\u0101ja.<\/p>\n<ul>\n<li>Nav spr\u0101d\u017eu rad\u012bt\u0101 spiediena uz zirga muguru<\/li>\n<li>Viegli regul\u0113jami ar\u012b atrodoties seglos<\/li>\n<li>Neilona pamatne<\/li>\n<\/ul>\n<p>Visas m\u016bsu k\u0101p\u0161\u013cu siksnas der \u0161iem sp\u0101rniem. Tie ir izgatavoti no gludas, iztur\u012bgas \u0101das un tiek p\u0101rdoti pa p\u0101riem. Komplekt\u0101 ar savilc\u0113jsiksni\u0146\u0101m. To garums ir regul\u0113jams no 48 l\u012bdz 70 cm.<\/p>\n","protected":false},"excerpt":{"rendered":"<ul>\n<li>\u0160auri vesterna sp\u0101rni<\/li>\n<li>Ar savilc\u0113jsiksni\u0146\u0101m<\/li>\n<li>Piem\u0113roti ar\u012b ang\u013cu tipa k\u0101p\u0161\u013cu siksn\u0101m<\/li>\n<li>Spr\u0101dze apak\u0161\u0101, lai izvair\u012btos no spiediena punktiem<\/li>\n<\/ul>\n","protected":false},"featured_media":587,"template":"","meta":[],"product_brand":[],"product_cat":[876],"product_tag":[851,869],"class_list":{"0":"post-5535","1":"product","2":"type-product","3":"status-publish","4":"has-post-thumbnail","6":"product_cat-kapsli-un-kapslu-siksnas","7":"product_tag-ada","8":"product_tag-vesterna","9":"product_shipping_class-paku-stacija","10":"pa_colour-bruns","11":"pa_colour-melns","13":"first","14":"onbackorder","15":"shipping-taxable","16":"purchasable","17":"product-type-variable"},"_links":{"self":[{"href":"https:\/\/www.barefoot-baltics.ee\/lv\/wp-json\/wp\/v2\/product\/5535","targetHints":{"allow":["GET"]}}],"collection":[{"href":"https:\/\/www.barefoot-baltics.ee\/lv\/wp-json\/wp\/v2\/product"}],"about":[{"href":"https:\/\/www.barefoot-baltics.ee\/lv\/wp-json\/wp\/v2\/types\/product"}],"wp:featuredmedia":[{"embeddable":true,"href":"https:\/\/www.barefoot-baltics.ee\/lv\/wp-json\/wp\/v2\/media\/587"}],"wp:attachment":[{"href":"https:\/\/www.barefoot-baltics.ee\/lv\/wp-json\/wp\/v2\/media?parent=5535"}],"wp:term":[{"taxonomy":"product_brand","embeddable":true,"href":"https:\/\/www.barefoot-baltics.ee\/lv\/wp-json\/wp\/v2\/product_brand?post=5535"},{"taxonomy":"product_cat","embeddable":true,"href":"https:\/\/www.barefoot-baltics.ee\/lv\/wp-json\/wp\/v2\/product_cat?post=5535"},{"taxonomy":"product_tag","embeddable":true,"href":"https:\/\/www.barefoot-baltics.ee\/lv\/wp-json\/wp\/v2\/product_tag?post=5535"}],"curies":[{"name":"wp","href":"https:\/\/api.w.org\/{rel}","templated":true}]}}