{"id":5530,"date":"2018-10-06T15:29:42","date_gmt":"2018-10-06T12:29:42","guid":{"rendered":"https:\/\/www.barefoot-baltics.ee\/product\/iejades-kapslu-siksnas\/"},"modified":"2020-12-29T09:55:01","modified_gmt":"2020-12-29T07:55:01","slug":"iejades-kapslu-siksnas","status":"publish","type":"product","link":"https:\/\/www.barefoot-baltics.ee\/lv\/produkts\/iejades-kapslu-siksnas\/","title":{"rendered":"Iej\u0101des k\u0101p\u0161\u013cu siksnas"},"content":{"rendered":"<p>\u0160\u012bs iej\u0101des k\u0101p\u0161\u013cu siksnas ir izgatavotas no m\u012bkstas, iztur\u012bgas \u0101das. Viena siksna.Nek\u0101du lieku cilpu. \u0112rtas, dro\u0161as un vieglas. Pieejami divi izm\u0113ri: \u012bs\u0101s un gar\u0101s.<\/p>\n<p>\u0160\u012bs siksnas ir nostiprin\u0101tas aug\u0161\u0101 un apak\u0161\u0101, ar T-spr\u0101dz\u0113m. Aug\u0161\u0113j\u0101 spr\u0101dze, lai piestiprin\u0101tu siksnas pie segliem; apak\u0161\u0113j\u0101 spr\u0101dze, lai regul\u0113tu siksnu garumu. L\u012bdz ar to siksnu regul\u0113\u0161ana ir viegl\u0101ka un dro\u0161\u0101ka, jo j\u0101tnieka k\u0101jas paliek saskar\u0113 ar segliem.<\/p>\n<p>K\u0101p\u0161\u013cu siksn\u0101m ir iztur\u012bgs neilona vidus, lai izvair\u012btos no izstaip\u012b\u0161an\u0101s. <\/p>\n<p>Redzam\u0101, apak\u0161\u0113j\u0101 T-spr\u0101dze ir p\u0101rkl\u0101ta ar \u0101das apvalku.<\/p>\n<p>To platums ir 1 collas (2,5 cm). <\/p>\n<p>Iesp\u0113jams piel\u0101got \u0161\u0101dos variantos:<\/p>\n<ul>\n<li>\u012ass, 49-63 cm,<\/li>\n<li>Gar\u0161, 57-72 cm.<\/li>\n<\/ul>\n<p>P\u0101rdod pa p\u0101riem.<\/p>\n","protected":false},"excerpt":{"rendered":"<ul>\n<li>Viena siksna \u2013 maksim\u0101ls komforts<\/li>\n<li>Nav spr\u0101d\u017eu spiediena uz zirga muguru<\/li>\n<li>Neilona pamatne \u2013 pret izstaip\u012b\u0161anos<\/li>\n<li>Pieejami divi garumi<\/li>\n<\/ul>\n","protected":false},"featured_media":797,"template":"","meta":[],"product_brand":[],"product_cat":[876],"product_tag":[851,831],"class_list":{"0":"post-5530","1":"product","2":"type-product","3":"status-publish","4":"has-post-thumbnail","6":"product_cat-kapsli-un-kapslu-siksnas","7":"product_tag-ada","8":"product_tag-trenins","9":"product_shipping_class-paku-stacija","10":"pa_colour-bruns","11":"pa_colour-melns","12":"pa_version-gars","13":"pa_version-iss","15":"first","16":"instock","17":"shipping-taxable","18":"purchasable","19":"product-type-variable"},"_links":{"self":[{"href":"https:\/\/www.barefoot-baltics.ee\/lv\/wp-json\/wp\/v2\/product\/5530","targetHints":{"allow":["GET"]}}],"collection":[{"href":"https:\/\/www.barefoot-baltics.ee\/lv\/wp-json\/wp\/v2\/product"}],"about":[{"href":"https:\/\/www.barefoot-baltics.ee\/lv\/wp-json\/wp\/v2\/types\/product"}],"wp:featuredmedia":[{"embeddable":true,"href":"https:\/\/www.barefoot-baltics.ee\/lv\/wp-json\/wp\/v2\/media\/797"}],"wp:attachment":[{"href":"https:\/\/www.barefoot-baltics.ee\/lv\/wp-json\/wp\/v2\/media?parent=5530"}],"wp:term":[{"taxonomy":"product_brand","embeddable":true,"href":"https:\/\/www.barefoot-baltics.ee\/lv\/wp-json\/wp\/v2\/product_brand?post=5530"},{"taxonomy":"product_cat","embeddable":true,"href":"https:\/\/www.barefoot-baltics.ee\/lv\/wp-json\/wp\/v2\/product_cat?post=5530"},{"taxonomy":"product_tag","embeddable":true,"href":"https:\/\/www.barefoot-baltics.ee\/lv\/wp-json\/wp\/v2\/product_tag?post=5530"}],"curies":[{"name":"wp","href":"https:\/\/api.w.org\/{rel}","templated":true}]}}