{"id":5527,"date":"2018-10-06T11:18:42","date_gmt":"2018-10-06T08:18:42","guid":{"rendered":"https:\/\/www.barefoot-baltics.ee\/product\/vesterna-kapslu-siksnas-zemajam-spradzem\/"},"modified":"2019-06-04T14:03:49","modified_gmt":"2019-06-04T11:03:49","slug":"vesterna-kapslu-siksnas-zemajam-spradzem","status":"publish","type":"product","link":"https:\/\/www.barefoot-baltics.ee\/lv\/produkts\/vesterna-kapslu-siksnas-zemajam-spradzem\/","title":{"rendered":"Vesterna k\u0101p\u0161\u013cu siksnas zemaj\u0101m spr\u0101dz\u0113m"},"content":{"rendered":"<p>\u0160\u012bm k\u0101p\u0161\u013cu siksn\u0101m ir dubults platumu: 2 collas, ierast\u0101s 1 collas viet\u0101. L\u012bdz ar to j\u0101tnieka k\u0101ja ir stabil\u0101ka. M\u0113s iesak\u0101m \u0161\u012bs k\u0101p\u0161\u013cu siksnas seglu mode\u013ciem \u201c\u010ciroki\u201d (bet ne \u201e\u010ciroki Klasika\u201d) un \u201eAtlanta\u201d. Visi m\u016bsu vesterna k\u0101p\u0161\u013ci b\u016bs piem\u0113roti \u0161\u012bm siksn\u0101m.<\/p>\n<p>\u0160\u012bm k\u0101p\u0161\u013cu siksn\u0101m spr\u0101dzes atrodas apak\u0161\u0101, lai izvair\u012btos no berzes zem aug\u0161stilbiem. Viegli regul\u0113jamas ar\u012b s\u0113\u017eot seglos. Neilona pamatne, lai izvair\u012btos no izstaip\u012b\u0161an\u0101s.<\/p>\n<p>Galven\u0101s iez\u012bmes:<\/p>\n<ul>\n<li>Nav spr\u0101d\u017eu rad\u012bt\u0101 spiediena uz zirga muguru<\/li>\n<li>Viegli regul\u0113jamas ar\u012b s\u0113\u017eot seglos<\/li>\n<li>Garums ir 140 cm, un t\u0101s p\u0101rdod pa p\u0101riem.<\/li>\n<\/ul>\n","protected":false},"excerpt":{"rendered":"<ul>\n<li>2 collas platas<\/li>\n<li>Spr\u0101dzes apak\u0161\u0101<\/li>\n<li>Iztur\u012bga, gluda \u0101da<\/li>\n<li>Neilona pamatne, lai izvair\u012btos no izstaip\u012b\u0161an\u0101s<\/li>\n<\/ul>\n","protected":false},"featured_media":773,"template":"","meta":[],"product_brand":[],"product_cat":[876],"product_tag":[851,869],"class_list":{"0":"post-5527","1":"product","2":"type-product","3":"status-publish","4":"has-post-thumbnail","6":"product_cat-kapsli-un-kapslu-siksnas","7":"product_tag-ada","8":"product_tag-vesterna","9":"product_shipping_class-paku-stacija","10":"pa_colour-bruns","11":"pa_colour-melns","13":"first","14":"onbackorder","15":"shipping-taxable","16":"purchasable","17":"product-type-variable"},"_links":{"self":[{"href":"https:\/\/www.barefoot-baltics.ee\/lv\/wp-json\/wp\/v2\/product\/5527","targetHints":{"allow":["GET"]}}],"collection":[{"href":"https:\/\/www.barefoot-baltics.ee\/lv\/wp-json\/wp\/v2\/product"}],"about":[{"href":"https:\/\/www.barefoot-baltics.ee\/lv\/wp-json\/wp\/v2\/types\/product"}],"wp:featuredmedia":[{"embeddable":true,"href":"https:\/\/www.barefoot-baltics.ee\/lv\/wp-json\/wp\/v2\/media\/773"}],"wp:attachment":[{"href":"https:\/\/www.barefoot-baltics.ee\/lv\/wp-json\/wp\/v2\/media?parent=5527"}],"wp:term":[{"taxonomy":"product_brand","embeddable":true,"href":"https:\/\/www.barefoot-baltics.ee\/lv\/wp-json\/wp\/v2\/product_brand?post=5527"},{"taxonomy":"product_cat","embeddable":true,"href":"https:\/\/www.barefoot-baltics.ee\/lv\/wp-json\/wp\/v2\/product_cat?post=5527"},{"taxonomy":"product_tag","embeddable":true,"href":"https:\/\/www.barefoot-baltics.ee\/lv\/wp-json\/wp\/v2\/product_tag?post=5527"}],"curies":[{"name":"wp","href":"https:\/\/api.w.org\/{rel}","templated":true}]}}