{"id":5522,"date":"2018-10-06T15:14:03","date_gmt":"2018-10-06T12:14:03","guid":{"rendered":"https:\/\/www.barefoot-baltics.ee\/product\/mikstas-kapslu-siksnas\/"},"modified":"2021-08-30T15:53:22","modified_gmt":"2021-08-30T12:53:22","slug":"mikstas-kapslu-siksnas","status":"publish","type":"product","link":"https:\/\/www.barefoot-baltics.ee\/lv\/produkts\/mikstas-kapslu-siksnas\/","title":{"rendered":"M\u012bkstas k\u0101p\u0161\u013cu siksnas"},"content":{"rendered":"<p>\u0160\u012bs ir plakanas un \u012bpa\u0161i m\u012bkstas k\u0101p\u0161\u013cu siksnas, kas izgatavotas no gludas govs \u0101das un t\u0101m ir stabiliz\u0113jo\u0161s neilona p\u0101rkl\u0101jums. \u0160\u012bm \u0101d\u0101m nav asu malu vai met\u0101la kniedes, kas nodro\u0161ina lielisku lieto\u0161anu pat kop\u0101 ar m\u012bkstajiem \u0101das segliem. T\u0101 k\u0101 spr\u0101dzes aug\u0161\u0113j\u0101 da\u013ca ir plakanas, siksnas netrauc\u0113 j\u0101tnieka k\u0101j\u0101m. 15 numur\u0113ti ov\u0101lie caurumi atvieglo garuma regul\u0113\u0161anu. Ner\u016bs\u0113jo\u0161\u0101 t\u0113rauda spr\u0101dzes.<\/p>\n<p>Pieejamas meln\u0101 kr\u0101s\u0101. Tiek p\u0101rdotas pa p\u0101riem.<\/p>\n","protected":false},"excerpt":{"rendered":"<ul>\n<li>Nav spiediena uz aug\u0161stilbu<\/li>\n<li>Numur\u0113ti ov\u0101lie caurumi<\/li>\n<li>Neizstaip\u0101s, pateicoties neilona pamatnei<\/li>\n<li>M\u012bkstas, bez as\u0101m mal\u0101m<\/li>\n<\/ul>\n","protected":false},"featured_media":991,"template":"","meta":[],"product_brand":[],"product_cat":[876],"product_tag":[851,837],"class_list":{"0":"post-5522","1":"product","2":"type-product","3":"status-publish","4":"has-post-thumbnail","6":"product_cat-kapsli-un-kapslu-siksnas","7":"product_tag-ada","8":"product_tag-ipasi-erti","9":"product_shipping_class-paku-stacija","10":"pa_length-130-cm-lv","11":"pa_length-145-cm-lv","12":"pa_length-155-cm-lv","14":"first","15":"instock","16":"shipping-taxable","17":"purchasable","18":"product-type-variable"},"_links":{"self":[{"href":"https:\/\/www.barefoot-baltics.ee\/lv\/wp-json\/wp\/v2\/product\/5522","targetHints":{"allow":["GET"]}}],"collection":[{"href":"https:\/\/www.barefoot-baltics.ee\/lv\/wp-json\/wp\/v2\/product"}],"about":[{"href":"https:\/\/www.barefoot-baltics.ee\/lv\/wp-json\/wp\/v2\/types\/product"}],"wp:featuredmedia":[{"embeddable":true,"href":"https:\/\/www.barefoot-baltics.ee\/lv\/wp-json\/wp\/v2\/media\/991"}],"wp:attachment":[{"href":"https:\/\/www.barefoot-baltics.ee\/lv\/wp-json\/wp\/v2\/media?parent=5522"}],"wp:term":[{"taxonomy":"product_brand","embeddable":true,"href":"https:\/\/www.barefoot-baltics.ee\/lv\/wp-json\/wp\/v2\/product_brand?post=5522"},{"taxonomy":"product_cat","embeddable":true,"href":"https:\/\/www.barefoot-baltics.ee\/lv\/wp-json\/wp\/v2\/product_cat?post=5522"},{"taxonomy":"product_tag","embeddable":true,"href":"https:\/\/www.barefoot-baltics.ee\/lv\/wp-json\/wp\/v2\/product_tag?post=5522"}],"curies":[{"name":"wp","href":"https:\/\/api.w.org\/{rel}","templated":true}]}}