{"id":5515,"date":"2018-10-01T12:23:58","date_gmt":"2018-10-01T09:23:58","guid":{"rendered":"https:\/\/www.barefoot-baltics.ee\/product\/drosibas-kapsli-nerusejosais-terauds\/"},"modified":"2024-11-07T16:09:54","modified_gmt":"2024-11-07T14:09:54","slug":"drosibas-kapsli-nerusejosais-terauds","status":"publish","type":"product","link":"https:\/\/www.barefoot-baltics.ee\/lv\/produkts\/drosibas-kapsli-nerusejosais-terauds\/","title":{"rendered":"Dro\u0161\u012bbas k\u0101p\u0161\u013ci (ner\u016bs\u0113jo\u0161ais t\u0113rauds)"},"content":{"rendered":"<p>Tie ir dro\u0161\u012bbas k\u0101p\u0161\u013cii, kuriem ir stiprin\u0101jumi, kas virz\u0101s uz priek\u0161u un atpaka\u013c. \u012apa\u0161ais meh\u0101nisms atbr\u012bvos p\u0113du kritiena br\u012bd\u012b un pied\u0101v\u0101 j\u0101tniekam komfortu un elast\u012bbu izj\u0101des laik\u0101.<\/p>\n<p>Tie ir izgatavoti no ner\u016bs\u0113jo\u0161\u0101 t\u0113rauda, \u200b\u200bar main\u0101miem gumijas ielikt\u0146iem un pieg\u0101d\u0101ti maisi\u0146\u0101, lai tos viegl\u0101k b\u016btu uzglab\u0101t.<\/p>\n<p>Protektora platums ir 12,5 cm, un tie tiek p\u0101rdoti pa p\u0101riem.<\/p>\n","protected":false},"excerpt":{"rendered":"<ul>\n<li>Dro\u0161\u012bba kritiena laik\u0101<\/li>\n<li>Elast\u012bgi un \u0113rti<\/li>\n<li>Protektora platums: 12,5 cm<\/li>\n<\/ul>\n","protected":false},"featured_media":746,"template":"","meta":[],"product_brand":[],"product_cat":[876],"product_tag":[838,864],"class_list":{"0":"post-5515","1":"product","2":"type-product","3":"status-publish","4":"has-post-thumbnail","6":"product_cat-kapsli-un-kapslu-siksnas","7":"product_tag-ipasi-drosi","8":"product_tag-nerusejosais-terauds","9":"product_shipping_class-paku-stacija","11":"first","12":"onbackorder","13":"shipping-taxable","14":"purchasable","15":"product-type-simple"},"_links":{"self":[{"href":"https:\/\/www.barefoot-baltics.ee\/lv\/wp-json\/wp\/v2\/product\/5515","targetHints":{"allow":["GET"]}}],"collection":[{"href":"https:\/\/www.barefoot-baltics.ee\/lv\/wp-json\/wp\/v2\/product"}],"about":[{"href":"https:\/\/www.barefoot-baltics.ee\/lv\/wp-json\/wp\/v2\/types\/product"}],"wp:featuredmedia":[{"embeddable":true,"href":"https:\/\/www.barefoot-baltics.ee\/lv\/wp-json\/wp\/v2\/media\/746"}],"wp:attachment":[{"href":"https:\/\/www.barefoot-baltics.ee\/lv\/wp-json\/wp\/v2\/media?parent=5515"}],"wp:term":[{"taxonomy":"product_brand","embeddable":true,"href":"https:\/\/www.barefoot-baltics.ee\/lv\/wp-json\/wp\/v2\/product_brand?post=5515"},{"taxonomy":"product_cat","embeddable":true,"href":"https:\/\/www.barefoot-baltics.ee\/lv\/wp-json\/wp\/v2\/product_cat?post=5515"},{"taxonomy":"product_tag","embeddable":true,"href":"https:\/\/www.barefoot-baltics.ee\/lv\/wp-json\/wp\/v2\/product_tag?post=5515"}],"curies":[{"name":"wp","href":"https:\/\/api.w.org\/{rel}","templated":true}]}}