{"id":5512,"date":"2018-10-18T16:39:39","date_gmt":"2018-10-18T13:39:39","guid":{"rendered":"https:\/\/www.barefoot-baltics.ee\/product\/vesterna-kapsli-vienkarsi\/"},"modified":"2019-06-04T13:48:58","modified_gmt":"2019-06-04T10:48:58","slug":"vesterna-kapsli-vienkarsi","status":"publish","type":"product","link":"https:\/\/www.barefoot-baltics.ee\/lv\/produkts\/vesterna-kapsli-vienkarsi\/","title":{"rendered":"Vesterna k\u0101p\u0161\u013ci \u201cVienk\u0101r\u0161i\u201d"},"content":{"rendered":"<p>Tie ir vienk\u0101r\u0161i, funkcion\u0101li un l\u0113ti vesterna k\u0101p\u0161\u013ci. Tie ir p\u0101rkl\u0101ti ar \u0101du un ir \u013coti iztur\u012bgi. Vi\u0146iem ir plata atbalsta virsma j\u016bsu k\u0101j\u0101m. Iek\u0161puse ir izgatavota no iztur\u012bga sint\u0113tiska materi\u0101la.<\/p>\n<p>Protektora platums ir 12,5 cm, un tie tiek p\u0101rdoti pa p\u0101riem.<\/p>\n","protected":false},"excerpt":{"rendered":"<ul>\n<li>Ekonomiska izv\u0113le vesterna k\u0101p\u0161\u013ciem<\/li>\n<li>P\u0101rkl\u0101tas ar \u0101du<\/li>\n<li>\u013boti iztur\u012bgi<\/li>\n<\/ul>\n","protected":false},"featured_media":867,"template":"","meta":[],"product_brand":[],"product_cat":[876],"product_tag":[851,869],"class_list":{"0":"post-5512","1":"product","2":"type-product","3":"status-publish","4":"has-post-thumbnail","6":"product_cat-kapsli-un-kapslu-siksnas","7":"product_tag-ada","8":"product_tag-vesterna","9":"product_shipping_class-paku-stacija","10":"pa_colour-bruns","11":"pa_colour-melns","13":"first","14":"onbackorder","15":"shipping-taxable","16":"purchasable","17":"product-type-variable"},"_links":{"self":[{"href":"https:\/\/www.barefoot-baltics.ee\/lv\/wp-json\/wp\/v2\/product\/5512","targetHints":{"allow":["GET"]}}],"collection":[{"href":"https:\/\/www.barefoot-baltics.ee\/lv\/wp-json\/wp\/v2\/product"}],"about":[{"href":"https:\/\/www.barefoot-baltics.ee\/lv\/wp-json\/wp\/v2\/types\/product"}],"wp:featuredmedia":[{"embeddable":true,"href":"https:\/\/www.barefoot-baltics.ee\/lv\/wp-json\/wp\/v2\/media\/867"}],"wp:attachment":[{"href":"https:\/\/www.barefoot-baltics.ee\/lv\/wp-json\/wp\/v2\/media?parent=5512"}],"wp:term":[{"taxonomy":"product_brand","embeddable":true,"href":"https:\/\/www.barefoot-baltics.ee\/lv\/wp-json\/wp\/v2\/product_brand?post=5512"},{"taxonomy":"product_cat","embeddable":true,"href":"https:\/\/www.barefoot-baltics.ee\/lv\/wp-json\/wp\/v2\/product_cat?post=5512"},{"taxonomy":"product_tag","embeddable":true,"href":"https:\/\/www.barefoot-baltics.ee\/lv\/wp-json\/wp\/v2\/product_tag?post=5512"}],"curies":[{"name":"wp","href":"https:\/\/api.w.org\/{rel}","templated":true}]}}