{"id":5507,"date":"2018-10-01T12:43:13","date_gmt":"2018-10-01T09:43:13","guid":{"rendered":"https:\/\/www.barefoot-baltics.ee\/product\/kapslu-siksnas-ar-zemajam-spradzem\/"},"modified":"2020-11-04T15:10:52","modified_gmt":"2020-11-04T13:10:52","slug":"kapslu-siksnas-ar-zemajam-spradzem","status":"publish","type":"product","link":"https:\/\/www.barefoot-baltics.ee\/lv\/produkts\/kapslu-siksnas-ar-zemajam-spradzem\/","title":{"rendered":"K\u0101p\u0161\u013cu siksnas ar zemaj\u0101m spr\u0101dz\u0113m"},"content":{"rendered":"<p>Barefoot k\u0101p\u0161\u013cu siksnas, kas ir izgatavotas no iztur\u012bgas, gludas \u0101das un kur\u0101m ir neilona odere, lai izvair\u012btos no izstaip\u012b\u0161an\u0101s. Spr\u0101dzes novietotas siksnu lejas da\u013c\u0101, tie\u0161i virs k\u0101p\u0161\u013ciem, lai izvair\u012btos no berzes zem j\u0101tnieka aug\u0161stilbiem. Tie ir viegli regul\u0113jami ar\u012b atrodoties seglos.<\/p>\n<p>To platums ir 2,5 cm, un tie tiek p\u0101rdoti pa p\u0101riem.<\/p>\n","protected":false},"excerpt":{"rendered":"<ul>\n<li>Spr\u0101dzes novietotas lej\u0101, lai izvair\u012btos no spiediena punktiem<\/li>\n<li>Dro\u0161a garuma regul\u0113\u0161anas ar\u012b s\u0113\u017eot seglos<\/li>\n<li>Vair\u0101k komforta zirgam<\/li>\n<\/ul>\n","protected":false},"featured_media":755,"template":"","meta":[],"product_brand":[],"product_cat":[876],"product_tag":[851,837],"class_list":{"0":"post-5507","1":"product","2":"type-product","3":"status-publish","4":"has-post-thumbnail","6":"product_cat-kapsli-un-kapslu-siksnas","7":"product_tag-ada","8":"product_tag-ipasi-erti","9":"product_shipping_class-paku-stacija","10":"pa_colour-bruns","11":"pa_colour-melns","12":"pa_length-130-cm-lv","13":"pa_length-140-cm-lv","15":"first","16":"onbackorder","17":"shipping-taxable","18":"purchasable","19":"product-type-variable"},"_links":{"self":[{"href":"https:\/\/www.barefoot-baltics.ee\/lv\/wp-json\/wp\/v2\/product\/5507","targetHints":{"allow":["GET"]}}],"collection":[{"href":"https:\/\/www.barefoot-baltics.ee\/lv\/wp-json\/wp\/v2\/product"}],"about":[{"href":"https:\/\/www.barefoot-baltics.ee\/lv\/wp-json\/wp\/v2\/types\/product"}],"wp:featuredmedia":[{"embeddable":true,"href":"https:\/\/www.barefoot-baltics.ee\/lv\/wp-json\/wp\/v2\/media\/755"}],"wp:attachment":[{"href":"https:\/\/www.barefoot-baltics.ee\/lv\/wp-json\/wp\/v2\/media?parent=5507"}],"wp:term":[{"taxonomy":"product_brand","embeddable":true,"href":"https:\/\/www.barefoot-baltics.ee\/lv\/wp-json\/wp\/v2\/product_brand?post=5507"},{"taxonomy":"product_cat","embeddable":true,"href":"https:\/\/www.barefoot-baltics.ee\/lv\/wp-json\/wp\/v2\/product_cat?post=5507"},{"taxonomy":"product_tag","embeddable":true,"href":"https:\/\/www.barefoot-baltics.ee\/lv\/wp-json\/wp\/v2\/product_tag?post=5507"}],"curies":[{"name":"wp","href":"https:\/\/api.w.org\/{rel}","templated":true}]}}