{"id":5506,"date":"2018-10-01T10:32:58","date_gmt":"2018-10-01T07:32:58","guid":{"rendered":"https:\/\/www.barefoot-baltics.ee\/product\/drosibas-kapsli-ar-blokiem-aluminijs\/"},"modified":"2022-03-02T10:17:36","modified_gmt":"2022-03-02T08:17:36","slug":"drosibas-kapsli-ar-blokiem-aluminijs","status":"publish","type":"product","link":"https:\/\/www.barefoot-baltics.ee\/lv\/produkts\/drosibas-kapsli-ar-blokiem-aluminijs\/","title":{"rendered":"Dro\u0161\u012bbas k\u0101p\u0161\u013ci ar blokiem (alum\u012bnijs)"},"content":{"rendered":"<p>\u0160ie alum\u012bnija k\u0101p\u0161\u013ci ir lieliski piem\u0113roti gan ies\u0101c\u0113jiem, gan pieredz\u0113ju\u0161iem j\u0101tniekiem. Bloki nodro\u0161ina papildus dro\u0161\u012bbu, lai k\u0101ja neiesl\u012bd\u0113tu k\u0101psl\u012b. <\/p>\n<p>At\u0161\u0137ir\u012bb\u0101 no parastajiem k\u0101p\u0161\u013ciem Barefoot modelim ir 90 \u00b0 novietojums, kas visos gad\u012bjumos novieto k\u0101psli pareizaj\u0101 poz\u012bcij\u0101. L\u012bdz ar to ir daudz viegl\u0101k ievietot k\u0101ju k\u0101psl\u012b ja tas ir pazaud\u0113jies.<\/p>\n<p>Plats, ov\u0101ls protektors ar gumijas spilventi\u0146u nodro\u0161ina lab\u0101ku sa\u0137eri un \u0113rtu atbalstu bez spiediena uz p\u0113das pamatnes. Protektors ir 11,5 x 9 cm.<\/p>\n","protected":false},"excerpt":{"rendered":"<ul>\n<li>Vieglie alum\u012bnija k\u0101p\u0161\u013ci<\/li>\n<li>Ar dro\u0161\u012bbas karkasu no gumijas<\/li>\n<li>90\u00b0 novietojums<\/li>\n<\/ul>\n","protected":false},"featured_media":738,"template":"","meta":[],"product_brand":[],"product_cat":[876],"product_tag":[819,838],"class_list":{"0":"post-5506","1":"product","2":"type-product","3":"status-publish","4":"has-post-thumbnail","6":"product_cat-kapsli-un-kapslu-siksnas","7":"product_tag-aluminija","8":"product_tag-ipasi-drosi","9":"product_shipping_class-paku-stacija","11":"first","12":"onbackorder","13":"shipping-taxable","14":"purchasable","15":"product-type-simple"},"_links":{"self":[{"href":"https:\/\/www.barefoot-baltics.ee\/lv\/wp-json\/wp\/v2\/product\/5506","targetHints":{"allow":["GET"]}}],"collection":[{"href":"https:\/\/www.barefoot-baltics.ee\/lv\/wp-json\/wp\/v2\/product"}],"about":[{"href":"https:\/\/www.barefoot-baltics.ee\/lv\/wp-json\/wp\/v2\/types\/product"}],"wp:featuredmedia":[{"embeddable":true,"href":"https:\/\/www.barefoot-baltics.ee\/lv\/wp-json\/wp\/v2\/media\/738"}],"wp:attachment":[{"href":"https:\/\/www.barefoot-baltics.ee\/lv\/wp-json\/wp\/v2\/media?parent=5506"}],"wp:term":[{"taxonomy":"product_brand","embeddable":true,"href":"https:\/\/www.barefoot-baltics.ee\/lv\/wp-json\/wp\/v2\/product_brand?post=5506"},{"taxonomy":"product_cat","embeddable":true,"href":"https:\/\/www.barefoot-baltics.ee\/lv\/wp-json\/wp\/v2\/product_cat?post=5506"},{"taxonomy":"product_tag","embeddable":true,"href":"https:\/\/www.barefoot-baltics.ee\/lv\/wp-json\/wp\/v2\/product_tag?post=5506"}],"curies":[{"name":"wp","href":"https:\/\/api.w.org\/{rel}","templated":true}]}}