{"id":5505,"date":"2018-09-20T09:20:24","date_gmt":"2018-09-20T06:20:24","guid":{"rendered":"https:\/\/www.barefoot-baltics.ee\/product\/drosibas-kapsli-ar-gumijam-nerusejosais-terauds\/"},"modified":"2022-12-26T21:01:21","modified_gmt":"2022-12-26T19:01:21","slug":"drosibas-kapsli-ar-gumijam-nerusejosais-terauds","status":"publish","type":"product","link":"https:\/\/www.barefoot-baltics.ee\/lv\/produkts\/drosibas-kapsli-ar-gumijam-nerusejosais-terauds\/","title":{"rendered":"Dro\u0161\u012bbas k\u0101p\u0161\u013ci ar gumij\u0101m (ner\u016bs\u0113jo\u0161ais t\u0113rauds)"},"content":{"rendered":"<p>\u0160ie dro\u0161\u012bbas k\u0101p\u0161\u013ci ir izgatavoti no augstas kvalit\u0101tes ner\u016bs\u0113jo\u0161\u0101 t\u0113rauda. Vi\u0146iem ir \u0101das stirpin\u0101jumi un gumijas, kas nodro\u0161ina, ka j\u016bsu k\u0101ja neie\u0137ersies k\u0101psl\u012b kritiena br\u012bd\u012b.<\/p>\n<p>Ieteicami, lai palielin\u0101tu dro\u0161\u012bbu! Protektora platums ir 11,5 cm, un tie tiek p\u0101rdoti pa p\u0101riem.<\/p>\n","protected":false},"excerpt":{"rendered":"<ul>\n<li>Lab\u0101ka dro\u0161\u012bba<\/li>\n<li>Nov\u0113r\u0161 k\u0101jas ie\u0137er\u0161anos k\u0101psl\u012b<\/li>\n<\/ul>\n","protected":false},"featured_media":620,"template":"","meta":[],"product_brand":[],"product_cat":[876],"product_tag":[838,864],"class_list":{"0":"post-5505","1":"product","2":"type-product","3":"status-publish","4":"has-post-thumbnail","6":"product_cat-kapsli-un-kapslu-siksnas","7":"product_tag-ipasi-drosi","8":"product_tag-nerusejosais-terauds","9":"product_shipping_class-paku-stacija","11":"first","12":"onbackorder","13":"shipping-taxable","14":"purchasable","15":"product-type-simple"},"_links":{"self":[{"href":"https:\/\/www.barefoot-baltics.ee\/lv\/wp-json\/wp\/v2\/product\/5505","targetHints":{"allow":["GET"]}}],"collection":[{"href":"https:\/\/www.barefoot-baltics.ee\/lv\/wp-json\/wp\/v2\/product"}],"about":[{"href":"https:\/\/www.barefoot-baltics.ee\/lv\/wp-json\/wp\/v2\/types\/product"}],"wp:featuredmedia":[{"embeddable":true,"href":"https:\/\/www.barefoot-baltics.ee\/lv\/wp-json\/wp\/v2\/media\/620"}],"wp:attachment":[{"href":"https:\/\/www.barefoot-baltics.ee\/lv\/wp-json\/wp\/v2\/media?parent=5505"}],"wp:term":[{"taxonomy":"product_brand","embeddable":true,"href":"https:\/\/www.barefoot-baltics.ee\/lv\/wp-json\/wp\/v2\/product_brand?post=5505"},{"taxonomy":"product_cat","embeddable":true,"href":"https:\/\/www.barefoot-baltics.ee\/lv\/wp-json\/wp\/v2\/product_cat?post=5505"},{"taxonomy":"product_tag","embeddable":true,"href":"https:\/\/www.barefoot-baltics.ee\/lv\/wp-json\/wp\/v2\/product_tag?post=5505"}],"curies":[{"name":"wp","href":"https:\/\/api.w.org\/{rel}","templated":true}]}}