{"id":5504,"date":"2018-10-01T10:48:19","date_gmt":"2018-10-01T07:48:19","guid":{"rendered":"https:\/\/www.barefoot-baltics.ee\/product\/drosibas-kapsli-ar-blokiem-berniem-aluminija\/"},"modified":"2022-12-17T10:31:29","modified_gmt":"2022-12-17T08:31:29","slug":"drosibas-kapsli-ar-blokiem-berniem-aluminija","status":"publish","type":"product","link":"https:\/\/www.barefoot-baltics.ee\/lv\/produkts\/drosibas-kapsli-ar-blokiem-berniem-aluminija\/","title":{"rendered":"Dro\u0161\u012bbas k\u0101p\u0161\u013ci ar blokiem b\u0113rniem (alum\u012bnija)"},"content":{"rendered":"<p>Tie ir satrieco\u0161i dro\u0161\u012bbas k\u0101p\u0161\u013ci b\u0113rniem, kas izmantojami visos gad\u012bjumos. Bloks nodro\u0161ina, lai k\u0101ja nesl\u012bd\u0113tu k\u0101psl\u012b j\u0101\u0161anas vai kritiena br\u012bd\u012b.<\/p>\n<p>At\u0161\u0137ir\u012bb\u0101 no parastajiem k\u0101p\u0161\u013ciem Barefoot modelim ir 90 \u00b0 novietojums, kas visos gad\u012bjumos novieto k\u0101psli pareizaj\u0101 poz\u012bcij\u0101. L\u012bdz ar to ir daudz viegl\u0101k ievietot k\u0101ju k\u0101psl\u012b ja tas ir pazaud\u0113jies.<\/p>\n<p>Plats, ov\u0101ls protektors ar gumijas spilventi\u0146u nodro\u0161ina lab\u0101ku sa\u0137eri un \u0113rtu atbalstu bez spiediena uz p\u0113das pamatnes. Protektors ir 10,5 cm plats.<\/p>\n","protected":false},"excerpt":{"rendered":"<ul>\n<li>Viegli alum\u012bnija k\u0101p\u0161\u013ci b\u0113rniem<\/li>\n<li>Ar dro\u0161\u012bbas karkasu no gumijas<\/li>\n<li>90\u00b0 novietojums<\/li>\n<li>Protektors: 10,5 cm<\/li>\n<\/ul>\n","protected":false},"featured_media":741,"template":"","meta":[],"product_brand":[],"product_cat":[876],"product_tag":[816,819,842,838],"class_list":{"0":"post-5504","1":"product","2":"type-product","3":"status-publish","4":"has-post-thumbnail","6":"product_cat-kapsli-un-kapslu-siksnas","7":"product_tag-1-colla","8":"product_tag-aluminija","9":"product_tag-berniem","10":"product_tag-ipasi-drosi","11":"product_shipping_class-paku-stacija","13":"first","14":"onbackorder","15":"shipping-taxable","16":"purchasable","17":"product-type-simple"},"_links":{"self":[{"href":"https:\/\/www.barefoot-baltics.ee\/lv\/wp-json\/wp\/v2\/product\/5504","targetHints":{"allow":["GET"]}}],"collection":[{"href":"https:\/\/www.barefoot-baltics.ee\/lv\/wp-json\/wp\/v2\/product"}],"about":[{"href":"https:\/\/www.barefoot-baltics.ee\/lv\/wp-json\/wp\/v2\/types\/product"}],"wp:featuredmedia":[{"embeddable":true,"href":"https:\/\/www.barefoot-baltics.ee\/lv\/wp-json\/wp\/v2\/media\/741"}],"wp:attachment":[{"href":"https:\/\/www.barefoot-baltics.ee\/lv\/wp-json\/wp\/v2\/media?parent=5504"}],"wp:term":[{"taxonomy":"product_brand","embeddable":true,"href":"https:\/\/www.barefoot-baltics.ee\/lv\/wp-json\/wp\/v2\/product_brand?post=5504"},{"taxonomy":"product_cat","embeddable":true,"href":"https:\/\/www.barefoot-baltics.ee\/lv\/wp-json\/wp\/v2\/product_cat?post=5504"},{"taxonomy":"product_tag","embeddable":true,"href":"https:\/\/www.barefoot-baltics.ee\/lv\/wp-json\/wp\/v2\/product_tag?post=5504"}],"curies":[{"name":"wp","href":"https:\/\/api.w.org\/{rel}","templated":true}]}}