{"id":5503,"date":"2018-10-01T11:06:08","date_gmt":"2018-10-01T08:06:08","guid":{"rendered":"https:\/\/www.barefoot-baltics.ee\/product\/kapsli-90-gradi-aluminijs\/"},"modified":"2025-03-12T19:28:11","modified_gmt":"2025-03-12T17:28:11","slug":"kapsli-90-gradi-aluminijs","status":"publish","type":"product","link":"https:\/\/www.barefoot-baltics.ee\/lv\/produkts\/kapsli-90-gradi-aluminijs\/","title":{"rendered":"K\u0101p\u0161\u013ci \u201e90 gr\u0101di\u201d (alum\u012bnijs)"},"content":{"rendered":"<p>At\u0161\u0137ir\u012bb\u0101 no parastajiem k\u0101p\u0161\u013ciem, \u0161iem ir 90 \u00b0 novietojums. K\u0101p\u0161\u013ci autom\u0101tiski atrodas pareizaj\u0101 poz\u012bcij\u0101 atvieglojot to atra\u0161anu ar k\u0101ju. Pat tad, ja k\u0101ja izsl\u012bd no k\u0101p\u0161\u013ca, j\u016bs varat tos \u0101tri atrast.<\/p>\n<p>Tie ir izgatavoti no mat\u0113ta alum\u012bnija un protektors ir izgatavots no melnas gumijas. Protektora izm\u0113ri ir 11,5 x 9 cm.<\/p>\n","protected":false},"excerpt":{"rendered":"<ul>\n<li>Vieglie alum\u012bnija mais\u012bt\u0101ji<\/li>\n<li>90\u00b0 le\u0146\u0137veida novietojums<\/li>\n<li>Protektors: 11,5 cm<\/li>\n<\/ul>\n","protected":false},"featured_media":744,"template":"","meta":[],"product_brand":[],"product_cat":[876],"product_tag":[816,819,836],"class_list":{"0":"post-5503","1":"product","2":"type-product","3":"status-publish","4":"has-post-thumbnail","6":"product_cat-kapsli-un-kapslu-siksnas","7":"product_tag-1-colla","8":"product_tag-aluminija","9":"product_tag-anglu","10":"product_shipping_class-paku-stacija","12":"first","13":"onbackorder","14":"shipping-taxable","15":"purchasable","16":"product-type-simple"},"_links":{"self":[{"href":"https:\/\/www.barefoot-baltics.ee\/lv\/wp-json\/wp\/v2\/product\/5503","targetHints":{"allow":["GET"]}}],"collection":[{"href":"https:\/\/www.barefoot-baltics.ee\/lv\/wp-json\/wp\/v2\/product"}],"about":[{"href":"https:\/\/www.barefoot-baltics.ee\/lv\/wp-json\/wp\/v2\/types\/product"}],"wp:featuredmedia":[{"embeddable":true,"href":"https:\/\/www.barefoot-baltics.ee\/lv\/wp-json\/wp\/v2\/media\/744"}],"wp:attachment":[{"href":"https:\/\/www.barefoot-baltics.ee\/lv\/wp-json\/wp\/v2\/media?parent=5503"}],"wp:term":[{"taxonomy":"product_brand","embeddable":true,"href":"https:\/\/www.barefoot-baltics.ee\/lv\/wp-json\/wp\/v2\/product_brand?post=5503"},{"taxonomy":"product_cat","embeddable":true,"href":"https:\/\/www.barefoot-baltics.ee\/lv\/wp-json\/wp\/v2\/product_cat?post=5503"},{"taxonomy":"product_tag","embeddable":true,"href":"https:\/\/www.barefoot-baltics.ee\/lv\/wp-json\/wp\/v2\/product_tag?post=5503"}],"curies":[{"name":"wp","href":"https:\/\/api.w.org\/{rel}","templated":true}]}}