{"id":5502,"date":"2019-03-07T10:02:06","date_gmt":"2019-03-07T08:02:06","guid":{"rendered":"https:\/\/www.barefoot-baltics.ee\/product\/kapslu-siksnu-krusu-siksnu-polsterejums\/"},"modified":"2019-06-04T13:32:14","modified_gmt":"2019-06-04T10:32:14","slug":"kapslu-siksnu-krusu-siksnu-polsterejums","status":"publish","type":"product","link":"https:\/\/www.barefoot-baltics.ee\/lv\/produkts\/kapslu-siksnu-krusu-siksnu-polsterejums\/","title":{"rendered":"K\u0101p\u0161\u013cu siksnu \/ kr\u016b\u0161u siksnu polster\u0113jums"},"content":{"rendered":"<p>\u012apa\u0161s aitas vilnas polster\u0113jums ko var izmantot gan k\u0101p\u0161\u013cu siksnu, gan ar\u012b kr\u016b\u0161u siksnas polster\u0113\u0161anai. Viegli uzlikt un no\u0146emt izmantojot velcro sist\u0113mu. <\/p>\n<p>\u0160is polster\u0113jums ir izgatavots no t\u012bras aitas vilnas. Tas noz\u012bm\u0113, ka ra\u017eo\u0161ana notiek dz\u012bvniekiem un videi draudz\u012bg\u0101 veid\u0101. Polster\u0113jumu var sagriezt vajadz\u012bgaj\u0101 izm\u0113r\u0101. L\u016bdzu, p\u0113c vajadz\u012bg\u0101 garuma nogrie\u0161anas mali\u0146u piededzin\u0101t vai ap\u0161\u016bt, lai izvair\u012btos no materi\u0101la t\u0101l\u0101kas izir\u0161anas. Mazg\u0101t aukst\u0101 \u016bden\u012b. P\u0113c mazg\u0101\u0161anas izstiepiet un ener\u0123iski sakratiet.<\/p>\n<p>Garums ir 52 cm, un tos p\u0101rdod pa p\u0101riem.<\/p>\n","protected":false},"excerpt":{"rendered":"<ul>\n<li>To var izmantot, lai polster\u0113tu garas, \u0161auras k\u0101p\u0161\u013cu siksnas<\/li>\n<li>Paredz\u0113ts k\u0101p\u0161\u013cu un kr\u016b\u0161u siksn\u0101m<\/li>\n<li>Nov\u0113r\u0161 siksnu spiedienu<\/li>\n<li>Nek\u0101das berzes uz segliem<\/li>\n<\/ul>\n","protected":false},"featured_media":1914,"template":"","meta":[],"product_brand":[],"product_cat":[880,876],"product_tag":[837,870],"class_list":{"0":"post-5502","1":"product","2":"type-product","3":"status-publish","4":"has-post-thumbnail","6":"product_cat-jasanas-apgerbs-un-citi","7":"product_cat-kapsli-un-kapslu-siksnas","8":"product_tag-ipasi-erti","9":"product_tag-vilna","10":"product_shipping_class-paku-stacija","12":"first","13":"onbackorder","14":"shipping-taxable","15":"purchasable","16":"product-type-simple"},"_links":{"self":[{"href":"https:\/\/www.barefoot-baltics.ee\/lv\/wp-json\/wp\/v2\/product\/5502","targetHints":{"allow":["GET"]}}],"collection":[{"href":"https:\/\/www.barefoot-baltics.ee\/lv\/wp-json\/wp\/v2\/product"}],"about":[{"href":"https:\/\/www.barefoot-baltics.ee\/lv\/wp-json\/wp\/v2\/types\/product"}],"wp:featuredmedia":[{"embeddable":true,"href":"https:\/\/www.barefoot-baltics.ee\/lv\/wp-json\/wp\/v2\/media\/1914"}],"wp:attachment":[{"href":"https:\/\/www.barefoot-baltics.ee\/lv\/wp-json\/wp\/v2\/media?parent=5502"}],"wp:term":[{"taxonomy":"product_brand","embeddable":true,"href":"https:\/\/www.barefoot-baltics.ee\/lv\/wp-json\/wp\/v2\/product_brand?post=5502"},{"taxonomy":"product_cat","embeddable":true,"href":"https:\/\/www.barefoot-baltics.ee\/lv\/wp-json\/wp\/v2\/product_cat?post=5502"},{"taxonomy":"product_tag","embeddable":true,"href":"https:\/\/www.barefoot-baltics.ee\/lv\/wp-json\/wp\/v2\/product_tag?post=5502"}],"curies":[{"name":"wp","href":"https:\/\/api.w.org\/{rel}","templated":true}]}}