{"id":5497,"date":"2018-10-06T11:31:18","date_gmt":"2018-10-06T08:31:18","guid":{"rendered":"https:\/\/www.barefoot-baltics.ee\/product\/kapslu-siksnas-ar-zemajam-spradzem-maksliga-ada\/"},"modified":"2025-03-12T19:28:11","modified_gmt":"2025-03-12T17:28:11","slug":"kapslu-siksnas-ar-zemajam-spradzem-maksliga-ada","status":"publish","type":"product","link":"https:\/\/www.barefoot-baltics.ee\/lv\/produkts\/kapslu-siksnas-ar-zemajam-spradzem-maksliga-ada\/","title":{"rendered":"K\u0101p\u0161\u013cu siksnas ar zemaj\u0101m spr\u0101dz\u0113m (m\u0101ksl\u012bg\u0101 \u0101da)"},"content":{"rendered":"<p>T\u0101s ir siksnas, kas ir izgatavotas no iztur\u012bgas Barefoot m\u0101ksl\u012bg\u0101s \u0101das, ko sauc par DryTex \u2122. T\u0101m ir neilona pamatne, lai izvair\u012btos no izstaip\u012b\u0161an\u0101s. Spr\u0101dzes atrodas virs k\u0101p\u0161\u013ciem, lai izvair\u012btos no berzes zem aug\u0161stilbiem. Viegli regul\u0113jamas ar\u012b s\u0113\u017eot seglos.<\/p>\n<p>Platums ir 2,5 cm, un t\u0101s tiek p\u0101rdotas pa p\u0101riem.<\/p>\n","protected":false},"excerpt":{"rendered":"<ul>\n<li>Siksnu spr\u0101dzes nerada spiedienu zirga mugurai<\/li>\n<li>Viegli regul\u0113jamas<\/li>\n<li>Neilona pamatne, lai izvair\u012btos no izstaip\u012b\u0161an\u0101s<\/li>\n<\/ul>\n","protected":false},"featured_media":780,"template":"","meta":[],"product_brand":[],"product_cat":[876],"product_tag":[836,821],"class_list":{"0":"post-5497","1":"product","2":"type-product","3":"status-publish","4":"has-post-thumbnail","6":"product_cat-kapsli-un-kapslu-siksnas","7":"product_tag-anglu","8":"product_tag-maksliga-ada","9":"product_shipping_class-paku-stacija","10":"pa_colour-bruns","11":"pa_colour-melns","12":"pa_length-115-cm-lv","13":"pa_length-140-cm-lv","15":"first","16":"onbackorder","17":"shipping-taxable","18":"purchasable","19":"product-type-variable"},"_links":{"self":[{"href":"https:\/\/www.barefoot-baltics.ee\/lv\/wp-json\/wp\/v2\/product\/5497","targetHints":{"allow":["GET"]}}],"collection":[{"href":"https:\/\/www.barefoot-baltics.ee\/lv\/wp-json\/wp\/v2\/product"}],"about":[{"href":"https:\/\/www.barefoot-baltics.ee\/lv\/wp-json\/wp\/v2\/types\/product"}],"wp:featuredmedia":[{"embeddable":true,"href":"https:\/\/www.barefoot-baltics.ee\/lv\/wp-json\/wp\/v2\/media\/780"}],"wp:attachment":[{"href":"https:\/\/www.barefoot-baltics.ee\/lv\/wp-json\/wp\/v2\/media?parent=5497"}],"wp:term":[{"taxonomy":"product_brand","embeddable":true,"href":"https:\/\/www.barefoot-baltics.ee\/lv\/wp-json\/wp\/v2\/product_brand?post=5497"},{"taxonomy":"product_cat","embeddable":true,"href":"https:\/\/www.barefoot-baltics.ee\/lv\/wp-json\/wp\/v2\/product_cat?post=5497"},{"taxonomy":"product_tag","embeddable":true,"href":"https:\/\/www.barefoot-baltics.ee\/lv\/wp-json\/wp\/v2\/product_tag?post=5497"}],"curies":[{"name":"wp","href":"https:\/\/api.w.org\/{rel}","templated":true}]}}