{"id":5494,"date":"2018-10-13T14:17:17","date_gmt":"2018-10-13T11:17:17","guid":{"rendered":"https:\/\/www.barefoot-baltics.ee\/product\/kapslu-reguletaji-90\/"},"modified":"2019-06-04T10:51:49","modified_gmt":"2019-06-04T07:51:49","slug":"kapslu-reguletaji-90","status":"publish","type":"product","link":"https:\/\/www.barefoot-baltics.ee\/lv\/produkts\/kapslu-reguletaji-90\/","title":{"rendered":"K\u0101p\u0161\u013cu regul\u0113t\u0101ji, 90 \u00b0"},"content":{"rendered":"<p>K\u0101p\u0161\u013cu regul\u0113t\u0101ji pagrie\u017e k\u0101psli par 90 \u00b0, t\u0101d\u0101 veid\u0101 nav j\u0101nop\u016blas lai atrastu k\u0101psli. Pateicoties regul\u0113t\u0101jiem k\u0101p\u0161\u013ci autom\u0101tiski atrodas pareizaj\u0101 poz\u012bcij\u0101.<\/p>\n<p>Vi\u0146i ar\u012b pastiepj k\u0101p\u0161\u013cu siksnu \u0101das vai sp\u0101rnus par apm\u0113ram 5 cm. Pasarg\u0101 j\u0101tnieka ce\u013cus un pot\u012btes, jo rada t\u0101du k\u0101 \u201c\u0161\u016bpo\u013cu\u201d efektu.<\/p>\n<p>\u0160ie tur\u0113t\u0101ji ir pieejami div\u0101s kr\u0101s\u0101s: meln\u0101 un br\u016bn\u0101. Tie ir izgatavoti no biezas \u0101das un iztur\u012bgas skr\u016bves stiprin\u0101\u0161anai.<\/p>\n","protected":false},"excerpt":{"rendered":"<ul>\n<li>Pagrie\u017eas par 90 gr\u0101diem<\/li>\n<li>Pal\u012bdz viegli atrast k\u0101psli<\/li>\n<li>Piem\u0113rots visiem sp\u0101rnu veidiem un 2 collu k\u0101p\u0161\u013cu siksn\u0101m<\/li>\n<li>Pastiepj k\u0101p\u0161\u013cu \u0101du<\/li>\n<\/ul>\n","protected":false},"featured_media":860,"template":"","meta":[],"product_brand":[],"product_cat":[876],"product_tag":[851,837],"class_list":{"0":"post-5494","1":"product","2":"type-product","3":"status-publish","4":"has-post-thumbnail","6":"product_cat-kapsli-un-kapslu-siksnas","7":"product_tag-ada","8":"product_tag-ipasi-erti","9":"product_shipping_class-paku-stacija","10":"pa_colour-bruns","11":"pa_colour-melns","13":"first","14":"onbackorder","15":"shipping-taxable","16":"purchasable","17":"product-type-variable"},"_links":{"self":[{"href":"https:\/\/www.barefoot-baltics.ee\/lv\/wp-json\/wp\/v2\/product\/5494","targetHints":{"allow":["GET"]}}],"collection":[{"href":"https:\/\/www.barefoot-baltics.ee\/lv\/wp-json\/wp\/v2\/product"}],"about":[{"href":"https:\/\/www.barefoot-baltics.ee\/lv\/wp-json\/wp\/v2\/types\/product"}],"wp:featuredmedia":[{"embeddable":true,"href":"https:\/\/www.barefoot-baltics.ee\/lv\/wp-json\/wp\/v2\/media\/860"}],"wp:attachment":[{"href":"https:\/\/www.barefoot-baltics.ee\/lv\/wp-json\/wp\/v2\/media?parent=5494"}],"wp:term":[{"taxonomy":"product_brand","embeddable":true,"href":"https:\/\/www.barefoot-baltics.ee\/lv\/wp-json\/wp\/v2\/product_brand?post=5494"},{"taxonomy":"product_cat","embeddable":true,"href":"https:\/\/www.barefoot-baltics.ee\/lv\/wp-json\/wp\/v2\/product_cat?post=5494"},{"taxonomy":"product_tag","embeddable":true,"href":"https:\/\/www.barefoot-baltics.ee\/lv\/wp-json\/wp\/v2\/product_tag?post=5494"}],"curies":[{"name":"wp","href":"https:\/\/api.w.org\/{rel}","templated":true}]}}