{"id":5488,"date":"2018-10-01T09:58:16","date_gmt":"2018-10-01T06:58:16","guid":{"rendered":"https:\/\/www.barefoot-baltics.ee\/product\/kapslu-un-sparnu-savilcejsiksninas\/"},"modified":"2019-06-04T10:47:33","modified_gmt":"2019-06-04T07:47:33","slug":"kapslu-un-sparnu-savilcejsiksninas","status":"publish","type":"product","link":"https:\/\/www.barefoot-baltics.ee\/lv\/produkts\/kapslu-un-sparnu-savilcejsiksninas\/","title":{"rendered":"K\u0101p\u0161\u013cu un sp\u0101rnu savilc\u0113jsiksni\u0146as"},"content":{"rendered":"<p>T\u0101s ir \u0101das siksnas, kuras var izmantot k\u0101 rezerves da\u013cas Barefoot vesterna segliem. (Iesp\u0113jams, ar\u012b citiem sp\u0101rnu veidiem.) Tiek p\u0101rdoti pa p\u0101riem.<\/p>\n","protected":false},"excerpt":{"rendered":"<ul>\n<li>Rezerves vai aizvieto\u0161anas savilc\u0113jsiksni\u0146as<\/li>\n<li>Tiek p\u0101rdotas pa p\u0101riem<\/li>\n<\/ul>\n","protected":false},"featured_media":736,"template":"","meta":[],"product_brand":[],"product_cat":[876],"product_tag":[851,869],"class_list":{"0":"post-5488","1":"product","2":"type-product","3":"status-publish","4":"has-post-thumbnail","6":"product_cat-kapsli-un-kapslu-siksnas","7":"product_tag-ada","8":"product_tag-vesterna","9":"product_shipping_class-paku-stacija","10":"pa_colour-bruns","11":"pa_colour-melns","13":"first","14":"onbackorder","15":"shipping-taxable","16":"purchasable","17":"product-type-variable"},"_links":{"self":[{"href":"https:\/\/www.barefoot-baltics.ee\/lv\/wp-json\/wp\/v2\/product\/5488","targetHints":{"allow":["GET"]}}],"collection":[{"href":"https:\/\/www.barefoot-baltics.ee\/lv\/wp-json\/wp\/v2\/product"}],"about":[{"href":"https:\/\/www.barefoot-baltics.ee\/lv\/wp-json\/wp\/v2\/types\/product"}],"wp:featuredmedia":[{"embeddable":true,"href":"https:\/\/www.barefoot-baltics.ee\/lv\/wp-json\/wp\/v2\/media\/736"}],"wp:attachment":[{"href":"https:\/\/www.barefoot-baltics.ee\/lv\/wp-json\/wp\/v2\/media?parent=5488"}],"wp:term":[{"taxonomy":"product_brand","embeddable":true,"href":"https:\/\/www.barefoot-baltics.ee\/lv\/wp-json\/wp\/v2\/product_brand?post=5488"},{"taxonomy":"product_cat","embeddable":true,"href":"https:\/\/www.barefoot-baltics.ee\/lv\/wp-json\/wp\/v2\/product_cat?post=5488"},{"taxonomy":"product_tag","embeddable":true,"href":"https:\/\/www.barefoot-baltics.ee\/lv\/wp-json\/wp\/v2\/product_tag?post=5488"}],"curies":[{"name":"wp","href":"https:\/\/api.w.org\/{rel}","templated":true}]}}