{"id":5483,"date":"2019-01-30T15:51:02","date_gmt":"2019-01-30T13:51:02","guid":{"rendered":"https:\/\/www.barefoot-baltics.ee\/product\/meness-formas-vederjosta\/"},"modified":"2021-08-30T16:54:35","modified_gmt":"2021-08-30T13:54:35","slug":"meness-formas-vederjosta","status":"publish","type":"product","link":"https:\/\/www.barefoot-baltics.ee\/lv\/produkts\/meness-formas-vederjosta\/","title":{"rendered":"M\u0113ness formas v\u0113derjosta"},"content":{"rendered":"<p>M\u016bsu m\u0113ness formas v\u0113derjosta ir izgatavota no m\u012bkstas \u0101das, un p\u0101rkl\u0101ta ar m\u012bkstu polster\u0113jumu. Lieki teikt, ka t\u0101 ir \u013coti \u0113rta zirgam!<\/p>\n<p>Apak\u0161\u0113j\u0101 da\u013ca sast\u0101v no bieza un m\u012bksta polster\u0113juma, ar \u0101das apdari. Polster\u0113jums sp\u0113j piel\u0101goties, t\u0101p\u0113c v\u0113derjosta piegu\u013c zirga v\u0113deram. Elast\u012bgie ielaidumi nodro\u0161ina papildus komfortu. Tiek nov\u0113rsta jebk\u0101da veida \u0101das kairin\u0101jums un zilumi v\u0113derjostas apvid\u016b. Apvieno dro\u0161\u012bbu un zirga komfortu vien\u0101 element\u0101.<\/p>\n<ul>\n<li>Anatomiska forma apa\u013ciem v\u0113deriem un elko\u0146u br\u012bv\u012bbai.<\/li>\n<li>Rull\u012b\u0161u spr\u0101dzes ar gumij\u0101m kreisaj\u0101 pus\u0113.<\/li>\n<li>D-gredzenu var noloc\u012bt, kad nav nepiecie\u0161ams. Kr\u0101sa melna.<\/li>\n<\/ul>\n","protected":false},"excerpt":{"rendered":"<ul>\n<li>Izgatavota no m\u012bkstas \u0101das<\/li>\n<li>Paredz\u0113ta apa\u013ciem zirgiem<\/li>\n<li>Papildus polster\u0113jums komfortam<\/li>\n<li>Ner\u016bs\u0113jo\u0161\u0101 t\u0113rauda spr\u0101dzes ar rull\u012b\u0161iem<\/li>\n<\/ul>\n","protected":false},"featured_media":1657,"template":"","meta":[],"product_brand":[],"product_cat":[875],"product_tag":[851,836,837],"class_list":{"0":"post-5483","1":"product","2":"type-product","3":"status-publish","4":"has-post-thumbnail","6":"product_cat-vederjostas-un-seglu-siksnas","7":"product_tag-ada","8":"product_tag-anglu","9":"product_tag-ipasi-erti","10":"product_shipping_class-paku-stacija","11":"pa_length-55-cm-lv","12":"pa_length-65-cm-lv","13":"pa_length-75-cm-lv","14":"pa_length-85-cm-lv","16":"first","17":"onbackorder","18":"shipping-taxable","19":"purchasable","20":"product-type-variable"},"_links":{"self":[{"href":"https:\/\/www.barefoot-baltics.ee\/lv\/wp-json\/wp\/v2\/product\/5483","targetHints":{"allow":["GET"]}}],"collection":[{"href":"https:\/\/www.barefoot-baltics.ee\/lv\/wp-json\/wp\/v2\/product"}],"about":[{"href":"https:\/\/www.barefoot-baltics.ee\/lv\/wp-json\/wp\/v2\/types\/product"}],"wp:featuredmedia":[{"embeddable":true,"href":"https:\/\/www.barefoot-baltics.ee\/lv\/wp-json\/wp\/v2\/media\/1657"}],"wp:attachment":[{"href":"https:\/\/www.barefoot-baltics.ee\/lv\/wp-json\/wp\/v2\/media?parent=5483"}],"wp:term":[{"taxonomy":"product_brand","embeddable":true,"href":"https:\/\/www.barefoot-baltics.ee\/lv\/wp-json\/wp\/v2\/product_brand?post=5483"},{"taxonomy":"product_cat","embeddable":true,"href":"https:\/\/www.barefoot-baltics.ee\/lv\/wp-json\/wp\/v2\/product_cat?post=5483"},{"taxonomy":"product_tag","embeddable":true,"href":"https:\/\/www.barefoot-baltics.ee\/lv\/wp-json\/wp\/v2\/product_tag?post=5483"}],"curies":[{"name":"wp","href":"https:\/\/api.w.org\/{rel}","templated":true}]}}