{"id":5470,"date":"2018-10-29T19:36:29","date_gmt":"2018-10-29T17:36:29","guid":{"rendered":"https:\/\/www.barefoot-baltics.ee\/product\/anglu-vederjosta\/"},"modified":"2021-08-30T16:55:32","modified_gmt":"2021-08-30T13:55:32","slug":"anglu-vederjosta","status":"publish","type":"product","link":"https:\/\/www.barefoot-baltics.ee\/lv\/produkts\/anglu-vederjosta\/","title":{"rendered":"Ang\u013cu v\u0113derjosta"},"content":{"rendered":"<p>\u0160\u012b elegant\u0101 v\u0113derjosta ir veidota no div\u0101m da\u013c\u0101m. Aug\u0161puse ir elast\u012bga un apr\u012bkota ar 4 ner\u016bs\u0113jo\u0161\u0101 t\u0113rauda rull\u012b\u0161u spr\u0101dz\u0113m. Apak\u0161\u0113j\u0101 da\u013ca sast\u0101v no bieza un m\u012bksta polster\u0113juma, kas p\u0101rkl\u0101ta ar m\u012bkstu \u0101du. V\u0113derjosta piel\u0101gojas zirgam  pateicoties polster\u0113jumam un elast\u012bgaj\u0101m gumij\u0101m ab\u0101s pus\u0113s. Tiek nov\u0113rsta jebk\u0101da veida \u0101das kairin\u0101jums un zilumu ra\u0161an\u0101s v\u0113derjostas apvid\u016b.<\/p>\n<ul>\n<li>\u0160\u012b v\u0113derjosta apvieno vislab\u0101ko dro\u0161\u012bbu un komfortu zirgam.<\/li>\n<li>D-gredzenu iesp\u0113jams noloc\u012bt, kad nav nepiecie\u0161ams.<\/li>\n<li>\u013boti apa\u013ciem zirgiem m\u0113s iesak\u0101m m\u016bsu m\u0113ness formas v\u0113derjostu.<\/li>\n<\/ul>\n","protected":false},"excerpt":{"rendered":"<ul>\n<li>Netrauc\u0113 zirga elpo\u0161ana<\/li>\n<li>M\u012bksts polster\u0113jums p\u0101rkl\u0101ts ar m\u012bkstu te\u013c\u0101du<\/li>\n<li>Rull\u012b\u0161u spr\u0101dzes no ner\u016bs\u0113jo\u0161\u0101 t\u0113rauda<\/li>\n<li>Pieejami se\u0161i garumi un divas kr\u0101sas<\/li>\n<li>Ar gumiju ab\u0101s pus\u0113s<\/li>\n<\/ul>\n","protected":false},"featured_media":1204,"template":"","meta":[],"product_brand":[],"product_cat":[875],"product_tag":[851,836,825],"class_list":{"0":"post-5470","1":"product","2":"type-product","3":"status-publish","4":"has-post-thumbnail","6":"product_cat-vederjostas-un-seglu-siksnas","7":"product_tag-ada","8":"product_tag-anglu","9":"product_tag-elegants","10":"product_shipping_class-paku-stacija","11":"pa_colour-bruns","12":"pa_colour-melns","13":"pa_length-35-cm-lv","14":"pa_length-45-cm-lv","15":"pa_length-55-cm-lv","16":"pa_length-65-cm-lv","17":"pa_length-75-cm-lv","18":"pa_length-85-cm-lv","20":"first","21":"instock","22":"shipping-taxable","23":"purchasable","24":"product-type-variable"},"_links":{"self":[{"href":"https:\/\/www.barefoot-baltics.ee\/lv\/wp-json\/wp\/v2\/product\/5470","targetHints":{"allow":["GET"]}}],"collection":[{"href":"https:\/\/www.barefoot-baltics.ee\/lv\/wp-json\/wp\/v2\/product"}],"about":[{"href":"https:\/\/www.barefoot-baltics.ee\/lv\/wp-json\/wp\/v2\/types\/product"}],"wp:featuredmedia":[{"embeddable":true,"href":"https:\/\/www.barefoot-baltics.ee\/lv\/wp-json\/wp\/v2\/media\/1204"}],"wp:attachment":[{"href":"https:\/\/www.barefoot-baltics.ee\/lv\/wp-json\/wp\/v2\/media?parent=5470"}],"wp:term":[{"taxonomy":"product_brand","embeddable":true,"href":"https:\/\/www.barefoot-baltics.ee\/lv\/wp-json\/wp\/v2\/product_brand?post=5470"},{"taxonomy":"product_cat","embeddable":true,"href":"https:\/\/www.barefoot-baltics.ee\/lv\/wp-json\/wp\/v2\/product_cat?post=5470"},{"taxonomy":"product_tag","embeddable":true,"href":"https:\/\/www.barefoot-baltics.ee\/lv\/wp-json\/wp\/v2\/product_tag?post=5470"}],"curies":[{"name":"wp","href":"https:\/\/api.w.org\/{rel}","templated":true}]}}