{"id":5461,"date":"2018-10-30T07:54:23","date_gmt":"2018-10-30T05:54:23","guid":{"rendered":"https:\/\/www.barefoot-baltics.ee\/product\/vesterna-vederjosta\/"},"modified":"2025-03-31T13:48:48","modified_gmt":"2025-03-31T10:48:48","slug":"vesterna-vederjosta","status":"publish","type":"product","link":"https:\/\/www.barefoot-baltics.ee\/lv\/produkts\/vesterna-vederjosta\/","title":{"rendered":"Vesterna v\u0113derjosta"},"content":{"rendered":"<p>M\u016bsu vesterna v\u0113derjosta ir anatomiski veidota un izgatavota no augstas kvalit\u0101tes \u0101das. M\u012bkstais polster\u0113jums nodro\u0161ina komfortu zirgam. Tam ir lielas, plakanas un iztur\u012bgas spr\u0101dzes, kas izgatavotas no ner\u016bs\u0113jo\u0161\u0101 t\u0113rauda. Ide\u0101li piem\u0113rota j\u016bt\u012bgiem zirgiem.<\/p>\n","protected":false},"excerpt":{"rendered":"<ul>\n<li>Anatomiska forma, kas padara to \u0113rtu zirgam<\/li>\n<li>\u012asta \u0101da, m\u012bksts polster\u0113jums<\/li>\n<li>\u013boti plakanas spr\u0101dzes<\/li>\n<\/ul>\n","protected":false},"featured_media":1226,"template":"","meta":[],"product_brand":[],"product_cat":[875],"product_tag":[851,869],"class_list":{"0":"post-5461","1":"product","2":"type-product","3":"status-publish","4":"has-post-thumbnail","6":"product_cat-vederjostas-un-seglu-siksnas","7":"product_tag-ada","8":"product_tag-vesterna","9":"product_shipping_class-paku-stacija","10":"pa_colour-bruns","11":"pa_colour-melns","12":"pa_length-55-cm-lv","13":"pa_length-65-cm-lv","14":"pa_length-75-cm-lv","15":"pa_length-85-cm-lv","17":"first","18":"onbackorder","19":"shipping-taxable","20":"purchasable","21":"product-type-variable"},"_links":{"self":[{"href":"https:\/\/www.barefoot-baltics.ee\/lv\/wp-json\/wp\/v2\/product\/5461","targetHints":{"allow":["GET"]}}],"collection":[{"href":"https:\/\/www.barefoot-baltics.ee\/lv\/wp-json\/wp\/v2\/product"}],"about":[{"href":"https:\/\/www.barefoot-baltics.ee\/lv\/wp-json\/wp\/v2\/types\/product"}],"wp:featuredmedia":[{"embeddable":true,"href":"https:\/\/www.barefoot-baltics.ee\/lv\/wp-json\/wp\/v2\/media\/1226"}],"wp:attachment":[{"href":"https:\/\/www.barefoot-baltics.ee\/lv\/wp-json\/wp\/v2\/media?parent=5461"}],"wp:term":[{"taxonomy":"product_brand","embeddable":true,"href":"https:\/\/www.barefoot-baltics.ee\/lv\/wp-json\/wp\/v2\/product_brand?post=5461"},{"taxonomy":"product_cat","embeddable":true,"href":"https:\/\/www.barefoot-baltics.ee\/lv\/wp-json\/wp\/v2\/product_cat?post=5461"},{"taxonomy":"product_tag","embeddable":true,"href":"https:\/\/www.barefoot-baltics.ee\/lv\/wp-json\/wp\/v2\/product_tag?post=5461"}],"curies":[{"name":"wp","href":"https:\/\/api.w.org\/{rel}","templated":true}]}}