{"id":5453,"date":"2018-10-30T07:40:56","date_gmt":"2018-10-30T05:40:56","guid":{"rendered":"https:\/\/www.barefoot-baltics.ee\/product\/aitadas-vederjosta\/"},"modified":"2021-08-30T16:55:08","modified_gmt":"2021-08-30T13:55:08","slug":"aitadas-vederjosta","status":"publish","type":"product","link":"https:\/\/www.barefoot-baltics.ee\/lv\/produkts\/aitadas-vederjosta\/","title":{"rendered":"Ait\u0101das v\u0113derjosta"},"content":{"rendered":"<p>V\u0113derjosta ar m\u012bkstu ait\u0101das apvalku, kas \u012bpa\u0161i paredz\u0113ta zirgiem ar j\u016bt\u012bgu v\u0113dera zonu. T\u0101 ir izgatavota no div\u0101m da\u013c\u0101m: pirm\u0101 ir dab\u012bg\u0101 ait\u0101da un otra iztur\u012bgs neilons. Velcro stiprin\u0101jums stingri nostiprina abas da\u013cas, tai pat laik\u0101 ait\u0101du viegli no\u0146emt mazg\u0101\u0161anai, k\u0101 ar\u012b tas \u013cauj nedaudz main\u012bt gredzenu poz\u012bciju. Ait\u0101da ir nedaudz plat\u0101ka par pa\u0161u v\u0113derjostu, kas pal\u012bdz sadal\u012bt spiedienu un izvair\u012bties no t\u0101s sagrie\u0161an\u0101s.<\/p>\n<p>Ait\u0101dai ir antibakteri\u0101la iedarb\u012bba. \u0160\u012b v\u0113derjosta ir ide\u0101li piem\u0113rots jut\u012bgai \u0101dai, jo \u200b\u200bait\u0101da absorb\u0113 kust\u012bbu iedarb\u012bbu un t\u0101d\u0113j\u0101di pal\u012bdz nov\u0113rst zilumu ra\u0161anos, sagrie\u0161anos un spiedienu. T\u0101 ir piln\u012bb\u0101 elpojo\u0161a, un pal\u012bdz novad\u012bt mitrumu un regul\u0113t sviedru daudzumu, \u012bpa\u0161i vasar\u0101.<\/p>\n<p>Neilona da\u013cai vien\u0101 pus\u0113 ir elast\u012bgas, nepl\u012bsto\u0161as siksnas, lai zirgs var\u0113tu viegli elpot.<\/p>\n<p>\u0145emot v\u0113r\u0101 ait\u0101das dabisk\u0101s \u012bpa\u0161\u012bbas, iesp\u0113jamas nelielas kr\u0101sas un ka\u017eok\u0101das garuma at\u0161\u0137ir\u012bbas. L\u016bdzu, ne\u017e\u0101v\u0113t tie\u0161\u0101 saul\u0113 un mazg\u0101t tikai ar \u012bpa\u0161iem vilnas mazg\u0101\u0161anas l\u012bdzek\u013ciem. \u017d\u0101v\u0113t izkl\u0101jot uz l\u012bdzenas virsmas.<\/p>\n","protected":false},"excerpt":{"rendered":"<ul>\n<li>Elast\u012bga<\/li>\n<li>Netrauc\u0113 zirga elpo\u0161anai<\/li>\n<li>\u012astas ait\u0101das polster\u0113jums<\/li>\n<li>Viegli mazg\u0101jama &#8211; ait\u0101da ir no\u0146emama<\/li>\n<li>Ner\u016bs\u0113jo\u0161\u0101 t\u0113rauda spr\u0101dzes <\/li>\n<\/ul>\n","protected":false},"featured_media":1216,"template":"","meta":[],"product_brand":[],"product_cat":[875],"product_tag":[861,836,834],"class_list":{"0":"post-5453","1":"product","2":"type-product","3":"status-publish","4":"has-post-thumbnail","6":"product_cat-vederjostas-un-seglu-siksnas","7":"product_tag-aitada","8":"product_tag-anglu","9":"product_tag-elastigs","10":"product_shipping_class-paku-stacija","11":"pa_length-45-cm-lv","12":"pa_length-55-cm-lv","13":"pa_length-65-cm-lv","14":"pa_length-75-cm-lv","16":"first","17":"onbackorder","18":"shipping-taxable","19":"purchasable","20":"product-type-variable"},"_links":{"self":[{"href":"https:\/\/www.barefoot-baltics.ee\/lv\/wp-json\/wp\/v2\/product\/5453","targetHints":{"allow":["GET"]}}],"collection":[{"href":"https:\/\/www.barefoot-baltics.ee\/lv\/wp-json\/wp\/v2\/product"}],"about":[{"href":"https:\/\/www.barefoot-baltics.ee\/lv\/wp-json\/wp\/v2\/types\/product"}],"wp:featuredmedia":[{"embeddable":true,"href":"https:\/\/www.barefoot-baltics.ee\/lv\/wp-json\/wp\/v2\/media\/1216"}],"wp:attachment":[{"href":"https:\/\/www.barefoot-baltics.ee\/lv\/wp-json\/wp\/v2\/media?parent=5453"}],"wp:term":[{"taxonomy":"product_brand","embeddable":true,"href":"https:\/\/www.barefoot-baltics.ee\/lv\/wp-json\/wp\/v2\/product_brand?post=5453"},{"taxonomy":"product_cat","embeddable":true,"href":"https:\/\/www.barefoot-baltics.ee\/lv\/wp-json\/wp\/v2\/product_cat?post=5453"},{"taxonomy":"product_tag","embeddable":true,"href":"https:\/\/www.barefoot-baltics.ee\/lv\/wp-json\/wp\/v2\/product_tag?post=5453"}],"curies":[{"name":"wp","href":"https:\/\/api.w.org\/{rel}","templated":true}]}}