{"id":5452,"date":"2018-10-29T19:30:58","date_gmt":"2018-10-29T17:30:58","guid":{"rendered":"https:\/\/www.barefoot-baltics.ee\/product\/kreisas-puses-vederjostas-stiprinajuma-siksna\/"},"modified":"2019-06-04T10:32:00","modified_gmt":"2019-06-04T07:32:00","slug":"kreisas-puses-vederjostas-stiprinajuma-siksna","status":"publish","type":"product","link":"https:\/\/www.barefoot-baltics.ee\/lv\/produkts\/kreisas-puses-vederjostas-stiprinajuma-siksna\/","title":{"rendered":"Kreis\u0101s puses v\u0113derjostas stiprin\u0101juma siksna"},"content":{"rendered":"<p>\u0160\u012b siksna ir nepiecie\u0161ama visiem vesterna tipa segliem. To izmanto, lai piestiprin\u0101tu v\u0113derjostu kreisaj\u0101 pus\u0113. T\u0101 ir izgatavota no \u013coti iztur\u012bgas \u0101das, kas ir \u012bpa\u0161i izv\u0113l\u0113ta \u0161im nol\u016bkam. Taj\u0101 ir caurumi, lai to var\u0113tu piestiprin\u0101t ar v\u0113derjostas spr\u0101dzi vai mezglu.<\/p>\n<p>T\u0101s platums ir 5 cm un garums ir 180 cm.<\/p>\n","protected":false},"excerpt":{"rendered":"<ul>\n<li>Kreis\u0101s puses v\u0113derjostas stiprin\u0101juma siksna<\/li>\n<li>Izgatavots no lab\u0101k\u0101s, ar rok\u0101m izv\u0113l\u0113t\u0101s latigo \u0101das<\/li>\n<li>Var tikt piestiprin\u0101ts ar speci\u0101lo tie mezglu vai jostas spr\u0101dzi<\/li>\n<\/ul>\n","protected":false},"featured_media":1201,"template":"","meta":[],"product_brand":[],"product_cat":[875],"product_tag":[851,869],"class_list":{"0":"post-5452","1":"product","2":"type-product","3":"status-publish","4":"has-post-thumbnail","6":"product_cat-vederjostas-un-seglu-siksnas","7":"product_tag-ada","8":"product_tag-vesterna","9":"product_shipping_class-paku-stacija","11":"first","12":"onbackorder","13":"shipping-taxable","14":"purchasable","15":"product-type-simple"},"_links":{"self":[{"href":"https:\/\/www.barefoot-baltics.ee\/lv\/wp-json\/wp\/v2\/product\/5452","targetHints":{"allow":["GET"]}}],"collection":[{"href":"https:\/\/www.barefoot-baltics.ee\/lv\/wp-json\/wp\/v2\/product"}],"about":[{"href":"https:\/\/www.barefoot-baltics.ee\/lv\/wp-json\/wp\/v2\/types\/product"}],"wp:featuredmedia":[{"embeddable":true,"href":"https:\/\/www.barefoot-baltics.ee\/lv\/wp-json\/wp\/v2\/media\/1201"}],"wp:attachment":[{"href":"https:\/\/www.barefoot-baltics.ee\/lv\/wp-json\/wp\/v2\/media?parent=5452"}],"wp:term":[{"taxonomy":"product_brand","embeddable":true,"href":"https:\/\/www.barefoot-baltics.ee\/lv\/wp-json\/wp\/v2\/product_brand?post=5452"},{"taxonomy":"product_cat","embeddable":true,"href":"https:\/\/www.barefoot-baltics.ee\/lv\/wp-json\/wp\/v2\/product_cat?post=5452"},{"taxonomy":"product_tag","embeddable":true,"href":"https:\/\/www.barefoot-baltics.ee\/lv\/wp-json\/wp\/v2\/product_tag?post=5452"}],"curies":[{"name":"wp","href":"https:\/\/api.w.org\/{rel}","templated":true}]}}