{"id":5441,"date":"2018-10-29T19:41:12","date_gmt":"2018-10-29T17:41:12","guid":{"rendered":"https:\/\/www.barefoot-baltics.ee\/product\/vederjosta-stiepies-elpo\/"},"modified":"2024-01-24T12:44:58","modified_gmt":"2024-01-24T10:44:58","slug":"vederjosta-stiepies-elpo","status":"publish","type":"product","link":"https:\/\/www.barefoot-baltics.ee\/lv\/produkts\/vederjosta-stiepies-elpo\/","title":{"rendered":"V\u0113derjosta \u201cElpo br\u012bvi\u201d"},"content":{"rendered":"<p>\u0160\u012b v\u0113derjosta ir izgatavota no materi\u0101la, ko sauc par \u201cElpo br\u012bvi\u201d, kas ir \u012bpa\u0161i rad\u012bts Barefoot. T\u0101 sast\u0101v no daudz\u0101m blakus eso\u0161\u0101m, smalk\u0101m elast\u012bg\u0101m josl\u0101m, kas ir sa\u0161\u016btas ar iztur\u012bgu neilona diegu. Rezult\u0101t\u0101 ieg\u016bstam materi\u0101lu, kas nepl\u012bst, un ir piln\u012bb\u0101 elast\u012bgs.<\/p>\n<p>\u201cElpo br\u012bvi\u201d materi\u0101ls ir nosegts ar m\u012bkstu, regul\u0113jamu apvalku, kas aizsarg\u0101 zirga j\u016bt\u012bgo v\u0113dera da\u013cu.<\/p>\n<p>\u0160\u012bs v\u0113derjostas priek\u0161roc\u012bbas:<\/p>\n<ul>\n<li>Piln\u012bb\u0101 elast\u012bga: zirga kr\u016b\u0161u kust\u012bba nav ierobe\u017eota<\/li>\n<li>Dro\u0161a: ar smalki austu, iztur\u012bgu neilona materi\u0101lu<\/li>\n<li>M\u012bksti polster\u0113ta<\/li>\n<li>Ner\u016bs\u0113jo\u0161\u0101 t\u0113rauda spr\u0101dzes<\/li>\n<li>Centr\u0101lais gredzens martingala vai kr\u016b\u0161u siksnas stiprin\u0101\u0161anai<\/li>\n<li>Mazg\u0101jama ve\u013cas ma\u0161\u012bn\u0101<\/li>\n<\/ul>\n<p>Elast\u012bgais materi\u0101ls piek\u013caujas zirga formai tai pat laik\u0101 saglab\u0101jot elast\u012bbu. M\u0113s iesak\u0101m ik pa laikam pamain\u012bt puses. Ja parasti to izmantojat no kreis\u0101s uz labo pusi, pagrieziet to t\u0101, lai b\u016btu no lab\u0101s uz  kreiso pusi, lai saglab\u0101tu l\u012bdzsvaru.<\/p>\n<p>\u0100r\u0113jo apvalku mazg\u0101t ve\u013cas ma\u0161\u012bn\u0101 30 gr\u0101dos. Iek\u0161\u0113jo vislab\u0101k mazg\u0101t ar rok\u0101m aukst\u0101 \u016bden\u012b.<\/p>\n","protected":false},"excerpt":{"rendered":"<ul>\n<li>Izgatavots no Barefoot \u201eElpo br\u012bvi\u201d materi\u0101la<\/li>\n<li>Netrauc\u0113 zirga elpo\u0161anai<\/li>\n<li>Polster\u0113ts ar m\u012bkstu materi\u0101lu, ko var viegli izmazg\u0101t<\/li>\n<li>Ner\u016bs\u0113jo\u0161\u0101 t\u0113rauda spr\u0101dzes ab\u0101s pus\u0113s<\/li>\n<li>Piln\u012bb\u0101 elast\u012bga<\/li>\n<\/ul>\n","protected":false},"featured_media":1206,"template":"","meta":[],"product_brand":[],"product_cat":[875],"product_tag":[834,837,865],"class_list":{"0":"post-5441","1":"product","2":"type-product","3":"status-publish","4":"has-post-thumbnail","6":"product_cat-vederjostas-un-seglu-siksnas","7":"product_tag-elastigs","8":"product_tag-ipasi-erti","9":"product_tag-stretchbreathe-lv","10":"product_shipping_class-paku-stacija","11":"pa_length-35-cm-lv","12":"pa_length-45-cm-lv","13":"pa_length-55-cm-lv","14":"pa_length-65-cm-lv","15":"pa_length-75-cm-lv","16":"pa_length-85-cm-lv","18":"first","19":"onbackorder","20":"shipping-taxable","21":"purchasable","22":"product-type-variable"},"_links":{"self":[{"href":"https:\/\/www.barefoot-baltics.ee\/lv\/wp-json\/wp\/v2\/product\/5441","targetHints":{"allow":["GET"]}}],"collection":[{"href":"https:\/\/www.barefoot-baltics.ee\/lv\/wp-json\/wp\/v2\/product"}],"about":[{"href":"https:\/\/www.barefoot-baltics.ee\/lv\/wp-json\/wp\/v2\/types\/product"}],"wp:featuredmedia":[{"embeddable":true,"href":"https:\/\/www.barefoot-baltics.ee\/lv\/wp-json\/wp\/v2\/media\/1206"}],"wp:attachment":[{"href":"https:\/\/www.barefoot-baltics.ee\/lv\/wp-json\/wp\/v2\/media?parent=5441"}],"wp:term":[{"taxonomy":"product_brand","embeddable":true,"href":"https:\/\/www.barefoot-baltics.ee\/lv\/wp-json\/wp\/v2\/product_brand?post=5441"},{"taxonomy":"product_cat","embeddable":true,"href":"https:\/\/www.barefoot-baltics.ee\/lv\/wp-json\/wp\/v2\/product_cat?post=5441"},{"taxonomy":"product_tag","embeddable":true,"href":"https:\/\/www.barefoot-baltics.ee\/lv\/wp-json\/wp\/v2\/product_tag?post=5441"}],"curies":[{"name":"wp","href":"https:\/\/api.w.org\/{rel}","templated":true}]}}