{"id":5440,"date":"2018-10-29T19:33:50","date_gmt":"2018-10-29T17:33:50","guid":{"rendered":"https:\/\/www.barefoot-baltics.ee\/product\/elastiga-vederjostas-stiprinajuma-siksna-elpo-brivi\/"},"modified":"2019-05-24T17:49:14","modified_gmt":"2019-05-24T14:49:14","slug":"elastiga-vederjostas-stiprinajuma-siksna-elpo-brivi","status":"publish","type":"product","link":"https:\/\/www.barefoot-baltics.ee\/lv\/produkts\/elastiga-vederjostas-stiprinajuma-siksna-elpo-brivi\/","title":{"rendered":"Elast\u012bg\u0101 v\u0113derjostas stiprin\u0101juma siksna \u201cElpo br\u012bvi\u201d"},"content":{"rendered":"<p>\u0160\u012b elast\u012bg\u0101 v\u0113derjostas stiprin\u0101juma siksna tika \u012bpa\u0161i rad\u012bta vesterna segliem, lai b\u016btu \u0113rt\u0101k pievilkt v\u0113dejostu no zemes, ko parasti nedara s\u0113\u017eot zirgam mugur\u0101.<\/p>\n<p>Elast\u012bgais materi\u0101la ielaidums \u201eElpo br\u012bvi\u201d apdar\u0113 \u013cauj siksnai b\u016bt elast\u012bgai, ne\u013caujot p\u0101r\u0101k cie\u0161i savilkt v\u0113derjostu seglo\u0161anas laik\u0101. T\u0101 ir izgatavota no r\u016bp\u012bgi atlas\u012btiem materi\u0101liem. Iestr\u0101d\u0101t\u0101 elast\u012bg\u0101 da\u013ca \u013cauj zirgam elpot, p\u0113c v\u0113derjostas savilk\u0161anas, tan\u012b pat laik\u0101 nov\u0113r\u0161ot seglu sl\u012bd\u0113\u0161anu.<\/p>\n<p>\u0160\u012b siksna vesterna seglos tiek izmantota labaj\u0101 pus\u0113. Kreisaj\u0101 pus\u0113 v\u0113derjostu stiprina ar tie strap, kas tradicion\u0101li sieta speci\u0101l\u0101 mezgl\u0101.<\/p>\n<p>\u0160\u012bs siksnas kop\u0113jais garums ir 110 cm, bet lietot nepiecie\u0161ams salokot uz pus\u0113m. Kr\u0101sa br\u016bna.<\/p>\n","protected":false},"excerpt":{"rendered":"<ul>\n<li>Elast\u012bga vesterna siksna<\/li>\n<li>\u013bauj zirgam viegl\u0101k elpot<\/li>\n<li>Veidota no iztur\u012bgas \u0101das<\/li>\n<li>Elast\u012bgs materi\u0101ls un augstas kvalit\u0101tes apdare<\/li>\n<\/ul>\n","protected":false},"featured_media":1203,"template":"","meta":[],"product_brand":[],"product_cat":[875],"product_tag":[834,865,869],"class_list":{"0":"post-5440","1":"product","2":"type-product","3":"status-publish","4":"has-post-thumbnail","6":"product_cat-vederjostas-un-seglu-siksnas","7":"product_tag-elastigs","8":"product_tag-stretchbreathe-lv","9":"product_tag-vesterna","10":"product_shipping_class-paku-stacija","12":"first","13":"onbackorder","14":"shipping-taxable","15":"purchasable","16":"product-type-simple"},"_links":{"self":[{"href":"https:\/\/www.barefoot-baltics.ee\/lv\/wp-json\/wp\/v2\/product\/5440","targetHints":{"allow":["GET"]}}],"collection":[{"href":"https:\/\/www.barefoot-baltics.ee\/lv\/wp-json\/wp\/v2\/product"}],"about":[{"href":"https:\/\/www.barefoot-baltics.ee\/lv\/wp-json\/wp\/v2\/types\/product"}],"wp:featuredmedia":[{"embeddable":true,"href":"https:\/\/www.barefoot-baltics.ee\/lv\/wp-json\/wp\/v2\/media\/1203"}],"wp:attachment":[{"href":"https:\/\/www.barefoot-baltics.ee\/lv\/wp-json\/wp\/v2\/media?parent=5440"}],"wp:term":[{"taxonomy":"product_brand","embeddable":true,"href":"https:\/\/www.barefoot-baltics.ee\/lv\/wp-json\/wp\/v2\/product_brand?post=5440"},{"taxonomy":"product_cat","embeddable":true,"href":"https:\/\/www.barefoot-baltics.ee\/lv\/wp-json\/wp\/v2\/product_cat?post=5440"},{"taxonomy":"product_tag","embeddable":true,"href":"https:\/\/www.barefoot-baltics.ee\/lv\/wp-json\/wp\/v2\/product_tag?post=5440"}],"curies":[{"name":"wp","href":"https:\/\/api.w.org\/{rel}","templated":true}]}}