{"id":5436,"date":"2018-07-19T13:01:48","date_gmt":"2018-07-19T10:01:48","guid":{"rendered":"https:\/\/www.barefoot-baltics.ee\/product\/aitadas-sedeklis-spanu-segliem-madride\/"},"modified":"2025-01-23T08:36:42","modified_gmt":"2025-01-23T06:36:42","slug":"aitadas-sedeklis-spanu-segliem-madride","status":"publish","type":"product","link":"https:\/\/www.barefoot-baltics.ee\/lv\/produkts\/aitadas-sedeklis-spanu-segliem-madride\/","title":{"rendered":"Ait\u0101das s\u0113deklis sp\u0101\u0146u segliem \u201cMadride\u201d"},"content":{"rendered":"<p>\u0160is ir ait\u0101das s\u0113deklis, kas speci\u0101li izgatavots m\u016bsu sp\u0101\u0146u seglu modelim \u201eMadride\u201d. Vienk\u0101r\u0161i nostiprin\u0101t ar velcro sist\u0113mu. \u0112rta un kvalit\u0101te s\u0113dek\u013ca apdare. Integr\u0113ti ce\u013cu bloki j\u0101tnieka k\u0101jas atbalstam. Apak\u0161\u0113j\u0101 da\u013ca ir izgatavota no iztur\u012bga, elast\u012bga filca p\u0101rkl\u0101ta ar audumu.<\/p>\n","protected":false},"excerpt":{"rendered":"<ul>\n<li>Velcro stiprin\u0101jums, t\u0101p\u0113c nesl\u012bdo\u0161s<\/li>\n<li>Integr\u0113ti ce\u013cu bloki<\/li>\n<li>\u012asta ait\u0101da<\/li>\n<\/ul>\n","protected":false},"featured_media":394,"template":"","meta":[],"product_brand":[],"product_cat":[874],"product_tag":[861,837],"class_list":{"0":"post-5436","1":"product","2":"type-product","3":"status-publish","4":"has-post-thumbnail","6":"product_cat-seglu-piederumi","7":"product_tag-aitada","8":"product_tag-ipasi-erti","9":"product_shipping_class-paku-stacija","10":"pa_size-1-lv","11":"pa_size-2-lv","13":"first","14":"onbackorder","15":"shipping-taxable","16":"purchasable","17":"product-type-variable"},"_links":{"self":[{"href":"https:\/\/www.barefoot-baltics.ee\/lv\/wp-json\/wp\/v2\/product\/5436","targetHints":{"allow":["GET"]}}],"collection":[{"href":"https:\/\/www.barefoot-baltics.ee\/lv\/wp-json\/wp\/v2\/product"}],"about":[{"href":"https:\/\/www.barefoot-baltics.ee\/lv\/wp-json\/wp\/v2\/types\/product"}],"wp:featuredmedia":[{"embeddable":true,"href":"https:\/\/www.barefoot-baltics.ee\/lv\/wp-json\/wp\/v2\/media\/394"}],"wp:attachment":[{"href":"https:\/\/www.barefoot-baltics.ee\/lv\/wp-json\/wp\/v2\/media?parent=5436"}],"wp:term":[{"taxonomy":"product_brand","embeddable":true,"href":"https:\/\/www.barefoot-baltics.ee\/lv\/wp-json\/wp\/v2\/product_brand?post=5436"},{"taxonomy":"product_cat","embeddable":true,"href":"https:\/\/www.barefoot-baltics.ee\/lv\/wp-json\/wp\/v2\/product_cat?post=5436"},{"taxonomy":"product_tag","embeddable":true,"href":"https:\/\/www.barefoot-baltics.ee\/lv\/wp-json\/wp\/v2\/product_tag?post=5436"}],"curies":[{"name":"wp","href":"https:\/\/api.w.org\/{rel}","templated":true}]}}