{"id":5419,"date":"2018-10-24T13:21:46","date_gmt":"2018-10-24T10:21:46","guid":{"rendered":"https:\/\/www.barefoot-baltics.ee\/product\/aitadas-sedeklis\/"},"modified":"2019-07-16T11:17:49","modified_gmt":"2019-07-16T08:17:49","slug":"aitadas-sedeklis","status":"publish","type":"product","link":"https:\/\/www.barefoot-baltics.ee\/lv\/produkts\/aitadas-sedeklis\/","title":{"rendered":"Ait\u0101das s\u0113deklis"},"content":{"rendered":"<p>Izgatavots no \u012bstas, m\u012bkstas un \u0113rtas ait\u0101das, kas speci\u0101li ra\u017eota priek\u0161 Barefoot. Iesp\u0113jams to izmantot k\u0101 aizvietot\u0101ja s\u0113dekli j\u016bsu jau eso\u0161ajiem segliem.<\/p>\n<p>S\u0113deklis tiek dro\u0161i piestiprin\u0101ts izmantojot velcro. Ide\u0101li piem\u0113rots j\u0101tniekiem, kuri ir v\u0113las baud\u012bt patiesu komfortu.<\/p>\n<p>\u201c\u010ciroki\u201d, \u201c\u010ciroki Klasika\u201d, \u201cLondona\u201d un \u201cNotingema\u201d segliem s\u0113deklis pieejams meln\u0101 kr\u0101s\u0101, p\u0101r\u0113jiem seglu mode\u013ciem balt\u0101.<\/p>\n","protected":false},"excerpt":{"rendered":"<ul>\n<li>Absorb\u0113 spiedienu<\/li>\n<li>Silti ziem\u0101, atv\u0113sino\u0161i vasar\u0101<\/li>\n<li>Temperat\u016bru regul\u0113jo\u0161s<\/li>\n<li>Mitrumu absorb\u0113jo\u0161s<\/li>\n<\/ul>\n","protected":false},"featured_media":1029,"template":"","meta":[],"product_brand":[],"product_cat":[874],"product_tag":[861,837],"class_list":{"0":"post-5419","1":"product","2":"type-product","3":"status-publish","4":"has-post-thumbnail","6":"product_cat-seglu-piederumi","7":"product_tag-aitada","8":"product_tag-ipasi-erti","9":"product_shipping_class-paku-stacija","10":"pa_size-1-lv","11":"pa_size-2-lv","12":"pa_your-saddle-arizona-lv","13":"pa_your-saddle-atlanta-lv","14":"pa_your-saddle-ciroki","15":"pa_your-saddle-ciroki-klasika","16":"pa_your-saddle-londona","17":"pa_your-saddle-nevada-lv","18":"pa_your-saddle-notingema","19":"pa_your-saddle-saiena","21":"first","22":"onbackorder","23":"shipping-taxable","24":"purchasable","25":"product-type-variable"},"_links":{"self":[{"href":"https:\/\/www.barefoot-baltics.ee\/lv\/wp-json\/wp\/v2\/product\/5419","targetHints":{"allow":["GET"]}}],"collection":[{"href":"https:\/\/www.barefoot-baltics.ee\/lv\/wp-json\/wp\/v2\/product"}],"about":[{"href":"https:\/\/www.barefoot-baltics.ee\/lv\/wp-json\/wp\/v2\/types\/product"}],"wp:featuredmedia":[{"embeddable":true,"href":"https:\/\/www.barefoot-baltics.ee\/lv\/wp-json\/wp\/v2\/media\/1029"}],"wp:attachment":[{"href":"https:\/\/www.barefoot-baltics.ee\/lv\/wp-json\/wp\/v2\/media?parent=5419"}],"wp:term":[{"taxonomy":"product_brand","embeddable":true,"href":"https:\/\/www.barefoot-baltics.ee\/lv\/wp-json\/wp\/v2\/product_brand?post=5419"},{"taxonomy":"product_cat","embeddable":true,"href":"https:\/\/www.barefoot-baltics.ee\/lv\/wp-json\/wp\/v2\/product_cat?post=5419"},{"taxonomy":"product_tag","embeddable":true,"href":"https:\/\/www.barefoot-baltics.ee\/lv\/wp-json\/wp\/v2\/product_tag?post=5419"}],"curies":[{"name":"wp","href":"https:\/\/api.w.org\/{rel}","templated":true}]}}