{"id":5415,"date":"2018-10-22T11:06:25","date_gmt":"2018-10-22T08:06:25","guid":{"rendered":"https:\/\/www.barefoot-baltics.ee\/product\/krusu-siksna-elpo-brivi\/"},"modified":"2021-01-16T16:53:00","modified_gmt":"2021-01-16T14:53:00","slug":"krusu-siksna-elpo-brivi","status":"publish","type":"product","link":"https:\/\/www.barefoot-baltics.ee\/lv\/produkts\/krusu-siksna-elpo-brivi\/","title":{"rendered":"Kr\u016b\u0161u siksna \u201cElpo br\u012bvi\u201d"},"content":{"rendered":"<p>Kr\u016b\u0161u siksna ar elast\u012bg\u0101m siksn\u0101m kakla da\u013c\u0101 ir izgatavota no augstas kvalit\u0101tes  \u0101das. Siksnas iek\u0161puse ir polster\u0113ta ar m\u012bkstu \u0101du un termo elast\u012bg\u0101m put\u0101m, kas \u013cauj tai viegli piel\u0101goties zirga kr\u016b\u0161u kust\u012bb\u0101m. Polster\u0113jums nedaudz p\u0101rkl\u0101jas, lai nov\u0113rstu iesp\u0113jamo berzi.<\/p>\n<p>\u0160o kr\u016b\u0161u siksnu var viegli uzlikt da\u017e\u0101diem segliem, pateicoties stiprin\u0101juma veidam: izmantojot divas \u0101das siksnas vai divas karab\u012bnes.<\/p>\n","protected":false},"excerpt":{"rendered":"<ul>\n<li>Izgatavota no augstas kvalit\u0101tes \u0101das<\/li>\n<li>M\u012bksts polster\u0113jums<\/li>\n<li>Ar elast\u012bg\u0101m siksn\u0101m kr\u016b\u0161u da\u013c\u0101<\/li>\n<li>M\u012bksts, main\u0101ms aitas vilnas polster\u0113jums<\/li>\n<\/ul>\n","protected":false},"featured_media":976,"template":"","meta":[],"product_brand":[],"product_cat":[874],"product_tag":[851,837,865],"class_list":{"0":"post-5415","1":"product","2":"type-product","3":"status-publish","4":"has-post-thumbnail","6":"product_cat-seglu-piederumi","7":"product_tag-ada","8":"product_tag-ipasi-erti","9":"product_tag-stretchbreathe-lv","10":"product_shipping_class-paku-stacija","11":"pa_size-1-cob-lv","12":"pa_size-2-full-lv","14":"first","15":"onbackorder","16":"shipping-taxable","17":"purchasable","18":"product-type-variable"},"_links":{"self":[{"href":"https:\/\/www.barefoot-baltics.ee\/lv\/wp-json\/wp\/v2\/product\/5415","targetHints":{"allow":["GET"]}}],"collection":[{"href":"https:\/\/www.barefoot-baltics.ee\/lv\/wp-json\/wp\/v2\/product"}],"about":[{"href":"https:\/\/www.barefoot-baltics.ee\/lv\/wp-json\/wp\/v2\/types\/product"}],"wp:featuredmedia":[{"embeddable":true,"href":"https:\/\/www.barefoot-baltics.ee\/lv\/wp-json\/wp\/v2\/media\/976"}],"wp:attachment":[{"href":"https:\/\/www.barefoot-baltics.ee\/lv\/wp-json\/wp\/v2\/media?parent=5415"}],"wp:term":[{"taxonomy":"product_brand","embeddable":true,"href":"https:\/\/www.barefoot-baltics.ee\/lv\/wp-json\/wp\/v2\/product_brand?post=5415"},{"taxonomy":"product_cat","embeddable":true,"href":"https:\/\/www.barefoot-baltics.ee\/lv\/wp-json\/wp\/v2\/product_cat?post=5415"},{"taxonomy":"product_tag","embeddable":true,"href":"https:\/\/www.barefoot-baltics.ee\/lv\/wp-json\/wp\/v2\/product_tag?post=5415"}],"curies":[{"name":"wp","href":"https:\/\/api.w.org\/{rel}","templated":true}]}}