{"id":5408,"date":"2018-10-22T10:00:46","date_gmt":"2018-10-22T07:00:46","guid":{"rendered":"https:\/\/www.barefoot-baltics.ee\/product\/adas-krusu-siksna\/"},"modified":"2019-05-24T07:53:21","modified_gmt":"2019-05-24T04:53:21","slug":"adas-krusu-siksna","status":"publish","type":"product","link":"https:\/\/www.barefoot-baltics.ee\/lv\/produkts\/adas-krusu-siksna\/","title":{"rendered":"\u0100das kr\u016b\u0161u siksna"},"content":{"rendered":"<p>Kr\u016b\u0161u siksna izgatavota no augstas kvalit\u0101tes, m\u012bkstas un elast\u012bgas \u0101das. Rok\u0101m veidots z\u012bm\u0113jums. Br\u016bnaj\u0101m un gai\u0161aj\u0101m kr\u016b\u0161u siksn\u0101m ir &#8220;p\u012bt\u0101 grozi\u0146a&#8221; z\u012bm\u0113juma efekts, bet melnajai iz\u0161\u016bts z\u012bm\u0113jums. Siksnas iek\u0161puse ir polster\u0113ta ar m\u012bkstu \u0101du un termo elast\u012bgaj\u0101m put\u0101m, zirga komfortam. Polster\u0113jums nedaudz p\u0101rkl\u0101jas, lai nov\u0113rstu berzi.<\/p>\n<p>\u0160o \u0101das kr\u016b\u0161u siksnu var viegli uzst\u0101d\u012bt jebkuriem segliem, jo \u200b\u200btai ir divi stiprin\u0101juma veidi. Stiprin\u0101\u0161anai iesp\u0113jams izmantot vai nu divas \u0101das siksnas vai divas 2 karab\u012bnes.<\/p>\n<p>Siksnas galvenie plusi:<\/p>\n<ul>\n<li>Super-m\u012bksts polster\u0113jums ar termo elast\u012bg\u0101m put\u0101m<\/li>\n<li>Apdare: roku darbs vai iz\u0161uvumi<\/li>\n<li>Viegli stiprin\u0101ma, pateicoties \u0101das siksn\u0101m un spr\u0101dz\u0113m<\/li>\n<\/ul>\n","protected":false},"excerpt":{"rendered":"<ul>\n<li>Kr\u016b\u0161u siksna izgatavota no augstas kvalit\u0101tes \u0101das<\/li>\n<li>Viegli stiprin\u0101s pie segliem<\/li>\n<li>\u013boti m\u012bksts polster\u0113jums<\/li>\n<li>Pieejamas tr\u012bs kr\u0101s\u0101s<\/li>\n<\/ul>\n","protected":false},"featured_media":969,"template":"","meta":[],"product_brand":[],"product_cat":[874],"product_tag":[851,837],"class_list":{"0":"post-5408","1":"product","2":"type-product","3":"status-publish","4":"has-post-thumbnail","6":"product_cat-seglu-piederumi","7":"product_tag-ada","8":"product_tag-ipasi-erti","9":"product_shipping_class-paku-stacija","10":"pa_colour-bruns","11":"pa_colour-gaiss","12":"pa_colour-melns","14":"first","15":"instock","16":"shipping-taxable","17":"purchasable","18":"product-type-variable"},"_links":{"self":[{"href":"https:\/\/www.barefoot-baltics.ee\/lv\/wp-json\/wp\/v2\/product\/5408","targetHints":{"allow":["GET"]}}],"collection":[{"href":"https:\/\/www.barefoot-baltics.ee\/lv\/wp-json\/wp\/v2\/product"}],"about":[{"href":"https:\/\/www.barefoot-baltics.ee\/lv\/wp-json\/wp\/v2\/types\/product"}],"wp:featuredmedia":[{"embeddable":true,"href":"https:\/\/www.barefoot-baltics.ee\/lv\/wp-json\/wp\/v2\/media\/969"}],"wp:attachment":[{"href":"https:\/\/www.barefoot-baltics.ee\/lv\/wp-json\/wp\/v2\/media?parent=5408"}],"wp:term":[{"taxonomy":"product_brand","embeddable":true,"href":"https:\/\/www.barefoot-baltics.ee\/lv\/wp-json\/wp\/v2\/product_brand?post=5408"},{"taxonomy":"product_cat","embeddable":true,"href":"https:\/\/www.barefoot-baltics.ee\/lv\/wp-json\/wp\/v2\/product_cat?post=5408"},{"taxonomy":"product_tag","embeddable":true,"href":"https:\/\/www.barefoot-baltics.ee\/lv\/wp-json\/wp\/v2\/product_tag?post=5408"}],"curies":[{"name":"wp","href":"https:\/\/api.w.org\/{rel}","templated":true}]}}